{"id":978,"date":"2025-11-04T11:12:38","date_gmt":"2025-11-04T10:12:38","guid":{"rendered":"https:\/\/licences.grenoble.cnrs.fr\/wordpress\/?page_id=978"},"modified":"2025-11-04T11:12:39","modified_gmt":"2025-11-04T10:12:39","slug":"installation-labview-pour-windows","status":"publish","type":"page","link":"https:\/\/licences.grenoble.cnrs.fr\/wordpress\/?page_id=978","title":{"rendered":"Installation Labview pour WINDOWS."},"content":{"rendered":"\n<ul class=\"wp-block-list\">\n<li class=\"sommaire has-ast-global-color-4-color has-cyan-bluish-gray-background-color has-text-color has-background has-link-color wp-elements-ade8bccdf65d6bfbbce93ced5972d306\"><strong><a href=\"#Labviewwin\" data-type=\"internal\" data-id=\"#Labviewwin\">Labview pour Windows <\/a><\/strong>\n<ul class=\"wp-block-list\">\n<li><a href=\"#LabviewPrerequis\" data-type=\"internal\" data-id=\"#Descriptionmat\u00e9riel\">Pr\u00e9-requis<\/a><\/li>\n\n\n\n<li><a href=\"#LabviewPaquets\" data-type=\"internal\" data-id=\"#configurationmatos\">Gestionnaire paquets<\/a><\/li>\n\n\n\n<li><a href=\"#LabviewAPP\">Choix applications<\/a><\/li>\n\n\n\n<li><a href=\"#Labviewinstallation\" data-type=\"internal\" data-id=\"#installservices\">Installation Labview<\/a><\/li>\n\n\n\n<li><a href=\"#Labviewactivation\">Activation Licence<\/a><\/li>\n\n\n\n<li><a href=\"#LabviewLancement\">Lancement de Labview<\/a><\/li>\n\n\n\n<li><a href=\"#Labviewdeconnect\u00e9e\">Demande licence deconnect\u00e9<\/a><\/li>\n<\/ul>\n<\/li>\n<\/ul>\n\n\n\n<p id=\"Labviewwin\"><img loading=\"lazy\" decoding=\"async\" width=\"150\" height=\"31\" class=\"wp-image-57\" style=\"width: 150px;\" src=\"https:\/\/licences.grenoble.cnrs.fr\/wordpress\/wp-content\/uploads\/2025\/04\/toppng.com-lv-labview-logo-1000x207-1.png\" alt=\"\"> <img loading=\"lazy\" decoding=\"async\" width=\"70\" height=\"62\" class=\"wp-image-59\" style=\"width: 70px;\" src=\"https:\/\/licences.grenoble.cnrs.fr\/wordpress\/wp-content\/uploads\/2025\/04\/logowindows.png\" alt=\"\"><br><strong>Date de mise \u00e0 jour : 09-10-2025 &#8211;&gt; Julien MICHEL<\/strong><br><br><strong><mark style=\"background-color:#abb8c3\" class=\"has-inline-color has-ast-global-color-8-color\">Installation de Labview Version XXXXX pour WINDOWS <\/mark><\/strong><br><\/p>\n\n\n\n<p id=\"LabviewPrerequis\"><strong><em>Pr\u00e9-requis : <\/em><\/strong>(dans la section <a href=\"https:\/\/licences.grenoble.cnrs.fr\/wordpress\/?page_id=83\" data-type=\"page\" data-id=\"83\">T\u00e9l\u00e9chargement<\/a>) <br>&#8211; T\u00e9l\u00e9charger la version de Labview <br><\/p>\n\n\n\n<p id=\"LabviewPaquets\"><strong>Ex\u00e9cutez l&rsquo;installer windows: <\/strong><br><br><img loading=\"lazy\" decoding=\"async\" width=\"500\" height=\"75\" class=\"wp-image-776\" style=\"width: 500px;\" src=\"https:\/\/licences.grenoble.cnrs.fr\/wordpress\/wp-content\/uploads\/2025\/10\/labview01.png\" alt=\"\" srcset=\"https:\/\/licences.grenoble.cnrs.fr\/wordpress\/wp-content\/uploads\/2025\/10\/labview01.png 722w, https:\/\/licences.grenoble.cnrs.fr\/wordpress\/wp-content\/uploads\/2025\/10\/labview01-300x45.png 300w\" sizes=\"auto, (max-width: 500px) 100vw, 500px\" \/> <br><br><strong>Suivez les instructions d&rsquo;installation du gestionnaire de paquets: <\/strong><br><br><img loading=\"lazy\" decoding=\"async\" width=\"500\" height=\"358\" class=\"wp-image-777\" style=\"width: 500px;\" src=\"https:\/\/licences.grenoble.cnrs.fr\/wordpress\/wp-content\/uploads\/2025\/10\/labview02.png\" alt=\"\" srcset=\"https:\/\/licences.grenoble.cnrs.fr\/wordpress\/wp-content\/uploads\/2025\/10\/labview02.png 425w, https:\/\/licences.grenoble.cnrs.fr\/wordpress\/wp-content\/uploads\/2025\/10\/labview02-300x215.png 300w\" sizes=\"auto, (max-width: 500px) 100vw, 500px\" \/> <img loading=\"lazy\" decoding=\"async\" width=\"500\" height=\"351\" class=\"wp-image-778\" style=\"width: 500px;\" src=\"https:\/\/licences.grenoble.cnrs.fr\/wordpress\/wp-content\/uploads\/2025\/10\/labview03.png\" alt=\"\" srcset=\"https:\/\/licences.grenoble.cnrs.fr\/wordpress\/wp-content\/uploads\/2025\/10\/labview03.png 424w, https:\/\/licences.grenoble.cnrs.fr\/wordpress\/wp-content\/uploads\/2025\/10\/labview03-300x211.png 300w\" sizes=\"auto, (max-width: 500px) 100vw, 500px\" \/> <img loading=\"lazy\" decoding=\"async\" width=\"500\" height=\"350\" class=\"wp-image-779\" style=\"width: 500px;\" src=\"https:\/\/licences.grenoble.cnrs.fr\/wordpress\/wp-content\/uploads\/2025\/10\/labview04.png\" alt=\"\" srcset=\"https:\/\/licences.grenoble.cnrs.fr\/wordpress\/wp-content\/uploads\/2025\/10\/labview04.png 422w, https:\/\/licences.grenoble.cnrs.fr\/wordpress\/wp-content\/uploads\/2025\/10\/labview04-300x210.png 300w\" sizes=\"auto, (max-width: 500px) 100vw, 500px\" \/> <img loading=\"lazy\" decoding=\"async\" width=\"500\" height=\"357\" class=\"wp-image-780\" style=\"width: 500px;\" src=\"https:\/\/licences.grenoble.cnrs.fr\/wordpress\/wp-content\/uploads\/2025\/10\/labview05.png\" alt=\"\" srcset=\"https:\/\/licences.grenoble.cnrs.fr\/wordpress\/wp-content\/uploads\/2025\/10\/labview05.png 408w, https:\/\/licences.grenoble.cnrs.fr\/wordpress\/wp-content\/uploads\/2025\/10\/labview05-300x214.png 300w\" sizes=\"auto, (max-width: 500px) 100vw, 500px\" \/><br><br><\/p>\n\n\n\n<p id=\"LabviewAPP\"><strong>Choisir les applications: <\/strong><br><br><img loading=\"lazy\" decoding=\"async\" width=\"500\" height=\"352\" class=\"wp-image-781\" style=\"width: 500px;\" src=\"https:\/\/licences.grenoble.cnrs.fr\/wordpress\/wp-content\/uploads\/2025\/10\/labview06.png\" alt=\"\" srcset=\"https:\/\/licences.grenoble.cnrs.fr\/wordpress\/wp-content\/uploads\/2025\/10\/labview06.png 775w, https:\/\/licences.grenoble.cnrs.fr\/wordpress\/wp-content\/uploads\/2025\/10\/labview06-300x211.png 300w, https:\/\/licences.grenoble.cnrs.fr\/wordpress\/wp-content\/uploads\/2025\/10\/labview06-768x540.png 768w\" sizes=\"auto, (max-width: 500px) 100vw, 500px\" \/> <img loading=\"lazy\" decoding=\"async\" width=\"500\" height=\"336\" class=\"wp-image-782\" style=\"width: 500px;\" src=\"https:\/\/licences.grenoble.cnrs.fr\/wordpress\/wp-content\/uploads\/2025\/10\/labview07.png\" alt=\"\" srcset=\"https:\/\/licences.grenoble.cnrs.fr\/wordpress\/wp-content\/uploads\/2025\/10\/labview07.png 794w, https:\/\/licences.grenoble.cnrs.fr\/wordpress\/wp-content\/uploads\/2025\/10\/labview07-300x201.png 300w, https:\/\/licences.grenoble.cnrs.fr\/wordpress\/wp-content\/uploads\/2025\/10\/labview07-768x516.png 768w\" sizes=\"auto, (max-width: 500px) 100vw, 500px\" \/><br><br><\/p>\n\n\n\n<p id=\"Labviewinstallation\"><strong>Lancement de l&rsquo;installation de labview:<\/strong><br><img loading=\"lazy\" decoding=\"async\" width=\"500\" height=\"347\" class=\"wp-image-783\" style=\"width: 500px;\" src=\"https:\/\/licences.grenoble.cnrs.fr\/wordpress\/wp-content\/uploads\/2025\/10\/labview08.png\" alt=\"\" srcset=\"https:\/\/licences.grenoble.cnrs.fr\/wordpress\/wp-content\/uploads\/2025\/10\/labview08.png 427w, https:\/\/licences.grenoble.cnrs.fr\/wordpress\/wp-content\/uploads\/2025\/10\/labview08-300x208.png 300w\" sizes=\"auto, (max-width: 500px) 100vw, 500px\" \/> <img loading=\"lazy\" decoding=\"async\" width=\"500\" height=\"343\" class=\"wp-image-785\" style=\"width: 500px;\" src=\"https:\/\/licences.grenoble.cnrs.fr\/wordpress\/wp-content\/uploads\/2025\/10\/labview10.png\" alt=\"\" srcset=\"https:\/\/licences.grenoble.cnrs.fr\/wordpress\/wp-content\/uploads\/2025\/10\/labview10.png 420w, https:\/\/licences.grenoble.cnrs.fr\/wordpress\/wp-content\/uploads\/2025\/10\/labview10-300x206.png 300w\" sizes=\"auto, (max-width: 500px) 100vw, 500px\" \/> <img loading=\"lazy\" decoding=\"async\" width=\"500\" height=\"350\" class=\"wp-image-786\" style=\"width: 500px;\" src=\"https:\/\/licences.grenoble.cnrs.fr\/wordpress\/wp-content\/uploads\/2025\/10\/labview11.png\" alt=\"\" srcset=\"https:\/\/licences.grenoble.cnrs.fr\/wordpress\/wp-content\/uploads\/2025\/10\/labview11.png 441w, https:\/\/licences.grenoble.cnrs.fr\/wordpress\/wp-content\/uploads\/2025\/10\/labview11-300x210.png 300w\" sizes=\"auto, (max-width: 500px) 100vw, 500px\" \/> <img loading=\"lazy\" decoding=\"async\" width=\"500\" height=\"348\" class=\"wp-image-787\" style=\"width: 500px;\" src=\"https:\/\/licences.grenoble.cnrs.fr\/wordpress\/wp-content\/uploads\/2025\/10\/labview12.png\" alt=\"\" srcset=\"https:\/\/licences.grenoble.cnrs.fr\/wordpress\/wp-content\/uploads\/2025\/10\/labview12.png 422w, https:\/\/licences.grenoble.cnrs.fr\/wordpress\/wp-content\/uploads\/2025\/10\/labview12-300x209.png 300w\" sizes=\"auto, (max-width: 500px) 100vw, 500px\" \/><br><br><strong>Service de mise \u00e0 jour:<\/strong><br><img loading=\"lazy\" decoding=\"async\" width=\"500\" height=\"115\" class=\"wp-image-788\" style=\"width: 500px;\" src=\"https:\/\/licences.grenoble.cnrs.fr\/wordpress\/wp-content\/uploads\/2025\/10\/labview13.png\" alt=\"\" srcset=\"https:\/\/licences.grenoble.cnrs.fr\/wordpress\/wp-content\/uploads\/2025\/10\/labview13.png 866w, https:\/\/licences.grenoble.cnrs.fr\/wordpress\/wp-content\/uploads\/2025\/10\/labview13-300x69.png 300w, https:\/\/licences.grenoble.cnrs.fr\/wordpress\/wp-content\/uploads\/2025\/10\/labview13-768x177.png 768w\" sizes=\"auto, (max-width: 500px) 100vw, 500px\" \/>. <img loading=\"lazy\" decoding=\"async\" width=\"500\" height=\"269\" class=\"wp-image-789\" style=\"width: 500px;\" src=\"https:\/\/licences.grenoble.cnrs.fr\/wordpress\/wp-content\/uploads\/2025\/10\/labview14.png\" alt=\"\" srcset=\"https:\/\/licences.grenoble.cnrs.fr\/wordpress\/wp-content\/uploads\/2025\/10\/labview14.png 581w, https:\/\/licences.grenoble.cnrs.fr\/wordpress\/wp-content\/uploads\/2025\/10\/labview14-300x162.png 300w\" sizes=\"auto, (max-width: 500px) 100vw, 500px\" \/><br><br><\/p>\n\n\n\n<p id=\"Labviewactivation\"><strong>Activation de la licence:<\/strong><br><img loading=\"lazy\" decoding=\"async\" width=\"500\" height=\"313\" class=\"wp-image-790\" style=\"width: 500px;\" src=\"https:\/\/licences.grenoble.cnrs.fr\/wordpress\/wp-content\/uploads\/2025\/10\/labview15.png\" alt=\"\" srcset=\"https:\/\/licences.grenoble.cnrs.fr\/wordpress\/wp-content\/uploads\/2025\/10\/labview15.png 643w, https:\/\/licences.grenoble.cnrs.fr\/wordpress\/wp-content\/uploads\/2025\/10\/labview15-300x188.png 300w\" sizes=\"auto, (max-width: 500px) 100vw, 500px\" \/> <img loading=\"lazy\" decoding=\"async\" width=\"500\" height=\"348\" class=\"wp-image-791\" style=\"width: 500px;\" src=\"https:\/\/licences.grenoble.cnrs.fr\/wordpress\/wp-content\/uploads\/2025\/10\/labview16.png\" alt=\"\" srcset=\"https:\/\/licences.grenoble.cnrs.fr\/wordpress\/wp-content\/uploads\/2025\/10\/labview16.png 798w, https:\/\/licences.grenoble.cnrs.fr\/wordpress\/wp-content\/uploads\/2025\/10\/labview16-300x209.png 300w, https:\/\/licences.grenoble.cnrs.fr\/wordpress\/wp-content\/uploads\/2025\/10\/labview16-768x535.png 768w\" sizes=\"auto, (max-width: 500px) 100vw, 500px\" \/> <img loading=\"lazy\" decoding=\"async\" width=\"500\" height=\"348\" class=\"wp-image-791\" style=\"width: 500px;\" src=\"https:\/\/licences.grenoble.cnrs.fr\/wordpress\/wp-content\/uploads\/2025\/10\/labview16.png\" alt=\"\" srcset=\"https:\/\/licences.grenoble.cnrs.fr\/wordpress\/wp-content\/uploads\/2025\/10\/labview16.png 798w, https:\/\/licences.grenoble.cnrs.fr\/wordpress\/wp-content\/uploads\/2025\/10\/labview16-300x209.png 300w, https:\/\/licences.grenoble.cnrs.fr\/wordpress\/wp-content\/uploads\/2025\/10\/labview16-768x535.png 768w\" sizes=\"auto, (max-width: 500px) 100vw, 500px\" \/><br><br><strong>Connexion au serveur de licences : <\/strong><br>Ex\u00e9cutez le NI Gestionnaire de licences, choisisir \u00ab\u00a0Licences r\u00e9seau\u00a0\u00bb : <strong>licences.grenoble.cnrs.fr:27000<\/strong><br> <img loading=\"lazy\" decoding=\"async\" width=\"300\" height=\"418\" class=\"wp-image-793\" style=\"width: 300px;\" src=\"https:\/\/licences.grenoble.cnrs.fr\/wordpress\/wp-content\/uploads\/2025\/10\/labview18.png\" alt=\"\" srcset=\"https:\/\/licences.grenoble.cnrs.fr\/wordpress\/wp-content\/uploads\/2025\/10\/labview18.png 542w, https:\/\/licences.grenoble.cnrs.fr\/wordpress\/wp-content\/uploads\/2025\/10\/labview18-215x300.png 215w\" sizes=\"auto, (max-width: 300px) 100vw, 300px\" \/> <img loading=\"lazy\" decoding=\"async\" width=\"500\" height=\"219\" class=\"wp-image-794\" style=\"width: 500px;\" src=\"https:\/\/licences.grenoble.cnrs.fr\/wordpress\/wp-content\/uploads\/2025\/10\/labview19.png\" alt=\"\" srcset=\"https:\/\/licences.grenoble.cnrs.fr\/wordpress\/wp-content\/uploads\/2025\/10\/labview19.png 910w, https:\/\/licences.grenoble.cnrs.fr\/wordpress\/wp-content\/uploads\/2025\/10\/labview19-300x132.png 300w, https:\/\/licences.grenoble.cnrs.fr\/wordpress\/wp-content\/uploads\/2025\/10\/labview19-768x337.png 768w\" sizes=\"auto, (max-width: 500px) 100vw, 500px\" \/> <img loading=\"lazy\" decoding=\"async\" width=\"500\" height=\"169\" class=\"wp-image-795\" style=\"width: 500px;\" src=\"https:\/\/licences.grenoble.cnrs.fr\/wordpress\/wp-content\/uploads\/2025\/10\/labview20.png\" alt=\"\" srcset=\"https:\/\/licences.grenoble.cnrs.fr\/wordpress\/wp-content\/uploads\/2025\/10\/labview20.png 515w, https:\/\/licences.grenoble.cnrs.fr\/wordpress\/wp-content\/uploads\/2025\/10\/labview20-300x101.png 300w\" sizes=\"auto, (max-width: 500px) 100vw, 500px\" \/> <img loading=\"lazy\" decoding=\"async\" width=\"500\" height=\"327\" class=\"wp-image-796\" style=\"width: 500px;\" src=\"https:\/\/licences.grenoble.cnrs.fr\/wordpress\/wp-content\/uploads\/2025\/10\/labview21.png\" alt=\"\" srcset=\"https:\/\/licences.grenoble.cnrs.fr\/wordpress\/wp-content\/uploads\/2025\/10\/labview21.png 1339w, https:\/\/licences.grenoble.cnrs.fr\/wordpress\/wp-content\/uploads\/2025\/10\/labview21-300x196.png 300w, https:\/\/licences.grenoble.cnrs.fr\/wordpress\/wp-content\/uploads\/2025\/10\/labview21-1024x671.png 1024w, https:\/\/licences.grenoble.cnrs.fr\/wordpress\/wp-content\/uploads\/2025\/10\/labview21-768x503.png 768w\" sizes=\"auto, (max-width: 500px) 100vw, 500px\" \/><br><\/p>\n\n\n\n<p id=\"LabviewLancement\"><strong>Votre logiciel est Activ\u00e9, vous pouvez lancer Labview :<\/strong><br><img loading=\"lazy\" decoding=\"async\" width=\"300\" height=\"72\" class=\"wp-image-797\" style=\"width: 300px;\" src=\"https:\/\/licences.grenoble.cnrs.fr\/wordpress\/wp-content\/uploads\/2025\/10\/Labview22.png\" alt=\"\" srcset=\"https:\/\/licences.grenoble.cnrs.fr\/wordpress\/wp-content\/uploads\/2025\/10\/Labview22.png 345w, https:\/\/licences.grenoble.cnrs.fr\/wordpress\/wp-content\/uploads\/2025\/10\/Labview22-300x72.png 300w\" sizes=\"auto, (max-width: 300px) 100vw, 300px\" \/><\/p>\n\n\n\n<p id=\"Labviewdeconnect\u00e9e\"><strong>Demander une licence d\u00e9connect\u00e9e:<\/strong><br><br>Si votre manip n\u00a0\u00bbest pas connect\u00e9 au r\u00e9seau , vous pouvez demander une licence d\u00e9connect\u00e9e : <br>Lancez Le gestionnaire de licences NI : \u00ab\u00a0Information sur l&rsquo;ordinateur\u00a0\u00bb<br><img loading=\"lazy\" decoding=\"async\" width=\"300\" height=\"418\" class=\"wp-image-793\" style=\"width: 300px;\" src=\"https:\/\/licences.grenoble.cnrs.fr\/wordpress\/wp-content\/uploads\/2025\/10\/labview18.png\" alt=\"\" srcset=\"https:\/\/licences.grenoble.cnrs.fr\/wordpress\/wp-content\/uploads\/2025\/10\/labview18.png 542w, https:\/\/licences.grenoble.cnrs.fr\/wordpress\/wp-content\/uploads\/2025\/10\/labview18-215x300.png 215w\" sizes=\"auto, (max-width: 300px) 100vw, 300px\" \/> <img loading=\"lazy\" decoding=\"async\" width=\"500\" height=\"345\" class=\"wp-image-815\" style=\"width: 500px;\" src=\"https:\/\/licences.grenoble.cnrs.fr\/wordpress\/wp-content\/uploads\/2025\/10\/Capture-de\u0301cran-2025-10-09-a\u0300-14.59.40.png\" alt=\"\" srcset=\"https:\/\/licences.grenoble.cnrs.fr\/wordpress\/wp-content\/uploads\/2025\/10\/Capture-de\u0301cran-2025-10-09-a\u0300-14.59.40.png 697w, https:\/\/licences.grenoble.cnrs.fr\/wordpress\/wp-content\/uploads\/2025\/10\/Capture-de\u0301cran-2025-10-09-a\u0300-14.59.40-300x207.png 300w\" sizes=\"auto, (max-width: 500px) 100vw, 500px\" \/><br><strong>Envoyez votre ID d&rsquo;ordinateur \u00e0 votre service Informatique<\/strong><\/p>\n","protected":false},"excerpt":{"rendered":"<p>Date de mise \u00e0 jour : 09-10-2025 &#8211;&gt; Julien MICHELInstallation de Labview Version XXXXX pour WINDOWS Pr\u00e9-requis : (dans la [&hellip;]<\/p>\n","protected":false},"author":1,"featured_media":0,"parent":0,"menu_order":0,"comment_status":"closed","ping_status":"closed","template":"","meta":{"site-sidebar-layout":"default","site-content-layout":"","ast-site-content-layout":"default","site-content-style":"default","site-sidebar-style":"default","ast-global-header-display":"","ast-banner-title-visibility":"","ast-main-header-display":"","ast-hfb-above-header-display":"","ast-hfb-below-header-display":"","ast-hfb-mobile-header-display":"","site-post-title":"","ast-breadcrumbs-content":"","ast-featured-img":"","footer-sml-layout":"","theme-transparent-header-meta":"","adv-header-id-meta":"","stick-header-meta":"","header-above-stick-meta":"","header-main-stick-meta":"","header-below-stick-meta":"","astra-migrate-meta-layouts":"default","ast-page-background-enabled":"default","ast-page-background-meta":{"desktop":{"background-color":"var(--ast-global-color-5)","background-image":"","background-repeat":"repeat","background-position":"center center","background-size":"auto","background-attachment":"scroll","background-type":"","background-media":"","overlay-type":"","overlay-color":"","overlay-opacity":"","overlay-gradient":""},"tablet":{"background-color":"","background-image":"","background-repeat":"repeat","background-position":"center center","background-size":"auto","background-attachment":"scroll","background-type":"","background-media":"","overlay-type":"","overlay-color":"","overlay-opacity":"","overlay-gradient":""},"mobile":{"background-color":"","background-image":"","background-repeat":"repeat","background-position":"center center","background-size":"auto","background-attachment":"scroll","background-type":"","background-media":"","overlay-type":"","overlay-color":"","overlay-opacity":"","overlay-gradient":""}},"ast-content-background-meta":{"desktop":{"background-color":"var(--ast-global-color-4)","background-image":"","background-repeat":"repeat","background-position":"center center","background-size":"auto","background-attachment":"scroll","background-type":"","background-media":"","overlay-type":"","overlay-color":"","overlay-opacity":"","overlay-gradient":""},"tablet":{"background-color":"var(--ast-global-color-4)","background-image":"","background-repeat":"repeat","background-position":"center center","background-size":"auto","background-attachment":"scroll","background-type":"","background-media":"","overlay-type":"","overlay-color":"","overlay-opacity":"","overlay-gradient":""},"mobile":{"background-color":"var(--ast-global-color-4)","background-image":"","background-repeat":"repeat","background-position":"center center","background-size":"auto","background-attachment":"scroll","background-type":"","background-media":"","overlay-type":"","overlay-color":"","overlay-opacity":"","overlay-gradient":""}},"footnotes":""},"class_list":["post-978","page","type-page","status-publish","hentry"],"_links":{"self":[{"href":"https:\/\/licences.grenoble.cnrs.fr\/wordpress\/index.php?rest_route=\/wp\/v2\/pages\/978","targetHints":{"allow":["GET"]}}],"collection":[{"href":"https:\/\/licences.grenoble.cnrs.fr\/wordpress\/index.php?rest_route=\/wp\/v2\/pages"}],"about":[{"href":"https:\/\/licences.grenoble.cnrs.fr\/wordpress\/index.php?rest_route=\/wp\/v2\/types\/page"}],"author":[{"embeddable":true,"href":"https:\/\/licences.grenoble.cnrs.fr\/wordpress\/index.php?rest_route=\/wp\/v2\/users\/1"}],"replies":[{"embeddable":true,"href":"https:\/\/licences.grenoble.cnrs.fr\/wordpress\/index.php?rest_route=%2Fwp%2Fv2%2Fcomments&post=978"}],"version-history":[{"count":1,"href":"https:\/\/licences.grenoble.cnrs.fr\/wordpress\/index.php?rest_route=\/wp\/v2\/pages\/978\/revisions"}],"predecessor-version":[{"id":1011,"href":"https:\/\/licences.grenoble.cnrs.fr\/wordpress\/index.php?rest_route=\/wp\/v2\/pages\/978\/revisions\/1011"}],"wp:attachment":[{"href":"https:\/\/licences.grenoble.cnrs.fr\/wordpress\/index.php?rest_route=%2Fwp%2Fv2%2Fmedia&parent=978"}],"curies":[{"name":"wp","href":"https:\/\/api.w.org\/{rel}","templated":true}]}}