{"id":91,"date":"2025-04-02T09:48:54","date_gmt":"2025-04-02T07:48:54","guid":{"rendered":"https:\/\/srv-licence2.grenoble.cnrs.fr\/wordpress\/?page_id=91"},"modified":"2025-10-21T10:46:16","modified_gmt":"2025-10-21T08:46:16","slug":"contact","status":"publish","type":"page","link":"https:\/\/licences.grenoble.cnrs.fr\/wordpress\/?page_id=91","title":{"rendered":"Nous Contacter"},"content":{"rendered":"\n<figure class=\"wp-block-table\"><table class=\"has-fixed-layout\"><tbody><tr><td>En cas de probl\u00e8me technique, merci de contacter vos correspondants informaticiens de laboratoire. Ils sauront vous d\u00e9panner rapidement.<\/td><\/tr><\/tbody><\/table><\/figure>\n\n\n\n<p><\/p>\n\n\n\n<figure class=\"wp-block-table\"><table class=\"has-fixed-layout\"><tbody><tr><td class=\"has-text-align-center\" data-align=\"center\"><strong>Laboratoire<\/strong><\/td><td class=\"has-text-align-center\" data-align=\"center\"><strong>Contact<\/strong><\/td><td class=\"has-text-align-center\" data-align=\"center\"><strong>Coordonn\u00e9es<\/strong><\/td><\/tr><tr><td class=\"has-text-align-center\" data-align=\"center\"><img loading=\"lazy\" decoding=\"async\" width=\"150\" height=\"78\" class=\"wp-image-165\" style=\"width: 150px;\" src=\"https:\/\/licences.grenoble.cnrs.fr\/wordpress\/wp-content\/uploads\/2025\/04\/neel.png\" alt=\"\" srcset=\"https:\/\/licences.grenoble.cnrs.fr\/wordpress\/wp-content\/uploads\/2025\/04\/neel.png 742w, https:\/\/licences.grenoble.cnrs.fr\/wordpress\/wp-content\/uploads\/2025\/04\/neel-300x155.png 300w\" sizes=\"auto, (max-width: 150px) 100vw, 150px\" \/><\/td><td class=\"has-text-align-center\" data-align=\"center\"><strong>Bernard MAIRE-AMIOT  <\/strong><\/td><td class=\"has-text-align-center\" data-align=\"center\"><span class=\"wp-rich-text-font-awesome-icon wp-font-awesome-icon\"><svg aria-hidden=\"true\" focusable=\"false\" data-prefix=\"fas\" data-icon=\"phone\" class=\"svg-inline--fa fa-phone \" role=\"img\" xmlns=\"http:\/\/www.w3.org\/2000\/svg\" viewBox=\"0 0 512 512\"><path fill=\"currentColor\" d=\"M164.9 24.6c-7.7-18.6-28-28.5-47.4-23.2l-88 24C12.1 30.2 0 46 0 64C0 311.4 200.6 512 448 512c18 0 33.8-12.1 38.6-29.5l24-88c5.3-19.4-4.6-39.7-23.2-47.4l-96-40c-16.3-6.8-35.2-2.1-46.3 11.6L304.7 368C234.3 334.7 177.3 277.7 144 207.3L193.3 167c13.7-11.2 18.4-30 11.6-46.3l-40-96z\"><\/path><\/svg><\/span>  04 76 88 10 17<br><span class=\"wp-rich-text-font-awesome-icon wp-font-awesome-icon\"><svg aria-hidden=\"true\" focusable=\"false\" data-prefix=\"fas\" data-icon=\"envelope-open-text\" class=\"svg-inline--fa fa-envelope-open-text \" role=\"img\" xmlns=\"http:\/\/www.w3.org\/2000\/svg\" viewBox=\"0 0 512 512\"><path fill=\"currentColor\" d=\"M215.4 96L144 96l-36.2 0L96 96l0 8.8L96 144l0 40.4 0 89L.2 202.5c1.6-18.1 10.9-34.9 25.7-45.8L48 140.3 48 96c0-26.5 21.5-48 48-48l76.6 0 49.9-36.9C232.2 3.9 243.9 0 256 0s23.8 3.9 33.5 11L339.4 48 416 48c26.5 0 48 21.5 48 48l0 44.3 22.1 16.4c14.8 10.9 24.1 27.7 25.7 45.8L416 273.4l0-89 0-40.4 0-39.2 0-8.8-11.8 0L368 96l-71.4 0-81.3 0zM0 448L0 242.1 217.6 403.3c11.1 8.2 24.6 12.7 38.4 12.7s27.3-4.4 38.4-12.7L512 242.1 512 448s0 0 0 0c0 35.3-28.7 64-64 64L64 512c-35.3 0-64-28.7-64-64c0 0 0 0 0 0zM176 160l160 0c8.8 0 16 7.2 16 16s-7.2 16-16 16l-160 0c-8.8 0-16-7.2-16-16s7.2-16 16-16zm0 64l160 0c8.8 0 16 7.2 16 16s-7.2 16-16 16l-160 0c-8.8 0-16-7.2-16-16s7.2-16 16-16z\"><\/path><\/svg><\/span> bernard.maire-amiot [at] neel.cnrs.fr<\/td><\/tr><tr><td class=\"has-text-align-center\" data-align=\"center\"><img loading=\"lazy\" decoding=\"async\" width=\"150\" height=\"110\" class=\"wp-image-162\" style=\"width: 150px;\" src=\"https:\/\/licences.grenoble.cnrs.fr\/wordpress\/wp-content\/uploads\/2025\/04\/g2elb.png\" alt=\"\" srcset=\"https:\/\/licences.grenoble.cnrs.fr\/wordpress\/wp-content\/uploads\/2025\/04\/g2elb.png 673w, https:\/\/licences.grenoble.cnrs.fr\/wordpress\/wp-content\/uploads\/2025\/04\/g2elb-300x220.png 300w\" sizes=\"auto, (max-width: 150px) 100vw, 150px\" \/><\/td><td class=\"has-text-align-center\" data-align=\"center\"><strong>Corine MARCON<\/strong><\/td><td class=\"has-text-align-center\" data-align=\"center\"><span class=\"wp-rich-text-font-awesome-icon wp-font-awesome-icon\"><svg aria-hidden=\"true\" focusable=\"false\" data-prefix=\"fas\" data-icon=\"phone\" class=\"svg-inline--fa fa-phone \" role=\"img\" xmlns=\"http:\/\/www.w3.org\/2000\/svg\" viewBox=\"0 0 512 512\"><path fill=\"currentColor\" d=\"M164.9 24.6c-7.7-18.6-28-28.5-47.4-23.2l-88 24C12.1 30.2 0 46 0 64C0 311.4 200.6 512 448 512c18 0 33.8-12.1 38.6-29.5l24-88c5.3-19.4-4.6-39.7-23.2-47.4l-96-40c-16.3-6.8-35.2-2.1-46.3 11.6L304.7 368C234.3 334.7 177.3 277.7 144 207.3L193.3 167c13.7-11.2 18.4-30 11.6-46.3l-40-96z\"><\/path><\/svg><\/span>  04 76 82 64 52<br><span class=\"wp-rich-text-font-awesome-icon wp-font-awesome-icon\"><svg aria-hidden=\"true\" focusable=\"false\" data-prefix=\"fas\" data-icon=\"envelope-open-text\" class=\"svg-inline--fa fa-envelope-open-text \" role=\"img\" xmlns=\"http:\/\/www.w3.org\/2000\/svg\" viewBox=\"0 0 512 512\"><path fill=\"currentColor\" d=\"M215.4 96L144 96l-36.2 0L96 96l0 8.8L96 144l0 40.4 0 89L.2 202.5c1.6-18.1 10.9-34.9 25.7-45.8L48 140.3 48 96c0-26.5 21.5-48 48-48l76.6 0 49.9-36.9C232.2 3.9 243.9 0 256 0s23.8 3.9 33.5 11L339.4 48 416 48c26.5 0 48 21.5 48 48l0 44.3 22.1 16.4c14.8 10.9 24.1 27.7 25.7 45.8L416 273.4l0-89 0-40.4 0-39.2 0-8.8-11.8 0L368 96l-71.4 0-81.3 0zM0 448L0 242.1 217.6 403.3c11.1 8.2 24.6 12.7 38.4 12.7s27.3-4.4 38.4-12.7L512 242.1 512 448s0 0 0 0c0 35.3-28.7 64-64 64L64 512c-35.3 0-64-28.7-64-64c0 0 0 0 0 0zM176 160l160 0c8.8 0 16 7.2 16 16s-7.2 16-16 16l-160 0c-8.8 0-16-7.2-16-16s7.2-16 16-16zm0 64l160 0c8.8 0 16 7.2 16 16s-7.2 16-16 16l-160 0c-8.8 0-16-7.2-16-16s7.2-16 16-16z\"><\/path><\/svg><\/span>  corine.marcon [at] grenoble-inp.fr<\/td><\/tr><tr><td class=\"has-text-align-center\" data-align=\"center\"><img loading=\"lazy\" decoding=\"async\" width=\"120\" height=\"116\" class=\"wp-image-163\" style=\"width: 120px;\" src=\"https:\/\/licences.grenoble.cnrs.fr\/wordpress\/wp-content\/uploads\/2025\/04\/lncmim.png\" alt=\"\" srcset=\"https:\/\/licences.grenoble.cnrs.fr\/wordpress\/wp-content\/uploads\/2025\/04\/lncmim.png 560w, https:\/\/licences.grenoble.cnrs.fr\/wordpress\/wp-content\/uploads\/2025\/04\/lncmim-300x290.png 300w\" sizes=\"auto, (max-width: 120px) 100vw, 120px\" \/><\/td><td class=\"has-text-align-center\" data-align=\"center\"><strong>Sebastien BUISSON<\/strong><\/td><td class=\"has-text-align-center\" data-align=\"center\"><span class=\"wp-rich-text-font-awesome-icon wp-font-awesome-icon\"><svg aria-hidden=\"true\" focusable=\"false\" data-prefix=\"fas\" data-icon=\"phone\" class=\"svg-inline--fa fa-phone \" role=\"img\" xmlns=\"http:\/\/www.w3.org\/2000\/svg\" viewBox=\"0 0 512 512\"><path fill=\"currentColor\" d=\"M164.9 24.6c-7.7-18.6-28-28.5-47.4-23.2l-88 24C12.1 30.2 0 46 0 64C0 311.4 200.6 512 448 512c18 0 33.8-12.1 38.6-29.5l24-88c5.3-19.4-4.6-39.7-23.2-47.4l-96-40c-16.3-6.8-35.2-2.1-46.3 11.6L304.7 368C234.3 334.7 177.3 277.7 144 207.3L193.3 167c13.7-11.2 18.4-30 11.6-46.3l-40-96z\"><\/path><\/svg><\/span> 04 76 88 11 02 <br><span class=\"wp-rich-text-font-awesome-icon wp-font-awesome-icon\"><svg aria-hidden=\"true\" focusable=\"false\" data-prefix=\"fas\" data-icon=\"envelope-open-text\" class=\"svg-inline--fa fa-envelope-open-text \" role=\"img\" xmlns=\"http:\/\/www.w3.org\/2000\/svg\" viewBox=\"0 0 512 512\"><path fill=\"currentColor\" d=\"M215.4 96L144 96l-36.2 0L96 96l0 8.8L96 144l0 40.4 0 89L.2 202.5c1.6-18.1 10.9-34.9 25.7-45.8L48 140.3 48 96c0-26.5 21.5-48 48-48l76.6 0 49.9-36.9C232.2 3.9 243.9 0 256 0s23.8 3.9 33.5 11L339.4 48 416 48c26.5 0 48 21.5 48 48l0 44.3 22.1 16.4c14.8 10.9 24.1 27.7 25.7 45.8L416 273.4l0-89 0-40.4 0-39.2 0-8.8-11.8 0L368 96l-71.4 0-81.3 0zM0 448L0 242.1 217.6 403.3c11.1 8.2 24.6 12.7 38.4 12.7s27.3-4.4 38.4-12.7L512 242.1 512 448s0 0 0 0c0 35.3-28.7 64-64 64L64 512c-35.3 0-64-28.7-64-64c0 0 0 0 0 0zM176 160l160 0c8.8 0 16 7.2 16 16s-7.2 16-16 16l-160 0c-8.8 0-16-7.2-16-16s7.2-16 16-16zm0 64l160 0c8.8 0 16 7.2 16 16s-7.2 16-16 16l-160 0c-8.8 0-16-7.2-16-16s7.2-16 16-16z\"><\/path><\/svg><\/span> sebastien.buisson [at] lncmi.cnrs.fr<\/td><\/tr><tr><td class=\"has-text-align-center\" data-align=\"center\"><img loading=\"lazy\" decoding=\"async\" width=\"100\" height=\"100\" class=\"wp-image-164\" style=\"width: 100px;\" src=\"https:\/\/licences.grenoble.cnrs.fr\/wordpress\/wp-content\/uploads\/2025\/04\/lpmmc.png\" alt=\"\" srcset=\"https:\/\/licences.grenoble.cnrs.fr\/wordpress\/wp-content\/uploads\/2025\/04\/lpmmc.png 512w, https:\/\/licences.grenoble.cnrs.fr\/wordpress\/wp-content\/uploads\/2025\/04\/lpmmc-300x300.png 300w, https:\/\/licences.grenoble.cnrs.fr\/wordpress\/wp-content\/uploads\/2025\/04\/lpmmc-150x150.png 150w\" sizes=\"auto, (max-width: 100px) 100vw, 100px\" \/><\/td><td class=\"has-text-align-center\" data-align=\"center\"><strong>Julien MICHEL<\/strong><\/td><td class=\"has-text-align-center\" data-align=\"center\"><span class=\"wp-rich-text-font-awesome-icon wp-font-awesome-icon\"><svg aria-hidden=\"true\" focusable=\"false\" data-prefix=\"fas\" data-icon=\"phone\" class=\"svg-inline--fa fa-phone \" role=\"img\" xmlns=\"http:\/\/www.w3.org\/2000\/svg\" viewBox=\"0 0 512 512\"><path fill=\"currentColor\" d=\"M164.9 24.6c-7.7-18.6-28-28.5-47.4-23.2l-88 24C12.1 30.2 0 46 0 64C0 311.4 200.6 512 448 512c18 0 33.8-12.1 38.6-29.5l24-88c5.3-19.4-4.6-39.7-23.2-47.4l-96-40c-16.3-6.8-35.2-2.1-46.3 11.6L304.7 368C234.3 334.7 177.3 277.7 144 207.3L193.3 167c13.7-11.2 18.4-30 11.6-46.3l-40-96z\"><\/path><\/svg><\/span> 04 76 88 12 72<br><span class=\"wp-rich-text-font-awesome-icon wp-font-awesome-icon\"><svg aria-hidden=\"true\" focusable=\"false\" data-prefix=\"fas\" data-icon=\"envelope-open-text\" class=\"svg-inline--fa fa-envelope-open-text \" role=\"img\" xmlns=\"http:\/\/www.w3.org\/2000\/svg\" viewBox=\"0 0 512 512\"><path fill=\"currentColor\" d=\"M215.4 96L144 96l-36.2 0L96 96l0 8.8L96 144l0 40.4 0 89L.2 202.5c1.6-18.1 10.9-34.9 25.7-45.8L48 140.3 48 96c0-26.5 21.5-48 48-48l76.6 0 49.9-36.9C232.2 3.9 243.9 0 256 0s23.8 3.9 33.5 11L339.4 48 416 48c26.5 0 48 21.5 48 48l0 44.3 22.1 16.4c14.8 10.9 24.1 27.7 25.7 45.8L416 273.4l0-89 0-40.4 0-39.2 0-8.8-11.8 0L368 96l-71.4 0-81.3 0zM0 448L0 242.1 217.6 403.3c11.1 8.2 24.6 12.7 38.4 12.7s27.3-4.4 38.4-12.7L512 242.1 512 448s0 0 0 0c0 35.3-28.7 64-64 64L64 512c-35.3 0-64-28.7-64-64c0 0 0 0 0 0zM176 160l160 0c8.8 0 16 7.2 16 16s-7.2 16-16 16l-160 0c-8.8 0-16-7.2-16-16s7.2-16 16-16zm0 64l160 0c8.8 0 16 7.2 16 16s-7.2 16-16 16l-160 0c-8.8 0-16-7.2-16-16s7.2-16 16-16z\"><\/path><\/svg><\/span> julien.michel [at] lpmmc.cnrs.fr<\/td><\/tr><\/tbody><\/table><\/figure>\n","protected":false},"excerpt":{"rendered":"<p>En cas de probl\u00e8me technique, merci de contacter vos correspondants informaticiens de laboratoire. Ils sauront vous d\u00e9panner rapidement. LaboratoireContactCoordonn\u00e9esBernard MAIRE-AMIOT [&hellip;]<\/p>\n","protected":false},"author":1,"featured_media":0,"parent":0,"menu_order":0,"comment_status":"closed","ping_status":"closed","template":"","meta":{"site-sidebar-layout":"default","site-content-layout":"","ast-site-content-layout":"default","site-content-style":"default","site-sidebar-style":"default","ast-global-header-display":"","ast-banner-title-visibility":"","ast-main-header-display":"","ast-hfb-above-header-display":"","ast-hfb-below-header-display":"","ast-hfb-mobile-header-display":"","site-post-title":"","ast-breadcrumbs-content":"","ast-featured-img":"","footer-sml-layout":"","theme-transparent-header-meta":"","adv-header-id-meta":"","stick-header-meta":"","header-above-stick-meta":"","header-main-stick-meta":"","header-below-stick-meta":"","astra-migrate-meta-layouts":"default","ast-page-background-enabled":"default","ast-page-background-meta":{"desktop":{"background-color":"var(--ast-global-color-5)","background-image":"","background-repeat":"repeat","background-position":"center center","background-size":"auto","background-attachment":"scroll","background-type":"","background-media":"","overlay-type":"","overlay-color":"","overlay-opacity":"","overlay-gradient":""},"tablet":{"background-color":"","background-image":"","background-repeat":"repeat","background-position":"center center","background-size":"auto","background-attachment":"scroll","background-type":"","background-media":"","overlay-type":"","overlay-color":"","overlay-opacity":"","overlay-gradient":""},"mobile":{"background-color":"","background-image":"","background-repeat":"repeat","background-position":"center center","background-size":"auto","background-attachment":"scroll","background-type":"","background-media":"","overlay-type":"","overlay-color":"","overlay-opacity":"","overlay-gradient":""}},"ast-content-background-meta":{"desktop":{"background-color":"var(--ast-global-color-4)","background-image":"","background-repeat":"repeat","background-position":"center center","background-size":"auto","background-attachment":"scroll","background-type":"","background-media":"","overlay-type":"","overlay-color":"","overlay-opacity":"","overlay-gradient":""},"tablet":{"background-color":"var(--ast-global-color-4)","background-image":"","background-repeat":"repeat","background-position":"center center","background-size":"auto","background-attachment":"scroll","background-type":"","background-media":"","overlay-type":"","overlay-color":"","overlay-opacity":"","overlay-gradient":""},"mobile":{"background-color":"var(--ast-global-color-4)","background-image":"","background-repeat":"repeat","background-position":"center center","background-size":"auto","background-attachment":"scroll","background-type":"","background-media":"","overlay-type":"","overlay-color":"","overlay-opacity":"","overlay-gradient":""}},"footnotes":""},"class_list":["post-91","page","type-page","status-publish","hentry"],"_links":{"self":[{"href":"https:\/\/licences.grenoble.cnrs.fr\/wordpress\/index.php?rest_route=\/wp\/v2\/pages\/91","targetHints":{"allow":["GET"]}}],"collection":[{"href":"https:\/\/licences.grenoble.cnrs.fr\/wordpress\/index.php?rest_route=\/wp\/v2\/pages"}],"about":[{"href":"https:\/\/licences.grenoble.cnrs.fr\/wordpress\/index.php?rest_route=\/wp\/v2\/types\/page"}],"author":[{"embeddable":true,"href":"https:\/\/licences.grenoble.cnrs.fr\/wordpress\/index.php?rest_route=\/wp\/v2\/users\/1"}],"replies":[{"embeddable":true,"href":"https:\/\/licences.grenoble.cnrs.fr\/wordpress\/index.php?rest_route=%2Fwp%2Fv2%2Fcomments&post=91"}],"version-history":[{"count":6,"href":"https:\/\/licences.grenoble.cnrs.fr\/wordpress\/index.php?rest_route=\/wp\/v2\/pages\/91\/revisions"}],"predecessor-version":[{"id":929,"href":"https:\/\/licences.grenoble.cnrs.fr\/wordpress\/index.php?rest_route=\/wp\/v2\/pages\/91\/revisions\/929"}],"wp:attachment":[{"href":"https:\/\/licences.grenoble.cnrs.fr\/wordpress\/index.php?rest_route=%2Fwp%2Fv2%2Fmedia&parent=91"}],"curies":[{"name":"wp","href":"https:\/\/api.w.org\/{rel}","templated":true}]}}