{"id":80,"date":"2025-04-02T09:46:19","date_gmt":"2025-04-02T07:46:19","guid":{"rendered":"https:\/\/srv-licence2.grenoble.cnrs.fr\/wordpress\/?page_id=80"},"modified":"2026-03-24T09:03:32","modified_gmt":"2026-03-24T08:03:32","slug":"documentations-dinstallation","status":"publish","type":"page","link":"https:\/\/licences.grenoble.cnrs.fr\/wordpress\/?page_id=80","title":{"rendered":"Documentations d&rsquo;installation"},"content":{"rendered":"\n<figure class=\"wp-block-table\"><table class=\"has-fixed-layout\"><tbody><tr><td>Vous avez ici, la possibilit\u00e9 de t\u00e9l\u00e9charger une documentation d&rsquo;installation. Cliquez sur le lien correspondant pour la visualiser<\/td><\/tr><\/tbody><\/table><\/figure>\n\n\n\n<p><\/p>\n\n\n\n<figure class=\"wp-block-table\"><table class=\"has-fixed-layout\"><tbody><tr><td class=\"has-text-align-center\" data-align=\"center\"><strong>Logiciel \/ Editeur<\/strong><\/td><td class=\"has-text-align-center\" data-align=\"center\"><strong>Plateformes<\/strong><\/td><\/tr><tr><td class=\"has-text-align-center\" data-align=\"center\"><img loading=\"lazy\" decoding=\"async\" width=\"50\" height=\"50\" class=\"wp-image-1027\" style=\"width: 50px;\" src=\"https:\/\/licences.grenoble.cnrs.fr\/wordpress\/wp-content\/uploads\/2025\/11\/icons8-ok-480.png\" alt=\"\" srcset=\"https:\/\/licences.grenoble.cnrs.fr\/wordpress\/wp-content\/uploads\/2025\/11\/icons8-ok-480.png 480w, https:\/\/licences.grenoble.cnrs.fr\/wordpress\/wp-content\/uploads\/2025\/11\/icons8-ok-480-300x300.png 300w, https:\/\/licences.grenoble.cnrs.fr\/wordpress\/wp-content\/uploads\/2025\/11\/icons8-ok-480-150x150.png 150w\" sizes=\"auto, (max-width: 50px) 100vw, 50px\" \/><img loading=\"lazy\" decoding=\"async\" width=\"150\" height=\"84\" class=\"wp-image-55\" style=\"width: 150px;\" src=\"https:\/\/licences.grenoble.cnrs.fr\/wordpress\/wp-content\/uploads\/2025\/04\/pngwing.com_.png\" alt=\"\"><br><\/td><td class=\"has-text-align-center\" data-align=\"center\"><a href=\"https:\/\/licences.grenoble.cnrs.fr\/wordpress\/?page_id=111\"><img loading=\"lazy\" decoding=\"async\" width=\"50\" height=\"44\" class=\"wp-image-59\" style=\"width: 50px;\" src=\"https:\/\/licences.grenoble.cnrs.fr\/wordpress\/wp-content\/uploads\/2025\/04\/logowindows.png\" alt=\"Doc Matlab Fr WINDOWS\"><\/a> <a href=\"https:\/\/licences.grenoble.cnrs.fr\/wordpress\/?page_id=118\" data-type=\"page\" data-id=\"118\"><img loading=\"lazy\" decoding=\"async\" width=\"50\" height=\"58\" class=\"wp-image-60\" style=\"width: 50px;\" src=\"https:\/\/licences.grenoble.cnrs.fr\/wordpress\/wp-content\/uploads\/2025\/04\/logomac.png\" alt=\"\"><\/a> <a href=\"https:\/\/licences.grenoble.cnrs.fr\/wordpress\/?page_id=761\" data-type=\"page\" data-id=\"761\"><img loading=\"lazy\" decoding=\"async\" width=\"50\" height=\"51\" class=\"wp-image-61\" style=\"width: 50px;\" src=\"https:\/\/licences.grenoble.cnrs.fr\/wordpress\/wp-content\/uploads\/2025\/04\/logolinux.png\" alt=\"\"><\/a><\/td><\/tr><tr><td class=\"has-text-align-center\" data-align=\"center\"><img loading=\"lazy\" decoding=\"async\" width=\"50\" height=\"50\" class=\"wp-image-1027\" style=\"width: 50px;\" src=\"https:\/\/licences.grenoble.cnrs.fr\/wordpress\/wp-content\/uploads\/2025\/11\/icons8-ok-480.png\" alt=\"\" srcset=\"https:\/\/licences.grenoble.cnrs.fr\/wordpress\/wp-content\/uploads\/2025\/11\/icons8-ok-480.png 480w, https:\/\/licences.grenoble.cnrs.fr\/wordpress\/wp-content\/uploads\/2025\/11\/icons8-ok-480-300x300.png 300w, https:\/\/licences.grenoble.cnrs.fr\/wordpress\/wp-content\/uploads\/2025\/11\/icons8-ok-480-150x150.png 150w\" sizes=\"auto, (max-width: 50px) 100vw, 50px\" \/><img loading=\"lazy\" decoding=\"async\" width=\"150\" height=\"31\" class=\"wp-image-57\" style=\"width: 150px;\" src=\"https:\/\/licences.grenoble.cnrs.fr\/wordpress\/wp-content\/uploads\/2025\/04\/toppng.com-lv-labview-logo-1000x207-1.png\" alt=\"\"><\/td><td class=\"has-text-align-center\" data-align=\"center\"><strong><a href=\"https:\/\/licences.grenoble.cnrs.fr\/wordpress\/?page_id=978\" data-type=\"page\" data-id=\"755\"><img loading=\"lazy\" decoding=\"async\" width=\"50\" height=\"44\" class=\"wp-image-59\" style=\"width: 50px;\" src=\"https:\/\/licences.grenoble.cnrs.fr\/wordpress\/wp-content\/uploads\/2025\/04\/logowindows.png\" alt=\"\"><\/a>     <a href=\"https:\/\/licences.grenoble.cnrs.fr\/wordpress\/?page_id=758\" data-type=\"page\" data-id=\"758\"><img loading=\"lazy\" decoding=\"async\" width=\"50\" height=\"58\" class=\"wp-image-60\" style=\"width: 50px;\" src=\"https:\/\/licences.grenoble.cnrs.fr\/wordpress\/wp-content\/uploads\/2025\/04\/logomac.png\" alt=\"\"><\/a>    <a href=\"https:\/\/licences.grenoble.cnrs.fr\/wordpress\/?page_id=120\" data-type=\"page\" data-id=\"120\"><img loading=\"lazy\" decoding=\"async\" width=\"50\" height=\"51\" class=\"wp-image-61\" style=\"width: 50px;\" src=\"https:\/\/licences.grenoble.cnrs.fr\/wordpress\/wp-content\/uploads\/2025\/04\/logolinux.png\" alt=\"\"><\/a><\/strong><\/td><\/tr><tr><td class=\"has-text-align-center\" data-align=\"center\"><img loading=\"lazy\" decoding=\"async\" width=\"50\" height=\"50\" class=\"wp-image-1027\" style=\"width: 50px;\" src=\"https:\/\/licences.grenoble.cnrs.fr\/wordpress\/wp-content\/uploads\/2025\/11\/icons8-ok-480.png\" alt=\"\" srcset=\"https:\/\/licences.grenoble.cnrs.fr\/wordpress\/wp-content\/uploads\/2025\/11\/icons8-ok-480.png 480w, https:\/\/licences.grenoble.cnrs.fr\/wordpress\/wp-content\/uploads\/2025\/11\/icons8-ok-480-300x300.png 300w, https:\/\/licences.grenoble.cnrs.fr\/wordpress\/wp-content\/uploads\/2025\/11\/icons8-ok-480-150x150.png 150w\" sizes=\"auto, (max-width: 50px) 100vw, 50px\" \/><img loading=\"lazy\" decoding=\"async\" width=\"100\" height=\"100\" class=\"wp-image-58\" style=\"width: 100px;\" src=\"https:\/\/licences.grenoble.cnrs.fr\/wordpress\/wp-content\/uploads\/2025\/04\/l65e62db5375afeb5a7bbf060194ee33738.png\" alt=\"\"><strong><mark style=\"background-color:rgba(0, 0, 0, 0);color:#cf2e2e\" class=\"has-inline-color\"><mark>V8<\/mark><\/mark><\/strong><\/td><td class=\"has-text-align-center\" data-align=\"center\"><strong><strong><a href=\"https:\/\/licences.grenoble.cnrs.fr\/wordpress\/?page_id=755\" data-type=\"page\" data-id=\"755\"><img loading=\"lazy\" decoding=\"async\" width=\"50\" height=\"44\" class=\"wp-image-59\" style=\"width: 50px;\" src=\"https:\/\/licences.grenoble.cnrs.fr\/wordpress\/wp-content\/uploads\/2025\/04\/logowindows.png\" alt=\"\"><\/a><\/strong><\/strong><\/td><\/tr><tr><td class=\"has-text-align-center\" data-align=\"center\"><img loading=\"lazy\" decoding=\"async\" width=\"50\" height=\"50\" class=\"wp-image-1027\" style=\"width: 50px;\" src=\"https:\/\/licences.grenoble.cnrs.fr\/wordpress\/wp-content\/uploads\/2025\/11\/icons8-ok-480.png\" alt=\"\" srcset=\"https:\/\/licences.grenoble.cnrs.fr\/wordpress\/wp-content\/uploads\/2025\/11\/icons8-ok-480.png 480w, https:\/\/licences.grenoble.cnrs.fr\/wordpress\/wp-content\/uploads\/2025\/11\/icons8-ok-480-300x300.png 300w, https:\/\/licences.grenoble.cnrs.fr\/wordpress\/wp-content\/uploads\/2025\/11\/icons8-ok-480-150x150.png 150w\" sizes=\"auto, (max-width: 50px) 100vw, 50px\" \/><img loading=\"lazy\" decoding=\"async\" width=\"100\" height=\"100\" class=\"wp-image-58\" style=\"width: 100px;\" src=\"https:\/\/licences.grenoble.cnrs.fr\/wordpress\/wp-content\/uploads\/2025\/04\/l65e62db5375afeb5a7bbf060194ee33738.png\" alt=\"\"><mark><strong>V2021<\/strong><\/mark><\/td><td class=\"has-text-align-center\" data-align=\"center\"><strong><strong><a href=\"https:\/\/licences.grenoble.cnrs.fr\/wordpress\/?page_id=1041\" data-type=\"page\" data-id=\"1041\"><img loading=\"lazy\" decoding=\"async\" width=\"50\" height=\"44\" class=\"wp-image-59\" style=\"width: 50px;\" src=\"https:\/\/licences.grenoble.cnrs.fr\/wordpress\/wp-content\/uploads\/2025\/04\/logowindows.png\" alt=\"\"><\/a><\/strong><\/strong><\/td><\/tr><tr><td class=\"has-text-align-center\" data-align=\"center\"><img loading=\"lazy\" decoding=\"async\" width=\"50\" height=\"50\" class=\"wp-image-1027\" style=\"width: 50px;\" src=\"https:\/\/licences.grenoble.cnrs.fr\/wordpress\/wp-content\/uploads\/2025\/11\/icons8-ok-480.png\" alt=\"\" srcset=\"https:\/\/licences.grenoble.cnrs.fr\/wordpress\/wp-content\/uploads\/2025\/11\/icons8-ok-480.png 480w, https:\/\/licences.grenoble.cnrs.fr\/wordpress\/wp-content\/uploads\/2025\/11\/icons8-ok-480-300x300.png 300w, https:\/\/licences.grenoble.cnrs.fr\/wordpress\/wp-content\/uploads\/2025\/11\/icons8-ok-480-150x150.png 150w\" sizes=\"auto, (max-width: 50px) 100vw, 50px\" \/><img loading=\"lazy\" decoding=\"async\" width=\"80\" height=\"80\" class=\"wp-image-65\" style=\"width: 80px;\" src=\"https:\/\/licences.grenoble.cnrs.fr\/wordpress\/wp-content\/uploads\/2025\/04\/TwitterMCIcon_400x400.png\" alt=\"\"><\/td><td class=\"has-text-align-center\" data-align=\"center\"><strong><strong><a href=\"https:\/\/licences.grenoble.cnrs.fr\/wordpress\/?page_id=1047\" data-type=\"page\" data-id=\"1047\"><img loading=\"lazy\" decoding=\"async\" width=\"50\" height=\"44\" class=\"wp-image-59\" style=\"width: 50px;\" src=\"https:\/\/licences.grenoble.cnrs.fr\/wordpress\/wp-content\/uploads\/2025\/04\/logowindows.png\" alt=\"\"><\/a><\/strong><\/strong><\/td><\/tr><tr><td class=\"has-text-align-center\" data-align=\"center\"><img loading=\"lazy\" decoding=\"async\" width=\"50\" height=\"50\" class=\"wp-image-1026\" style=\"width: 50px;\" src=\"https:\/\/licences.grenoble.cnrs.fr\/wordpress\/wp-content\/uploads\/2025\/11\/icons8-annuler-512.png\" alt=\"\" srcset=\"https:\/\/licences.grenoble.cnrs.fr\/wordpress\/wp-content\/uploads\/2025\/11\/icons8-annuler-512.png 512w, https:\/\/licences.grenoble.cnrs.fr\/wordpress\/wp-content\/uploads\/2025\/11\/icons8-annuler-512-300x300.png 300w, https:\/\/licences.grenoble.cnrs.fr\/wordpress\/wp-content\/uploads\/2025\/11\/icons8-annuler-512-150x150.png 150w\" sizes=\"auto, (max-width: 50px) 100vw, 50px\" \/><img loading=\"lazy\" decoding=\"async\" width=\"150\" height=\"66\" class=\"wp-image-63\" style=\"width: 150px;\" src=\"https:\/\/licences.grenoble.cnrs.fr\/wordpress\/wp-content\/uploads\/2025\/04\/pngegg.png\" alt=\"\"><\/td><td class=\"has-text-align-center\" data-align=\"center\"><strong><strong><a href=\"https:\/\/licences.grenoble.cnrs.fr\/wordpress\/?page_id=1053\" data-type=\"page\" data-id=\"1053\"><img loading=\"lazy\" decoding=\"async\" width=\"50\" height=\"44\" class=\"wp-image-59\" style=\"width: 50px;\" src=\"https:\/\/licences.grenoble.cnrs.fr\/wordpress\/wp-content\/uploads\/2025\/04\/logowindows.png\" alt=\"\"><\/a><\/strong><\/strong><\/td><\/tr><tr><td class=\"has-text-align-center\" data-align=\"center\"><img loading=\"lazy\" decoding=\"async\" width=\"50\" height=\"50\" class=\"wp-image-1026\" style=\"width: 50px;\" src=\"https:\/\/licences.grenoble.cnrs.fr\/wordpress\/wp-content\/uploads\/2025\/11\/icons8-annuler-512.png\" alt=\"\" srcset=\"https:\/\/licences.grenoble.cnrs.fr\/wordpress\/wp-content\/uploads\/2025\/11\/icons8-annuler-512.png 512w, https:\/\/licences.grenoble.cnrs.fr\/wordpress\/wp-content\/uploads\/2025\/11\/icons8-annuler-512-300x300.png 300w, https:\/\/licences.grenoble.cnrs.fr\/wordpress\/wp-content\/uploads\/2025\/11\/icons8-annuler-512-150x150.png 150w\" sizes=\"auto, (max-width: 50px) 100vw, 50px\" \/><img loading=\"lazy\" decoding=\"async\" width=\"100\" height=\"77\" class=\"wp-image-64\" style=\"width: 100px;\" src=\"https:\/\/licences.grenoble.cnrs.fr\/wordpress\/wp-content\/uploads\/2025\/04\/PikPng.com_ds-logo-png_3859972.png\" alt=\"\"><\/td><td class=\"has-text-align-center\" data-align=\"center\"><strong><strong><a href=\"https:\/\/licences.grenoble.cnrs.fr\/wordpress\/?page_id=1059\" data-type=\"page\" data-id=\"1059\"><img loading=\"lazy\" decoding=\"async\" width=\"50\" height=\"44\" class=\"wp-image-59\" style=\"width: 50px;\" src=\"https:\/\/licences.grenoble.cnrs.fr\/wordpress\/wp-content\/uploads\/2025\/04\/logowindows.png\" alt=\"\"><\/a><\/strong><\/strong><\/td><\/tr><tr><td class=\"has-text-align-center\" data-align=\"center\"><img loading=\"lazy\" decoding=\"async\" width=\"50\" height=\"50\" class=\"wp-image-1026\" style=\"width: 50px;\" src=\"https:\/\/licences.grenoble.cnrs.fr\/wordpress\/wp-content\/uploads\/2025\/11\/icons8-annuler-512.png\" alt=\"\" srcset=\"https:\/\/licences.grenoble.cnrs.fr\/wordpress\/wp-content\/uploads\/2025\/11\/icons8-annuler-512.png 512w, https:\/\/licences.grenoble.cnrs.fr\/wordpress\/wp-content\/uploads\/2025\/11\/icons8-annuler-512-300x300.png 300w, https:\/\/licences.grenoble.cnrs.fr\/wordpress\/wp-content\/uploads\/2025\/11\/icons8-annuler-512-150x150.png 150w\" sizes=\"auto, (max-width: 50px) 100vw, 50px\" \/><img loading=\"lazy\" decoding=\"async\" width=\"100\" height=\"118\" class=\"wp-image-66\" style=\"width: 100px;\" src=\"https:\/\/licences.grenoble.cnrs.fr\/wordpress\/wp-content\/uploads\/2025\/04\/pngwing.com-1.png\" alt=\"\"><\/td><td class=\"has-text-align-center\" data-align=\"center\"><strong><a href=\"https:\/\/licences.grenoble.cnrs.fr\/wordpress\/?page_id=1065\" data-type=\"page\" data-id=\"1065\"><img loading=\"lazy\" decoding=\"async\" width=\"50\" height=\"44\" class=\"wp-image-59\" style=\"width: 50px;\" src=\"https:\/\/licences.grenoble.cnrs.fr\/wordpress\/wp-content\/uploads\/2025\/04\/logowindows.png\" alt=\"\"><\/a>   <a href=\"https:\/\/licences.grenoble.cnrs.fr\/wordpress\/?page_id=1071\" data-type=\"page\" data-id=\"1071\"><img loading=\"lazy\" decoding=\"async\" width=\"50\" height=\"58\" class=\"wp-image-60\" style=\"width: 50px;\" src=\"https:\/\/licences.grenoble.cnrs.fr\/wordpress\/wp-content\/uploads\/2025\/04\/logomac.png\" alt=\"\"> <\/a> <a href=\"https:\/\/licences.grenoble.cnrs.fr\/wordpress\/?page_id=1077\" data-type=\"page\" data-id=\"1077\"><img loading=\"lazy\" decoding=\"async\" width=\"50\" height=\"51\" class=\"wp-image-61\" style=\"width: 50px;\" src=\"https:\/\/licences.grenoble.cnrs.fr\/wordpress\/wp-content\/uploads\/2025\/04\/logolinux.png\" alt=\"\"><\/a><\/strong><\/td><\/tr><tr><td class=\"has-text-align-center\" data-align=\"center\"><img loading=\"lazy\" decoding=\"async\" width=\"50\" height=\"50\" class=\"wp-image-1026\" style=\"width: 50px;\" src=\"https:\/\/licences.grenoble.cnrs.fr\/wordpress\/wp-content\/uploads\/2025\/11\/icons8-annuler-512.png\" alt=\"\" srcset=\"https:\/\/licences.grenoble.cnrs.fr\/wordpress\/wp-content\/uploads\/2025\/11\/icons8-annuler-512.png 512w, https:\/\/licences.grenoble.cnrs.fr\/wordpress\/wp-content\/uploads\/2025\/11\/icons8-annuler-512-300x300.png 300w, https:\/\/licences.grenoble.cnrs.fr\/wordpress\/wp-content\/uploads\/2025\/11\/icons8-annuler-512-150x150.png 150w\" sizes=\"auto, (max-width: 50px) 100vw, 50px\" \/><img loading=\"lazy\" decoding=\"async\" width=\"200\" height=\"72\" class=\"wp-image-68\" style=\"width: 200px;\" src=\"https:\/\/licences.grenoble.cnrs.fr\/wordpress\/wp-content\/uploads\/2025\/04\/Raith.png\" alt=\"\"><\/td><td class=\"has-text-align-center\" data-align=\"center\"><strong><strong><a href=\"https:\/\/licences.grenoble.cnrs.fr\/wordpress\/?page_id=1083\" data-type=\"page\" data-id=\"1083\"><img loading=\"lazy\" decoding=\"async\" width=\"50\" height=\"44\" class=\"wp-image-59\" style=\"width: 50px;\" src=\"https:\/\/licences.grenoble.cnrs.fr\/wordpress\/wp-content\/uploads\/2025\/04\/logowindows.png\" alt=\"\"><\/a><\/strong><\/strong><\/td><\/tr><tr><td class=\"has-text-align-center\" data-align=\"center\"><img loading=\"lazy\" decoding=\"async\" width=\"50\" height=\"50\" class=\"wp-image-1026\" style=\"width: 50px;\" src=\"https:\/\/licences.grenoble.cnrs.fr\/wordpress\/wp-content\/uploads\/2025\/11\/icons8-annuler-512.png\" alt=\"\" srcset=\"https:\/\/licences.grenoble.cnrs.fr\/wordpress\/wp-content\/uploads\/2025\/11\/icons8-annuler-512.png 512w, https:\/\/licences.grenoble.cnrs.fr\/wordpress\/wp-content\/uploads\/2025\/11\/icons8-annuler-512-300x300.png 300w, https:\/\/licences.grenoble.cnrs.fr\/wordpress\/wp-content\/uploads\/2025\/11\/icons8-annuler-512-150x150.png 150w\" sizes=\"auto, (max-width: 50px) 100vw, 50px\" \/><img loading=\"lazy\" decoding=\"async\" width=\"80\" height=\"73\" class=\"wp-image-69\" style=\"width: 80px;\" src=\"https:\/\/licences.grenoble.cnrs.fr\/wordpress\/wp-content\/uploads\/2025\/04\/samtech.png\" alt=\"\"><\/td><td class=\"has-text-align-center\" data-align=\"center\"><strong><strong><a href=\"https:\/\/licences.grenoble.cnrs.fr\/wordpress\/?page_id=1090\" data-type=\"page\" data-id=\"1090\"><img loading=\"lazy\" decoding=\"async\" width=\"50\" height=\"44\" class=\"wp-image-59\" style=\"width: 50px;\" src=\"https:\/\/licences.grenoble.cnrs.fr\/wordpress\/wp-content\/uploads\/2025\/04\/logowindows.png\" alt=\"\"><\/a><\/strong><\/strong><\/td><\/tr><tr><td class=\"has-text-align-center\" data-align=\"center\"><img loading=\"lazy\" decoding=\"async\" width=\"50\" height=\"50\" class=\"wp-image-1026\" style=\"width: 50px;\" src=\"https:\/\/licences.grenoble.cnrs.fr\/wordpress\/wp-content\/uploads\/2025\/11\/icons8-annuler-512.png\" alt=\"\" srcset=\"https:\/\/licences.grenoble.cnrs.fr\/wordpress\/wp-content\/uploads\/2025\/11\/icons8-annuler-512.png 512w, https:\/\/licences.grenoble.cnrs.fr\/wordpress\/wp-content\/uploads\/2025\/11\/icons8-annuler-512-300x300.png 300w, https:\/\/licences.grenoble.cnrs.fr\/wordpress\/wp-content\/uploads\/2025\/11\/icons8-annuler-512-150x150.png 150w\" sizes=\"auto, (max-width: 50px) 100vw, 50px\" \/><img loading=\"lazy\" decoding=\"async\" width=\"150\" height=\"28\" class=\"wp-image-71\" style=\"width: 150px;\" src=\"https:\/\/licences.grenoble.cnrs.fr\/wordpress\/wp-content\/uploads\/2025\/04\/cadence-logo-black.png\" alt=\"\"><\/td><td class=\"has-text-align-center\" data-align=\"center\"><strong><strong><a href=\"https:\/\/licences.grenoble.cnrs.fr\/wordpress\/?page_id=1096\" data-type=\"page\" data-id=\"1096\"><img loading=\"lazy\" decoding=\"async\" width=\"50\" height=\"44\" class=\"wp-image-59\" style=\"width: 50px;\" src=\"https:\/\/licences.grenoble.cnrs.fr\/wordpress\/wp-content\/uploads\/2025\/04\/logowindows.png\" alt=\"\"><\/a><\/strong><\/strong><\/td><\/tr><tr><td class=\"has-text-align-center\" data-align=\"center\"><img loading=\"lazy\" decoding=\"async\" width=\"50\" height=\"50\" class=\"wp-image-1026\" style=\"width: 50px;\" src=\"https:\/\/licences.grenoble.cnrs.fr\/wordpress\/wp-content\/uploads\/2025\/11\/icons8-annuler-512.png\" alt=\"\" srcset=\"https:\/\/licences.grenoble.cnrs.fr\/wordpress\/wp-content\/uploads\/2025\/11\/icons8-annuler-512.png 512w, https:\/\/licences.grenoble.cnrs.fr\/wordpress\/wp-content\/uploads\/2025\/11\/icons8-annuler-512-300x300.png 300w, https:\/\/licences.grenoble.cnrs.fr\/wordpress\/wp-content\/uploads\/2025\/11\/icons8-annuler-512-150x150.png 150w\" sizes=\"auto, (max-width: 50px) 100vw, 50px\" \/><img loading=\"lazy\" decoding=\"async\" width=\"150\" height=\"14\" class=\"wp-image-72\" style=\"width: 150px;\" src=\"https:\/\/licences.grenoble.cnrs.fr\/wordpress\/wp-content\/uploads\/2025\/04\/Comsol_logo.svg_.png\" alt=\"\"><\/td><td class=\"has-text-align-center\" data-align=\"center\"><strong><a href=\"https:\/\/licences.grenoble.cnrs.fr\/wordpress\/?page_id=1103\" data-type=\"page\" data-id=\"1103\"><img loading=\"lazy\" decoding=\"async\" width=\"50\" height=\"44\" class=\"wp-image-59\" style=\"width: 50px;\" src=\"https:\/\/licences.grenoble.cnrs.fr\/wordpress\/wp-content\/uploads\/2025\/04\/logowindows.png\" alt=\"\"> <\/a>  <a href=\"https:\/\/licences.grenoble.cnrs.fr\/wordpress\/?page_id=1115\" data-type=\"page\" data-id=\"1115\"><img loading=\"lazy\" decoding=\"async\" width=\"50\" height=\"58\" class=\"wp-image-60\" style=\"width: 50px;\" src=\"https:\/\/licences.grenoble.cnrs.fr\/wordpress\/wp-content\/uploads\/2025\/04\/logomac.png\" alt=\"\"><\/a>  <a href=\"https:\/\/licences.grenoble.cnrs.fr\/wordpress\/?page_id=1121\" data-type=\"page\" data-id=\"1121\"><img loading=\"lazy\" decoding=\"async\" width=\"50\" height=\"51\" class=\"wp-image-61\" style=\"width: 50px;\" src=\"https:\/\/licences.grenoble.cnrs.fr\/wordpress\/wp-content\/uploads\/2025\/04\/logolinux.png\" alt=\"\"><\/a><\/strong><\/td><\/tr><tr><td class=\"has-text-align-center\" data-align=\"center\"><img loading=\"lazy\" decoding=\"async\" width=\"50\" height=\"50\" class=\"wp-image-1026\" style=\"width: 50px;\" src=\"https:\/\/licences.grenoble.cnrs.fr\/wordpress\/wp-content\/uploads\/2025\/11\/icons8-annuler-512.png\" alt=\"\" srcset=\"https:\/\/licences.grenoble.cnrs.fr\/wordpress\/wp-content\/uploads\/2025\/11\/icons8-annuler-512.png 512w, https:\/\/licences.grenoble.cnrs.fr\/wordpress\/wp-content\/uploads\/2025\/11\/icons8-annuler-512-300x300.png 300w, https:\/\/licences.grenoble.cnrs.fr\/wordpress\/wp-content\/uploads\/2025\/11\/icons8-annuler-512-150x150.png 150w\" sizes=\"auto, (max-width: 50px) 100vw, 50px\" \/><img loading=\"lazy\" decoding=\"async\" width=\"150\" height=\"50\" class=\"wp-image-73\" style=\"width: 150px;\" src=\"https:\/\/licences.grenoble.cnrs.fr\/wordpress\/wp-content\/uploads\/2025\/04\/siemens.png\" alt=\"\"><\/td><td class=\"has-text-align-center\" data-align=\"center\"><strong><a href=\"https:\/\/licences.grenoble.cnrs.fr\/wordpress\/?page_id=1109\" data-type=\"page\" data-id=\"1109\"><img loading=\"lazy\" decoding=\"async\" width=\"50\" height=\"44\" class=\"wp-image-59\" style=\"width: 50px;\" src=\"https:\/\/licences.grenoble.cnrs.fr\/wordpress\/wp-content\/uploads\/2025\/04\/logowindows.png\" alt=\"\"><\/a><\/strong><\/td><\/tr><\/tbody><\/table><\/figure>\n","protected":false},"excerpt":{"rendered":"<p>Vous avez ici, la possibilit\u00e9 de t\u00e9l\u00e9charger une documentation d&rsquo;installation. Cliquez sur le lien correspondant pour la visualiser Logiciel \/ [&hellip;]<\/p>\n","protected":false},"author":1,"featured_media":0,"parent":0,"menu_order":0,"comment_status":"closed","ping_status":"closed","template":"","meta":{"site-sidebar-layout":"default","site-content-layout":"","ast-site-content-layout":"default","site-content-style":"default","site-sidebar-style":"default","ast-global-header-display":"","ast-banner-title-visibility":"","ast-main-header-display":"","ast-hfb-above-header-display":"","ast-hfb-below-header-display":"","ast-hfb-mobile-header-display":"","site-post-title":"","ast-breadcrumbs-content":"","ast-featured-img":"","footer-sml-layout":"","theme-transparent-header-meta":"","adv-header-id-meta":"","stick-header-meta":"","header-above-stick-meta":"","header-main-stick-meta":"","header-below-stick-meta":"","astra-migrate-meta-layouts":"default","ast-page-background-enabled":"default","ast-page-background-meta":{"desktop":{"background-color":"var(--ast-global-color-5)","background-image":"","background-repeat":"repeat","background-position":"center center","background-size":"auto","background-attachment":"scroll","background-type":"","background-media":"","overlay-type":"","overlay-color":"","overlay-opacity":"","overlay-gradient":""},"tablet":{"background-color":"","background-image":"","background-repeat":"repeat","background-position":"center center","background-size":"auto","background-attachment":"scroll","background-type":"","background-media":"","overlay-type":"","overlay-color":"","overlay-opacity":"","overlay-gradient":""},"mobile":{"background-color":"","background-image":"","background-repeat":"repeat","background-position":"center center","background-size":"auto","background-attachment":"scroll","background-type":"","background-media":"","overlay-type":"","overlay-color":"","overlay-opacity":"","overlay-gradient":""}},"ast-content-background-meta":{"desktop":{"background-color":"var(--ast-global-color-4)","background-image":"","background-repeat":"repeat","background-position":"center center","background-size":"auto","background-attachment":"scroll","background-type":"","background-media":"","overlay-type":"","overlay-color":"","overlay-opacity":"","overlay-gradient":""},"tablet":{"background-color":"var(--ast-global-color-4)","background-image":"","background-repeat":"repeat","background-position":"center center","background-size":"auto","background-attachment":"scroll","background-type":"","background-media":"","overlay-type":"","overlay-color":"","overlay-opacity":"","overlay-gradient":""},"mobile":{"background-color":"var(--ast-global-color-4)","background-image":"","background-repeat":"repeat","background-position":"center center","background-size":"auto","background-attachment":"scroll","background-type":"","background-media":"","overlay-type":"","overlay-color":"","overlay-opacity":"","overlay-gradient":""}},"footnotes":""},"class_list":["post-80","page","type-page","status-publish","hentry"],"_links":{"self":[{"href":"https:\/\/licences.grenoble.cnrs.fr\/wordpress\/index.php?rest_route=\/wp\/v2\/pages\/80","targetHints":{"allow":["GET"]}}],"collection":[{"href":"https:\/\/licences.grenoble.cnrs.fr\/wordpress\/index.php?rest_route=\/wp\/v2\/pages"}],"about":[{"href":"https:\/\/licences.grenoble.cnrs.fr\/wordpress\/index.php?rest_route=\/wp\/v2\/types\/page"}],"author":[{"embeddable":true,"href":"https:\/\/licences.grenoble.cnrs.fr\/wordpress\/index.php?rest_route=\/wp\/v2\/users\/1"}],"replies":[{"embeddable":true,"href":"https:\/\/licences.grenoble.cnrs.fr\/wordpress\/index.php?rest_route=%2Fwp%2Fv2%2Fcomments&post=80"}],"version-history":[{"count":19,"href":"https:\/\/licences.grenoble.cnrs.fr\/wordpress\/index.php?rest_route=\/wp\/v2\/pages\/80\/revisions"}],"predecessor-version":[{"id":1223,"href":"https:\/\/licences.grenoble.cnrs.fr\/wordpress\/index.php?rest_route=\/wp\/v2\/pages\/80\/revisions\/1223"}],"wp:attachment":[{"href":"https:\/\/licences.grenoble.cnrs.fr\/wordpress\/index.php?rest_route=%2Fwp%2Fv2%2Fmedia&parent=80"}],"curies":[{"name":"wp","href":"https:\/\/api.w.org\/{rel}","templated":true}]}}