{"id":761,"date":"2025-10-09T12:27:49","date_gmt":"2025-10-09T10:27:49","guid":{"rendered":"https:\/\/licences.grenoble.cnrs.fr\/wordpress\/?page_id=761"},"modified":"2025-10-09T12:29:39","modified_gmt":"2025-10-09T10:29:39","slug":"installation-labview-pour-linux","status":"publish","type":"page","link":"https:\/\/licences.grenoble.cnrs.fr\/wordpress\/?page_id=761","title":{"rendered":"Installation Matlab pour LINUX"},"content":{"rendered":"\n<figure class=\"wp-block-table\"><table class=\"has-fixed-layout\"><tbody><tr><td><img loading=\"lazy\" decoding=\"async\" width=\"150\" height=\"84\" class=\"wp-image-55\" style=\"width: 150px;\" src=\"https:\/\/licences.grenoble.cnrs.fr\/wordpress\/wp-content\/uploads\/2025\/04\/pngwing.com_.png\" alt=\"\"> <img loading=\"lazy\" decoding=\"async\" width=\"50\" height=\"51\" class=\"wp-image-61\" style=\"width: 50px;\" src=\"https:\/\/licences.grenoble.cnrs.fr\/wordpress\/wp-content\/uploads\/2025\/04\/logolinux.png\" alt=\"\"><br><strong>Date de mise \u00e0 jour : 07-07-2025 &#8211;> Julien MICHEL<\/strong><br><br><strong><mark style=\"background-color:#abb8c3\" class=\"has-inline-color has-ast-global-color-8-color\">Installation de Matlab Version XXXXX pour <\/mark><\/strong>Linux<br><br><strong><em>Pr\u00e9-requis : <\/em><\/strong>(dans la section <a href=\"https:\/\/licences.grenoble.cnrs.fr\/wordpress\/?page_id=83\" data-type=\"page\" data-id=\"83\" target=\"_blank\" rel=\"noreferrer noopener\">T\u00e9l\u00e9chargement<\/a>) <br>&#8211; T\u00e9l\u00e9charger la version de Matlab (pour linux)<br>&#8211; T\u00e9l\u00e9charger le fichier de Licence d&rsquo;installation (network.lic)<br>&#8211; T\u00e9l\u00e9charger le fichier contenant les N\u00b0 de s\u00e9rie MatLab<br><br><br><strong>Installation : <\/strong><br>&#8211; Decompresser l&rsquo;archiver dans votre <strong>\u00ab\u00a0homedir\u00a0\u00bb<\/strong> dans un dossier temporaire<br><br>Attribuer les droit d&rsquo;execution aux fichiers d&rsquo;installation : <br>#chmod +x .\/install<br>#chmod +x .\/bin\/glnxa64\/MathWorksProductInstaller<br>#chmod +x .\/bin\/glnxa64\/MATLABWindows<br><br>Lancer l&rsquo;installation : <br>#.\/install <br> <br><br>-Dans la fen\u00eatre d&rsquo;installation, choisir <strong>\u00ab\u00a0Advanced Options\u00a0\u00bb \/ \u00ab\u00a0I Have a File Installation Key\u00a0\u00bb<\/strong><br><img loading=\"lazy\" decoding=\"async\" width=\"300\" height=\"234\" class=\"wp-image-617\" style=\"width: 300px;\" src=\"https:\/\/licences.grenoble.cnrs.fr\/wordpress\/wp-content\/uploads\/2025\/06\/Matlabinstaller6.png\" alt=\"\" srcset=\"https:\/\/licences.grenoble.cnrs.fr\/wordpress\/wp-content\/uploads\/2025\/06\/Matlabinstaller6.png 838w, https:\/\/licences.grenoble.cnrs.fr\/wordpress\/wp-content\/uploads\/2025\/06\/Matlabinstaller6-300x234.png 300w, https:\/\/licences.grenoble.cnrs.fr\/wordpress\/wp-content\/uploads\/2025\/06\/Matlabinstaller6-768x598.png 768w\" sizes=\"auto, (max-width: 300px) 100vw, 300px\" \/> <img loading=\"lazy\" decoding=\"async\" width=\"300\" height=\"230\" class=\"wp-image-615\" style=\"width: 300px;\" src=\"https:\/\/licences.grenoble.cnrs.fr\/wordpress\/wp-content\/uploads\/2025\/06\/Matlabinstaller8.png\" alt=\"\" srcset=\"https:\/\/licences.grenoble.cnrs.fr\/wordpress\/wp-content\/uploads\/2025\/06\/Matlabinstaller8.png 843w, https:\/\/licences.grenoble.cnrs.fr\/wordpress\/wp-content\/uploads\/2025\/06\/Matlabinstaller8-300x230.png 300w, https:\/\/licences.grenoble.cnrs.fr\/wordpress\/wp-content\/uploads\/2025\/06\/Matlabinstaller8-768x589.png 768w\" sizes=\"auto, (max-width: 300px) 100vw, 300px\" \/><br>&#8211; Ins\u00e9rer le num\u00e9ro de s\u00e9rie correspondant \u00e0 votre version de Matlab : <br> &#8211; Matlab 2025a : 11897-08885-28345-57768-20019-52603-03446<br> &#8211; Matlab 2024b : 33022-24691-38312-62441-54281-32853-14360<br><img loading=\"lazy\" decoding=\"async\" width=\"300\" height=\"233\" class=\"wp-image-624\" style=\"width: 300px;\" src=\"https:\/\/licences.grenoble.cnrs.fr\/wordpress\/wp-content\/uploads\/2025\/06\/Capture-de\u0301cran-2025-06-26-a\u0300-09.04.42.png\" alt=\"\" srcset=\"https:\/\/licences.grenoble.cnrs.fr\/wordpress\/wp-content\/uploads\/2025\/06\/Capture-de\u0301cran-2025-06-26-a\u0300-09.04.42.png 862w, https:\/\/licences.grenoble.cnrs.fr\/wordpress\/wp-content\/uploads\/2025\/06\/Capture-de\u0301cran-2025-06-26-a\u0300-09.04.42-300x233.png 300w, https:\/\/licences.grenoble.cnrs.fr\/wordpress\/wp-content\/uploads\/2025\/06\/Capture-de\u0301cran-2025-06-26-a\u0300-09.04.42-768x597.png 768w\" sizes=\"auto, (max-width: 300px) 100vw, 300px\" \/><br>&#8211; Lors de la s\u00e9lection du fichier de licence, choisir le fichier <strong>\u00ab\u00a0Network.lic\u00a0\u00bb<\/strong> que vous avez t\u00e9l\u00e9charg\u00e9 et plac\u00e9 \u00e0 la racine du dossier d&rsquo;installation<br><img loading=\"lazy\" decoding=\"async\" width=\"300\" height=\"227\" class=\"wp-image-658\" style=\"width: 300px;\" src=\"https:\/\/licences.grenoble.cnrs.fr\/wordpress\/wp-content\/uploads\/2025\/06\/Capture-de\u0301cran-2025-06-26-a\u0300-13.35.33.png\" alt=\"\" srcset=\"https:\/\/licences.grenoble.cnrs.fr\/wordpress\/wp-content\/uploads\/2025\/06\/Capture-de\u0301cran-2025-06-26-a\u0300-13.35.33.png 844w, https:\/\/licences.grenoble.cnrs.fr\/wordpress\/wp-content\/uploads\/2025\/06\/Capture-de\u0301cran-2025-06-26-a\u0300-13.35.33-300x227.png 300w, https:\/\/licences.grenoble.cnrs.fr\/wordpress\/wp-content\/uploads\/2025\/06\/Capture-de\u0301cran-2025-06-26-a\u0300-13.35.33-768x582.png 768w\" sizes=\"auto, (max-width: 300px) 100vw, 300px\" \/>. <img loading=\"lazy\" decoding=\"async\" width=\"300\" height=\"230\" class=\"wp-image-657\" style=\"width: 300px;\" src=\"https:\/\/licences.grenoble.cnrs.fr\/wordpress\/wp-content\/uploads\/2025\/06\/Capture-de\u0301cran-2025-06-26-a\u0300-13.35.41.png\" alt=\"\" srcset=\"https:\/\/licences.grenoble.cnrs.fr\/wordpress\/wp-content\/uploads\/2025\/06\/Capture-de\u0301cran-2025-06-26-a\u0300-13.35.41.png 843w, https:\/\/licences.grenoble.cnrs.fr\/wordpress\/wp-content\/uploads\/2025\/06\/Capture-de\u0301cran-2025-06-26-a\u0300-13.35.41-300x230.png 300w, https:\/\/licences.grenoble.cnrs.fr\/wordpress\/wp-content\/uploads\/2025\/06\/Capture-de\u0301cran-2025-06-26-a\u0300-13.35.41-768x589.png 768w\" sizes=\"auto, (max-width: 300px) 100vw, 300px\" \/><br>-Choisir le dossier de destination, puis proc\u00e9der \u00e0 l&rsquo;installation (laisser la valeur par defaut :<strong> \/usr\/local\/MATLAB<\/strong><br><img loading=\"lazy\" decoding=\"async\" width=\"300\" height=\"231\" class=\"wp-image-662\" style=\"width: 300px;\" src=\"https:\/\/licences.grenoble.cnrs.fr\/wordpress\/wp-content\/uploads\/2025\/06\/Capture-de\u0301cran-2025-06-26-a\u0300-13.36.55.png\" alt=\"\" srcset=\"https:\/\/licences.grenoble.cnrs.fr\/wordpress\/wp-content\/uploads\/2025\/06\/Capture-de\u0301cran-2025-06-26-a\u0300-13.36.55.png 835w, https:\/\/licences.grenoble.cnrs.fr\/wordpress\/wp-content\/uploads\/2025\/06\/Capture-de\u0301cran-2025-06-26-a\u0300-13.36.55-300x231.png 300w, https:\/\/licences.grenoble.cnrs.fr\/wordpress\/wp-content\/uploads\/2025\/06\/Capture-de\u0301cran-2025-06-26-a\u0300-13.36.55-768x591.png 768w\" sizes=\"auto, (max-width: 300px) 100vw, 300px\" \/> <img loading=\"lazy\" decoding=\"async\" width=\"300\" height=\"231\" class=\"wp-image-661\" style=\"width: 300px;\" src=\"https:\/\/licences.grenoble.cnrs.fr\/wordpress\/wp-content\/uploads\/2025\/06\/Capture-de\u0301cran-2025-06-26-a\u0300-13.37.12.png\" alt=\"\" srcset=\"https:\/\/licences.grenoble.cnrs.fr\/wordpress\/wp-content\/uploads\/2025\/06\/Capture-de\u0301cran-2025-06-26-a\u0300-13.37.12.png 846w, https:\/\/licences.grenoble.cnrs.fr\/wordpress\/wp-content\/uploads\/2025\/06\/Capture-de\u0301cran-2025-06-26-a\u0300-13.37.12-300x231.png 300w, https:\/\/licences.grenoble.cnrs.fr\/wordpress\/wp-content\/uploads\/2025\/06\/Capture-de\u0301cran-2025-06-26-a\u0300-13.37.12-768x592.png 768w\" sizes=\"auto, (max-width: 300px) 100vw, 300px\" \/> <img loading=\"lazy\" decoding=\"async\" width=\"300\" height=\"231\" class=\"wp-image-660\" style=\"width: 300px;\" src=\"https:\/\/licences.grenoble.cnrs.fr\/wordpress\/wp-content\/uploads\/2025\/06\/Capture-de\u0301cran-2025-06-26-a\u0300-13.37.27.png\" alt=\"\" srcset=\"https:\/\/licences.grenoble.cnrs.fr\/wordpress\/wp-content\/uploads\/2025\/06\/Capture-de\u0301cran-2025-06-26-a\u0300-13.37.27.png 838w, https:\/\/licences.grenoble.cnrs.fr\/wordpress\/wp-content\/uploads\/2025\/06\/Capture-de\u0301cran-2025-06-26-a\u0300-13.37.27-300x231.png 300w, https:\/\/licences.grenoble.cnrs.fr\/wordpress\/wp-content\/uploads\/2025\/06\/Capture-de\u0301cran-2025-06-26-a\u0300-13.37.27-768x591.png 768w\" sizes=\"auto, (max-width: 300px) 100vw, 300px\" \/><br><br>&#8211; Lancer le logiciel : <br>\/usr\/loca\/MATLAB\/R20XX\/bin\/matlab<br><br><br><br><\/td><\/tr><\/tbody><\/table><\/figure>\n\n\n\n<p><\/p>\n","protected":false},"excerpt":{"rendered":"<p>Date de mise \u00e0 jour : 07-07-2025 &#8211;> Julien MICHELInstallation de Matlab Version XXXXX pour LinuxPr\u00e9-requis : (dans la section [&hellip;]<\/p>\n","protected":false},"author":2,"featured_media":0,"parent":0,"menu_order":0,"comment_status":"closed","ping_status":"closed","template":"","meta":{"site-sidebar-layout":"default","site-content-layout":"","ast-site-content-layout":"default","site-content-style":"default","site-sidebar-style":"default","ast-global-header-display":"","ast-banner-title-visibility":"","ast-main-header-display":"","ast-hfb-above-header-display":"","ast-hfb-below-header-display":"","ast-hfb-mobile-header-display":"","site-post-title":"","ast-breadcrumbs-content":"","ast-featured-img":"","footer-sml-layout":"","theme-transparent-header-meta":"","adv-header-id-meta":"","stick-header-meta":"","header-above-stick-meta":"","header-main-stick-meta":"","header-below-stick-meta":"","astra-migrate-meta-layouts":"default","ast-page-background-enabled":"default","ast-page-background-meta":{"desktop":{"background-color":"var(--ast-global-color-5)","background-image":"","background-repeat":"repeat","background-position":"center center","background-size":"auto","background-attachment":"scroll","background-type":"","background-media":"","overlay-type":"","overlay-color":"","overlay-opacity":"","overlay-gradient":""},"tablet":{"background-color":"","background-image":"","background-repeat":"repeat","background-position":"center center","background-size":"auto","background-attachment":"scroll","background-type":"","background-media":"","overlay-type":"","overlay-color":"","overlay-opacity":"","overlay-gradient":""},"mobile":{"background-color":"","background-image":"","background-repeat":"repeat","background-position":"center center","background-size":"auto","background-attachment":"scroll","background-type":"","background-media":"","overlay-type":"","overlay-color":"","overlay-opacity":"","overlay-gradient":""}},"ast-content-background-meta":{"desktop":{"background-color":"var(--ast-global-color-4)","background-image":"","background-repeat":"repeat","background-position":"center center","background-size":"auto","background-attachment":"scroll","background-type":"","background-media":"","overlay-type":"","overlay-color":"","overlay-opacity":"","overlay-gradient":""},"tablet":{"background-color":"var(--ast-global-color-4)","background-image":"","background-repeat":"repeat","background-position":"center center","background-size":"auto","background-attachment":"scroll","background-type":"","background-media":"","overlay-type":"","overlay-color":"","overlay-opacity":"","overlay-gradient":""},"mobile":{"background-color":"var(--ast-global-color-4)","background-image":"","background-repeat":"repeat","background-position":"center center","background-size":"auto","background-attachment":"scroll","background-type":"","background-media":"","overlay-type":"","overlay-color":"","overlay-opacity":"","overlay-gradient":""}},"footnotes":""},"class_list":["post-761","page","type-page","status-publish","hentry"],"_links":{"self":[{"href":"https:\/\/licences.grenoble.cnrs.fr\/wordpress\/index.php?rest_route=\/wp\/v2\/pages\/761","targetHints":{"allow":["GET"]}}],"collection":[{"href":"https:\/\/licences.grenoble.cnrs.fr\/wordpress\/index.php?rest_route=\/wp\/v2\/pages"}],"about":[{"href":"https:\/\/licences.grenoble.cnrs.fr\/wordpress\/index.php?rest_route=\/wp\/v2\/types\/page"}],"author":[{"embeddable":true,"href":"https:\/\/licences.grenoble.cnrs.fr\/wordpress\/index.php?rest_route=\/wp\/v2\/users\/2"}],"replies":[{"embeddable":true,"href":"https:\/\/licences.grenoble.cnrs.fr\/wordpress\/index.php?rest_route=%2Fwp%2Fv2%2Fcomments&post=761"}],"version-history":[{"count":2,"href":"https:\/\/licences.grenoble.cnrs.fr\/wordpress\/index.php?rest_route=\/wp\/v2\/pages\/761\/revisions"}],"predecessor-version":[{"id":765,"href":"https:\/\/licences.grenoble.cnrs.fr\/wordpress\/index.php?rest_route=\/wp\/v2\/pages\/761\/revisions\/765"}],"wp:attachment":[{"href":"https:\/\/licences.grenoble.cnrs.fr\/wordpress\/index.php?rest_route=%2Fwp%2Fv2%2Fmedia&parent=761"}],"curies":[{"name":"wp","href":"https:\/\/api.w.org\/{rel}","templated":true}]}}