{"id":755,"date":"2025-10-09T12:26:51","date_gmt":"2025-10-09T10:26:51","guid":{"rendered":"https:\/\/licences.grenoble.cnrs.fr\/wordpress\/?page_id=755"},"modified":"2025-11-04T11:20:21","modified_gmt":"2025-11-04T10:20:21","slug":"installation-originv8-pour-windows","status":"publish","type":"page","link":"https:\/\/licences.grenoble.cnrs.fr\/wordpress\/?page_id=755","title":{"rendered":"Installation Origin V8 pour WINDOWS."},"content":{"rendered":"\n<ul class=\"wp-block-list\">\n<li class=\"sommaire has-ast-global-color-4-color has-cyan-bluish-gray-background-color has-text-color has-background has-link-color wp-elements-218e46cef4d548c35187034f31692f4d\"><strong><a href=\"#Labviewwin\" data-type=\"internal\" data-id=\"#Labviewwin\">Origin8 pour Windows <\/a><\/strong>\n<ul class=\"wp-block-list\">\n<li><a href=\"#LabviewPrerequis\" data-type=\"internal\" data-id=\"#Descriptionmat\u00e9riel\">Pr\u00e9-requis<\/a><\/li>\n\n\n\n<li><a href=\"#Origininstall\">Installation Origin<\/a><\/li>\n\n\n\n<li><a href=\"#OriginLancement\">Lancement Origin<\/a><\/li>\n\n\n\n<li><a href=\"#originlicence\">Licence Origin<\/a><\/li>\n<\/ul>\n<\/li>\n<\/ul>\n\n\n\n<p id=\"Labviewwin\"><img loading=\"lazy\" decoding=\"async\" width=\"150\" height=\"150\" class=\"wp-image-58\" style=\"width: 150px;\" src=\"https:\/\/licences.grenoble.cnrs.fr\/wordpress\/wp-content\/uploads\/2025\/04\/l65e62db5375afeb5a7bbf060194ee33738.png\" alt=\"\"><strong> V8.<\/strong>  <img loading=\"lazy\" decoding=\"async\" width=\"70\" height=\"62\" class=\"wp-image-59\" style=\"width: 70px;\" src=\"https:\/\/licences.grenoble.cnrs.fr\/wordpress\/wp-content\/uploads\/2025\/04\/logowindows.png\" alt=\"\"><br><strong>Date de mise \u00e0 jour : 04-11-2025 &#8211;&gt; Julien MICHEL<\/strong><br><br><strong><mark style=\"background-color:#abb8c3\" class=\"has-inline-color has-ast-global-color-8-color\">Installation de Origin  Version 8 pour WINDOWS <\/mark><\/strong><br><\/p>\n\n\n\n<p id=\"OriginPrerequis\"><strong><em>Pr\u00e9-requis : <\/em><\/strong>(dans la section <a href=\"https:\/\/licences.grenoble.cnrs.fr\/wordpress\/?page_id=83\" data-type=\"page\" data-id=\"83\">T\u00e9l\u00e9chargement<\/a>) <br>&#8211; T\u00e9l\u00e9charger la version de Origin V8.1<br><\/p>\n\n\n\n<p id=\"Origininstall\"><strong>Cliquez sur le fichier\u00ab Origin81.exe \u00bb et d\u00e9compressez le dans un r\u00e9pertoire :<\/strong><br><br><img loading=\"lazy\" decoding=\"async\" width=\"500\" height=\"371\" class=\"wp-image-981\" style=\"width: 500px;\" src=\"https:\/\/licences.grenoble.cnrs.fr\/wordpress\/wp-content\/uploads\/2025\/11\/origin8-01.png\" alt=\"\" srcset=\"https:\/\/licences.grenoble.cnrs.fr\/wordpress\/wp-content\/uploads\/2025\/11\/origin8-01.png 517w, https:\/\/licences.grenoble.cnrs.fr\/wordpress\/wp-content\/uploads\/2025\/11\/origin8-01-300x223.png 300w\" sizes=\"auto, (max-width: 500px) 100vw, 500px\" \/> <br><br><strong>Une fois d\u00e9compresser ex\u00e9cutez le fichier \u00abSetup.exe \u00bb<\/strong> : <br><br> <img loading=\"lazy\" decoding=\"async\" width=\"500\" height=\"174\" class=\"wp-image-1002\" style=\"width: 500px;\" src=\"https:\/\/licences.grenoble.cnrs.fr\/wordpress\/wp-content\/uploads\/2025\/11\/origin8-02.png\" alt=\"\" srcset=\"https:\/\/licences.grenoble.cnrs.fr\/wordpress\/wp-content\/uploads\/2025\/11\/origin8-02.png 620w, https:\/\/licences.grenoble.cnrs.fr\/wordpress\/wp-content\/uploads\/2025\/11\/origin8-02-300x105.png 300w\" sizes=\"auto, (max-width: 500px) 100vw, 500px\" \/><br><br><\/p>\n\n\n\n<p><strong>Cliquez sur \u00abNext\u00bb puis \u00abNext\u00bb <\/strong><br><br><img loading=\"lazy\" decoding=\"async\" width=\"500\" height=\"374\" class=\"wp-image-1001\" style=\"width: 500px;\" src=\"https:\/\/licences.grenoble.cnrs.fr\/wordpress\/wp-content\/uploads\/2025\/11\/origin8-03.png\" alt=\"\" srcset=\"https:\/\/licences.grenoble.cnrs.fr\/wordpress\/wp-content\/uploads\/2025\/11\/origin8-03.png 434w, https:\/\/licences.grenoble.cnrs.fr\/wordpress\/wp-content\/uploads\/2025\/11\/origin8-03-300x225.png 300w\" sizes=\"auto, (max-width: 500px) 100vw, 500px\" \/>.   <img loading=\"lazy\" decoding=\"async\" width=\"500\" height=\"374\" class=\"wp-image-1000\" style=\"width: 500px;\" src=\"https:\/\/licences.grenoble.cnrs.fr\/wordpress\/wp-content\/uploads\/2025\/11\/origin8-04.png\" alt=\"\" srcset=\"https:\/\/licences.grenoble.cnrs.fr\/wordpress\/wp-content\/uploads\/2025\/11\/origin8-04.png 439w, https:\/\/licences.grenoble.cnrs.fr\/wordpress\/wp-content\/uploads\/2025\/11\/origin8-04-300x224.png 300w\" sizes=\"auto, (max-width: 500px) 100vw, 500px\" \/><br><br><\/p>\n\n\n\n<h6><strong>Dans \u00ab License Agreement \u00bb cliquez sur \u00ab Yes \u00bb , puis \u00ab Install Product \u00bb:<\/strong><br \/><img loading=\"lazy\" decoding=\"async\" class=\"alignnone wp-image-999 size-full\" src=\"https:\/\/licences.grenoble.cnrs.fr\/wordpress\/wp-content\/uploads\/2025\/11\/origin8-05.png\" alt=\"\" width=\"436\" height=\"338\" srcset=\"https:\/\/licences.grenoble.cnrs.fr\/wordpress\/wp-content\/uploads\/2025\/11\/origin8-05.png 436w, https:\/\/licences.grenoble.cnrs.fr\/wordpress\/wp-content\/uploads\/2025\/11\/origin8-05-300x233.png 300w\" sizes=\"auto, (max-width: 436px) 100vw, 436px\" \/>.\u00a0 \u00a0<img loading=\"lazy\" decoding=\"async\" class=\"alignnone wp-image-998 size-full\" src=\"https:\/\/licences.grenoble.cnrs.fr\/wordpress\/wp-content\/uploads\/2025\/11\/origin8-06.png\" alt=\"\" width=\"437\" height=\"334\" srcset=\"https:\/\/licences.grenoble.cnrs.fr\/wordpress\/wp-content\/uploads\/2025\/11\/origin8-06.png 437w, https:\/\/licences.grenoble.cnrs.fr\/wordpress\/wp-content\/uploads\/2025\/11\/origin8-06-300x229.png 300w\" sizes=\"auto, (max-width: 437px) 100vw, 437px\" \/><br \/><br \/>Dans \u00ab Origin Setup \u00bb , Entrez le \u00ab Serial Number \u00bb \u2010\u2010\u2010\u2010\u2010\u2010&gt; <span style=\"background-color: #ffff00;\"><strong>GF3S5\u20103078\u20107901737<\/strong><\/span><\/h6>\n<h6><br \/>. <img loading=\"lazy\" decoding=\"async\" class=\"alignnone wp-image-997 size-full\" src=\"https:\/\/licences.grenoble.cnrs.fr\/wordpress\/wp-content\/uploads\/2025\/11\/origin8-07.png\" alt=\"\" width=\"619\" height=\"472\" srcset=\"https:\/\/licences.grenoble.cnrs.fr\/wordpress\/wp-content\/uploads\/2025\/11\/origin8-07.png 619w, https:\/\/licences.grenoble.cnrs.fr\/wordpress\/wp-content\/uploads\/2025\/11\/origin8-07-300x229.png 300w\" sizes=\"auto, (max-width: 619px) 100vw, 619px\" \/><br \/><br \/><\/h6>\n\n\n\n<p><strong>Cliquez sur \u00ab Yes \u00bb<\/strong>:<br><img loading=\"lazy\" decoding=\"async\" width=\"500\" height=\"345\" class=\"wp-image-994\" style=\"width: 500px;\" src=\"https:\/\/licences.grenoble.cnrs.fr\/wordpress\/wp-content\/uploads\/2025\/11\/origin8-10.png\" alt=\"\" srcset=\"https:\/\/licences.grenoble.cnrs.fr\/wordpress\/wp-content\/uploads\/2025\/11\/origin8-10.png 312w, https:\/\/licences.grenoble.cnrs.fr\/wordpress\/wp-content\/uploads\/2025\/11\/origin8-10-300x207.png 300w\" sizes=\"auto, (max-width: 500px) 100vw, 500px\" \/><br><strong><br>Cliquez sur \u00ab Next \u00bb ( sauf si vous voulez changer le r\u00e9pertoire d\u2019installation)<br>Puis cliquez sur \u00ab Oui \u00bb pour la cr\u00e9ation du r\u00e9pertoire.<\/strong><\/p>\n\n\n\n<p><img loading=\"lazy\" decoding=\"async\" width=\"500\" height=\"385\" class=\"wp-image-995\" style=\"width: 500px;\" src=\"https:\/\/licences.grenoble.cnrs.fr\/wordpress\/wp-content\/uploads\/2025\/11\/origin8-09.png\" alt=\"\" srcset=\"https:\/\/licences.grenoble.cnrs.fr\/wordpress\/wp-content\/uploads\/2025\/11\/origin8-09.png 459w, https:\/\/licences.grenoble.cnrs.fr\/wordpress\/wp-content\/uploads\/2025\/11\/origin8-09-300x231.png 300w\" sizes=\"auto, (max-width: 500px) 100vw, 500px\" \/>.   <img loading=\"lazy\" decoding=\"async\" width=\"500\" height=\"345\" class=\"wp-image-994\" style=\"width: 500px;\" src=\"https:\/\/licences.grenoble.cnrs.fr\/wordpress\/wp-content\/uploads\/2025\/11\/origin8-10.png\" alt=\"\" srcset=\"https:\/\/licences.grenoble.cnrs.fr\/wordpress\/wp-content\/uploads\/2025\/11\/origin8-10.png 312w, https:\/\/licences.grenoble.cnrs.fr\/wordpress\/wp-content\/uploads\/2025\/11\/origin8-10-300x207.png 300w\" sizes=\"auto, (max-width: 500px) 100vw, 500px\" \/><\/p>\n\n\n\n<p><\/p>\n\n\n\n<p class=\"has-text-align-center\"><strong>  <\/strong><br>Choisissez vos options puis cliquez sur \u00ab Next \u00bb<br> <img loading=\"lazy\" decoding=\"async\" width=\"500\" height=\"384\" class=\"wp-image-993\" style=\"width: 500px;\" src=\"https:\/\/licences.grenoble.cnrs.fr\/wordpress\/wp-content\/uploads\/2025\/11\/origin8-11.png\" alt=\"\" srcset=\"https:\/\/licences.grenoble.cnrs.fr\/wordpress\/wp-content\/uploads\/2025\/11\/origin8-11.png 439w, https:\/\/licences.grenoble.cnrs.fr\/wordpress\/wp-content\/uploads\/2025\/11\/origin8-11-300x230.png 300w\" sizes=\"auto, (max-width: 500px) 100vw, 500px\" \/>.  <img loading=\"lazy\" decoding=\"async\" width=\"500\" height=\"384\" class=\"wp-image-992\" style=\"width: 500px;\" src=\"https:\/\/licences.grenoble.cnrs.fr\/wordpress\/wp-content\/uploads\/2025\/11\/origin8-12.png\" alt=\"\" srcset=\"https:\/\/licences.grenoble.cnrs.fr\/wordpress\/wp-content\/uploads\/2025\/11\/origin8-12.png 436w, https:\/\/licences.grenoble.cnrs.fr\/wordpress\/wp-content\/uploads\/2025\/11\/origin8-12-300x231.png 300w\" sizes=\"auto, (max-width: 500px) 100vw, 500px\" \/><img loading=\"lazy\" decoding=\"async\" width=\"500\" height=\"381\" class=\"wp-image-991\" style=\"width: 500px;\" src=\"https:\/\/licences.grenoble.cnrs.fr\/wordpress\/wp-content\/uploads\/2025\/11\/origin8-13.png\" alt=\"\" srcset=\"https:\/\/licences.grenoble.cnrs.fr\/wordpress\/wp-content\/uploads\/2025\/11\/origin8-13.png 441w, https:\/\/licences.grenoble.cnrs.fr\/wordpress\/wp-content\/uploads\/2025\/11\/origin8-13-300x229.png 300w\" sizes=\"auto, (max-width: 500px) 100vw, 500px\" \/>.   <img loading=\"lazy\" decoding=\"async\" width=\"500\" height=\"382\" class=\"wp-image-990\" style=\"width: 500px;\" src=\"https:\/\/licences.grenoble.cnrs.fr\/wordpress\/wp-content\/uploads\/2025\/11\/origin8-14.png\" alt=\"\" srcset=\"https:\/\/licences.grenoble.cnrs.fr\/wordpress\/wp-content\/uploads\/2025\/11\/origin8-14.png 444w, https:\/\/licences.grenoble.cnrs.fr\/wordpress\/wp-content\/uploads\/2025\/11\/origin8-14-300x229.png 300w\" sizes=\"auto, (max-width: 500px) 100vw, 500px\" \/><img loading=\"lazy\" decoding=\"async\" width=\"500\" height=\"382\" class=\"wp-image-989\" style=\"width: 500px;\" src=\"https:\/\/licences.grenoble.cnrs.fr\/wordpress\/wp-content\/uploads\/2025\/11\/origin8-15.png\" alt=\"\" srcset=\"https:\/\/licences.grenoble.cnrs.fr\/wordpress\/wp-content\/uploads\/2025\/11\/origin8-15.png 439w, https:\/\/licences.grenoble.cnrs.fr\/wordpress\/wp-content\/uploads\/2025\/11\/origin8-15-300x229.png 300w\" sizes=\"auto, (max-width: 500px) 100vw, 500px\" \/>.   <img loading=\"lazy\" decoding=\"async\" width=\"500\" height=\"380\" class=\"wp-image-988\" style=\"width: 500px;\" src=\"https:\/\/licences.grenoble.cnrs.fr\/wordpress\/wp-content\/uploads\/2025\/11\/origin8-16.png\" alt=\"\" srcset=\"https:\/\/licences.grenoble.cnrs.fr\/wordpress\/wp-content\/uploads\/2025\/11\/origin8-16.png 436w, https:\/\/licences.grenoble.cnrs.fr\/wordpress\/wp-content\/uploads\/2025\/11\/origin8-16-300x228.png 300w\" sizes=\"auto, (max-width: 500px) 100vw, 500px\" \/><img loading=\"lazy\" decoding=\"async\" width=\"500\" height=\"381\" class=\"wp-image-987\" style=\"width: 500px;\" src=\"https:\/\/licences.grenoble.cnrs.fr\/wordpress\/wp-content\/uploads\/2025\/11\/origin8-17.png\" alt=\"\" srcset=\"https:\/\/licences.grenoble.cnrs.fr\/wordpress\/wp-content\/uploads\/2025\/11\/origin8-17.png 628w, https:\/\/licences.grenoble.cnrs.fr\/wordpress\/wp-content\/uploads\/2025\/11\/origin8-17-300x229.png 300w\" sizes=\"auto, (max-width: 500px) 100vw, 500px\" \/><br><\/p>\n\n\n\n<p id=\"OriginLancement\"><strong> Cliquez sur le Raccourci Origin8.1:<\/strong><br><img loading=\"lazy\" decoding=\"async\" width=\"500\" height=\"215\" class=\"wp-image-986\" style=\"width: 500px;\" src=\"https:\/\/licences.grenoble.cnrs.fr\/wordpress\/wp-content\/uploads\/2025\/11\/origin8-18.png\" alt=\"\" srcset=\"https:\/\/licences.grenoble.cnrs.fr\/wordpress\/wp-content\/uploads\/2025\/11\/origin8-18.png 781w, https:\/\/licences.grenoble.cnrs.fr\/wordpress\/wp-content\/uploads\/2025\/11\/origin8-18-300x129.png 300w, https:\/\/licences.grenoble.cnrs.fr\/wordpress\/wp-content\/uploads\/2025\/11\/origin8-18-768x330.png 768w\" sizes=\"auto, (max-width: 500px) 100vw, 500px\" \/><\/p>\n\n\n\n<p><strong>Cliquez sur \u00ab OK \u00bb puis sur \u00ab Oui \u00bb<\/strong><br><img loading=\"lazy\" decoding=\"async\" width=\"500\" height=\"217\" class=\"wp-image-985\" style=\"width: 500px;\" src=\"https:\/\/licences.grenoble.cnrs.fr\/wordpress\/wp-content\/uploads\/2025\/11\/origin8-19.png\" alt=\"\" srcset=\"https:\/\/licences.grenoble.cnrs.fr\/wordpress\/wp-content\/uploads\/2025\/11\/origin8-19.png 713w, https:\/\/licences.grenoble.cnrs.fr\/wordpress\/wp-content\/uploads\/2025\/11\/origin8-19-300x130.png 300w\" sizes=\"auto, (max-width: 500px) 100vw, 500px\" \/><img loading=\"lazy\" decoding=\"async\" width=\"500\" height=\"160\" class=\"wp-image-984\" style=\"width: 500px;\" src=\"https:\/\/licences.grenoble.cnrs.fr\/wordpress\/wp-content\/uploads\/2025\/11\/origin8-20.png\" alt=\"\" srcset=\"https:\/\/licences.grenoble.cnrs.fr\/wordpress\/wp-content\/uploads\/2025\/11\/origin8-20.png 604w, https:\/\/licences.grenoble.cnrs.fr\/wordpress\/wp-content\/uploads\/2025\/11\/origin8-20-300x96.png 300w\" sizes=\"auto, (max-width: 500px) 100vw, 500px\" \/><br><\/p>\n\n\n\n<p><\/p>\n\n\n\n<p id=\"originlicence\"><strong>Une fen\u00eatre License information s\u2019ouvre :<\/strong><br><br><mark style=\"background-color:rgba(0, 0, 0, 0);color:#cf2e2e\" class=\"has-inline-color\">FLEXlm Server : licences.grenoble.cnrs.fr<br>TCP\/IP Port : 27001<\/mark><\/p>\n\n\n\n<p><img loading=\"lazy\" decoding=\"async\" width=\"500\" height=\"361\" class=\"wp-image-983\" style=\"width: 500px;\" src=\"https:\/\/licences.grenoble.cnrs.fr\/wordpress\/wp-content\/uploads\/2025\/11\/origin8-21.png\" alt=\"\" srcset=\"https:\/\/licences.grenoble.cnrs.fr\/wordpress\/wp-content\/uploads\/2025\/11\/origin8-21.png 808w, https:\/\/licences.grenoble.cnrs.fr\/wordpress\/wp-content\/uploads\/2025\/11\/origin8-21-300x216.png 300w, https:\/\/licences.grenoble.cnrs.fr\/wordpress\/wp-content\/uploads\/2025\/11\/origin8-21-768x554.png 768w\" sizes=\"auto, (max-width: 500px) 100vw, 500px\" \/><\/p>\n\n\n\n<p>Une fen\u00eatre License information s\u2019ouvre :<br>Une fois le serveur enregistr\u00e9, la fen\u00eatre suivante appara\u00eet<\/p>\n\n\n\n<p class=\"has-text-align-center\"><br> <img loading=\"lazy\" decoding=\"async\" width=\"300\" height=\"173\" class=\"wp-image-982\" style=\"width: 300px;\" src=\"https:\/\/licences.grenoble.cnrs.fr\/wordpress\/wp-content\/uploads\/2025\/11\/origin8-22.png\" alt=\"\" srcset=\"https:\/\/licences.grenoble.cnrs.fr\/wordpress\/wp-content\/uploads\/2025\/11\/origin8-22.png 316w, https:\/\/licences.grenoble.cnrs.fr\/wordpress\/wp-content\/uploads\/2025\/11\/origin8-22-300x173.png 300w\" sizes=\"auto, (max-width: 300px) 100vw, 300px\" \/><br><strong><mark>ATTENTION !!<br>FERMEZ VOTRE ORIGIN 8.1<br>Puis RELANCEZ LE !!<\/mark><br><\/strong><\/p>\n","protected":false},"excerpt":{"rendered":"<p>V8. Date de mise \u00e0 jour : 04-11-2025 &#8211;&gt; Julien MICHELInstallation de Origin Version 8 pour WINDOWS Pr\u00e9-requis : (dans [&hellip;]<\/p>\n","protected":false},"author":2,"featured_media":0,"parent":0,"menu_order":0,"comment_status":"closed","ping_status":"closed","template":"","meta":{"site-sidebar-layout":"default","site-content-layout":"","ast-site-content-layout":"default","site-content-style":"default","site-sidebar-style":"default","ast-global-header-display":"","ast-banner-title-visibility":"","ast-main-header-display":"","ast-hfb-above-header-display":"","ast-hfb-below-header-display":"","ast-hfb-mobile-header-display":"","site-post-title":"","ast-breadcrumbs-content":"","ast-featured-img":"","footer-sml-layout":"","theme-transparent-header-meta":"","adv-header-id-meta":"","stick-header-meta":"","header-above-stick-meta":"","header-main-stick-meta":"","header-below-stick-meta":"","astra-migrate-meta-layouts":"default","ast-page-background-enabled":"default","ast-page-background-meta":{"desktop":{"background-color":"var(--ast-global-color-5)","background-image":"","background-repeat":"repeat","background-position":"center center","background-size":"auto","background-attachment":"scroll","background-type":"","background-media":"","overlay-type":"","overlay-color":"","overlay-opacity":"","overlay-gradient":""},"tablet":{"background-color":"","background-image":"","background-repeat":"repeat","background-position":"center center","background-size":"auto","background-attachment":"scroll","background-type":"","background-media":"","overlay-type":"","overlay-color":"","overlay-opacity":"","overlay-gradient":""},"mobile":{"background-color":"","background-image":"","background-repeat":"repeat","background-position":"center center","background-size":"auto","background-attachment":"scroll","background-type":"","background-media":"","overlay-type":"","overlay-color":"","overlay-opacity":"","overlay-gradient":""}},"ast-content-background-meta":{"desktop":{"background-color":"var(--ast-global-color-4)","background-image":"","background-repeat":"repeat","background-position":"center center","background-size":"auto","background-attachment":"scroll","background-type":"","background-media":"","overlay-type":"","overlay-color":"","overlay-opacity":"","overlay-gradient":""},"tablet":{"background-color":"var(--ast-global-color-4)","background-image":"","background-repeat":"repeat","background-position":"center center","background-size":"auto","background-attachment":"scroll","background-type":"","background-media":"","overlay-type":"","overlay-color":"","overlay-opacity":"","overlay-gradient":""},"mobile":{"background-color":"var(--ast-global-color-4)","background-image":"","background-repeat":"repeat","background-position":"center center","background-size":"auto","background-attachment":"scroll","background-type":"","background-media":"","overlay-type":"","overlay-color":"","overlay-opacity":"","overlay-gradient":""}},"footnotes":""},"class_list":["post-755","page","type-page","status-publish","hentry"],"_links":{"self":[{"href":"https:\/\/licences.grenoble.cnrs.fr\/wordpress\/index.php?rest_route=\/wp\/v2\/pages\/755","targetHints":{"allow":["GET"]}}],"collection":[{"href":"https:\/\/licences.grenoble.cnrs.fr\/wordpress\/index.php?rest_route=\/wp\/v2\/pages"}],"about":[{"href":"https:\/\/licences.grenoble.cnrs.fr\/wordpress\/index.php?rest_route=\/wp\/v2\/types\/page"}],"author":[{"embeddable":true,"href":"https:\/\/licences.grenoble.cnrs.fr\/wordpress\/index.php?rest_route=\/wp\/v2\/users\/2"}],"replies":[{"embeddable":true,"href":"https:\/\/licences.grenoble.cnrs.fr\/wordpress\/index.php?rest_route=%2Fwp%2Fv2%2Fcomments&post=755"}],"version-history":[{"count":18,"href":"https:\/\/licences.grenoble.cnrs.fr\/wordpress\/index.php?rest_route=\/wp\/v2\/pages\/755\/revisions"}],"predecessor-version":[{"id":1185,"href":"https:\/\/licences.grenoble.cnrs.fr\/wordpress\/index.php?rest_route=\/wp\/v2\/pages\/755\/revisions\/1185"}],"wp:attachment":[{"href":"https:\/\/licences.grenoble.cnrs.fr\/wordpress\/index.php?rest_route=%2Fwp%2Fv2%2Fmedia&parent=755"}],"curies":[{"name":"wp","href":"https:\/\/api.w.org\/{rel}","templated":true}]}}