{"id":48,"date":"2025-04-01T15:49:40","date_gmt":"2025-04-01T13:49:40","guid":{"rendered":"https:\/\/srv-licence2.grenoble.cnrs.fr\/wordpress\/?page_id=48"},"modified":"2025-11-21T08:16:14","modified_gmt":"2025-11-21T07:16:14","slug":"accueil","status":"publish","type":"page","link":"https:\/\/licences.grenoble.cnrs.fr\/wordpress\/","title":{"rendered":"Bienvenue sur le serveur de licences mutualis\u00e9s du campus CNRS"},"content":{"rendered":"\n<div style=\"display: flex; gap: 40px; align-items: center;\">\n    \n    <a href=\"https:\/\/neel.cnrs.fr\/\" target=\"_blank\" title=\"Visitez le site de l'INSTITUT NEEL\">\n        <img decoding=\"async\" src=\"https:\/\/licences.grenoble.cnrs.fr\/wordpress\/wp-content\/uploads\/2025\/04\/neel.png\" \n             alt=\"Logo de l'INSTITUT NEEL\" \n             style=\"width: 200px; height: auto;\"\/>\n    <\/a>\n    <a href=\"https:\/\/lpmmc.cnrs.fr\/\" target=\"_blank\" title=\"Visitez le site du LPMMC\">\n        <img decoding=\"async\" src=\"https:\/\/licences.grenoble.cnrs.fr\/wordpress\/wp-content\/uploads\/2025\/04\/lpmmc.png\" \n             alt=\"Logo du LPMMC\" \n             style=\"width: 150px; height: auto;\"\/>\n    <\/a>\n    <a href=\"https:\/\/lncmi.cnrs.fr\/\" target=\"_blank\" title=\"Visitez le site du LNCMI\">\n        <img decoding=\"async\" src=\"https:\/\/licences.grenoble.cnrs.fr\/wordpress\/wp-content\/uploads\/2025\/04\/lncmim.png\" \n             alt=\"Logo du LNCMI\" \n             style=\"width: 150px; height: auto;\"\/>\n    <\/a>\n    <a href=\"https:\/\/g2elab.grenoble-inp.fr\/\" target=\"_blank\" title=\"Visitez le site du G2Elab\">\n        <img decoding=\"async\" src=\"https:\/\/licences.grenoble.cnrs.fr\/wordpress\/wp-content\/uploads\/2025\/04\/g2elb.png\" \n             alt=\"Logo du G2Elab\" \n             style=\"width: 150px; height: auto;\"\/>\n    <\/a>\n<\/div>\n\n\n\n<h3 class=\"wp-block-heading\">Description du service<\/h3>\n\n\n\n<figure class=\"wp-block-table\"><table class=\"has-fixed-layout\"><tbody><tr><td>En raison du co\u00fbt tr\u00e8s \u00e9lev\u00e9 des logiciels scientifiques, certains laboratoires du site ont d\u00e9cid\u00e9 de mutualiser leurs licences logicielles afin de fournir \u00e0 tous la possibilit\u00e9 d\u2019utiliser ces logiciels. Les licences disponibles sur ce serveur sont \u00ab flottantes \u00bb, ce qui signifie que vous n\u2019utilisez une licence que lorsque vous ouvrez votre logiciel. Lorsque vous le refermez, la licence est remise \u00e0 la disposition d\u2019une autre personne. Voici la liste des logiciels disponibles ainsi que le nombre de licences correspondantes :<\/td><\/tr><\/tbody><\/table><\/figure>\n\n\n\n<p><\/p>\n\n\n\n<figure class=\"wp-block-table\"><table class=\"has-fixed-layout\"><tbody><tr><td class=\"has-text-align-center\" data-align=\"center\"><strong>Logiciel \/ Editeur<\/strong><\/td><td class=\"has-text-align-center\" data-align=\"center\"><strong>Plateformes<\/strong><\/td><td class=\"has-text-align-center\" data-align=\"center\"><strong>Licences<\/strong><\/td><\/tr><tr><td class=\"has-text-align-center\" data-align=\"center\"><img loading=\"lazy\" decoding=\"async\" width=\"50\" height=\"50\" class=\"wp-image-1027\" style=\"width: 50px;\" src=\"https:\/\/licences.grenoble.cnrs.fr\/wordpress\/wp-content\/uploads\/2025\/11\/icons8-ok-480.png\" alt=\"\" srcset=\"https:\/\/licences.grenoble.cnrs.fr\/wordpress\/wp-content\/uploads\/2025\/11\/icons8-ok-480.png 480w, https:\/\/licences.grenoble.cnrs.fr\/wordpress\/wp-content\/uploads\/2025\/11\/icons8-ok-480-300x300.png 300w, https:\/\/licences.grenoble.cnrs.fr\/wordpress\/wp-content\/uploads\/2025\/11\/icons8-ok-480-150x150.png 150w\" sizes=\"auto, (max-width: 50px) 100vw, 50px\" \/><img loading=\"lazy\" decoding=\"async\" width=\"150\" height=\"84\" class=\"wp-image-55\" style=\"width: 150px;\" src=\"https:\/\/licences.grenoble.cnrs.fr\/wordpress\/wp-content\/uploads\/2025\/04\/pngwing.com_.png\" alt=\"\"><br><\/td><td class=\"has-text-align-center\" data-align=\"center\"><img loading=\"lazy\" decoding=\"async\" width=\"50\" height=\"44\" class=\"wp-image-59\" style=\"width: 50px;\" src=\"https:\/\/licences.grenoble.cnrs.fr\/wordpress\/wp-content\/uploads\/2025\/04\/logowindows.png\" alt=\"\">   <img loading=\"lazy\" decoding=\"async\" width=\"50\" height=\"58\" class=\"wp-image-60\" style=\"width: 50px;\" src=\"https:\/\/licences.grenoble.cnrs.fr\/wordpress\/wp-content\/uploads\/2025\/04\/logomac.png\" alt=\"\">  <img loading=\"lazy\" decoding=\"async\" width=\"50\" height=\"51\" class=\"wp-image-61\" style=\"width: 50px;\" src=\"https:\/\/licences.grenoble.cnrs.fr\/wordpress\/wp-content\/uploads\/2025\/04\/logolinux.png\" alt=\"\"><\/td><td class=\"has-text-align-center\" data-align=\"center\"><strong>MATLAB<\/strong> &#8211;&gt; 21 Licences<br> <strong>Simulink<\/strong> &#8211;&gt; 1 Licence<br> <strong>Control System Toolbox &#8211;<\/strong>-&gt; 1 Licence<br> <strong> Curve Fitting Toolbox<\/strong> &#8211;&gt; 2 Licences<br> <strong>Image Processing Toolbox<\/strong> &#8211;&gt; 1 Licence<br> <strong>MATLAB Compiler<\/strong> &#8211;&gt; 1 Licence<br> <strong>Optimization Toolbox<\/strong> &#8211;&gt; 2 Licences<br> <strong>Parallel Computing Toolbox<\/strong> &#8211;&gt; 2 Licences<br> <strong>Signal Processing Toolbox <\/strong>&#8211;&gt; 2 Licences<br> <strong>Simscape <\/strong>&#8211;&gt; 1 Licence<br> <strong>Simscape Electrical<\/strong> &#8211;&gt; 1 Licence<br> <strong>Simscape Fluids<\/strong> &#8211;&gt; 1 Licence<br> <strong>Machine Learning Toolbox <\/strong>&#8211;&gt; 1 Licence<br> <strong>Symbolic Math Toolbox <\/strong>&#8211;&gt; 1 Licence<\/td><\/tr><tr><td class=\"has-text-align-center\" data-align=\"center\"><img loading=\"lazy\" decoding=\"async\" width=\"50\" height=\"50\" class=\"wp-image-1027\" style=\"width: 50px;\" src=\"https:\/\/licences.grenoble.cnrs.fr\/wordpress\/wp-content\/uploads\/2025\/11\/icons8-ok-480.png\" alt=\"\" srcset=\"https:\/\/licences.grenoble.cnrs.fr\/wordpress\/wp-content\/uploads\/2025\/11\/icons8-ok-480.png 480w, https:\/\/licences.grenoble.cnrs.fr\/wordpress\/wp-content\/uploads\/2025\/11\/icons8-ok-480-300x300.png 300w, https:\/\/licences.grenoble.cnrs.fr\/wordpress\/wp-content\/uploads\/2025\/11\/icons8-ok-480-150x150.png 150w\" sizes=\"auto, (max-width: 50px) 100vw, 50px\" \/><img loading=\"lazy\" decoding=\"async\" width=\"150\" height=\"31\" class=\"wp-image-57\" style=\"width: 150px;\" src=\"https:\/\/licences.grenoble.cnrs.fr\/wordpress\/wp-content\/uploads\/2025\/04\/toppng.com-lv-labview-logo-1000x207-1.png\" alt=\"\"><\/td><td class=\"has-text-align-center\" data-align=\"center\"><strong><img loading=\"lazy\" decoding=\"async\" width=\"50\" height=\"44\" class=\"wp-image-59\" style=\"width: 50px;\" src=\"https:\/\/licences.grenoble.cnrs.fr\/wordpress\/wp-content\/uploads\/2025\/04\/logowindows.png\" alt=\"\">   <img loading=\"lazy\" decoding=\"async\" width=\"50\" height=\"58\" class=\"wp-image-60\" style=\"width: 50px;\" src=\"https:\/\/licences.grenoble.cnrs.fr\/wordpress\/wp-content\/uploads\/2025\/04\/logomac.png\" alt=\"\">  <img loading=\"lazy\" decoding=\"async\" width=\"50\" height=\"51\" class=\"wp-image-61\" style=\"width: 50px;\" src=\"https:\/\/licences.grenoble.cnrs.fr\/wordpress\/wp-content\/uploads\/2025\/04\/logolinux.png\" alt=\"\"><\/strong><\/td><td class=\"has-text-align-center\" data-align=\"center\"><strong>60 Licences + 10 deconnect\u00e9es<\/strong><\/td><\/tr><tr><td class=\"has-text-align-center\" data-align=\"center\"><img loading=\"lazy\" decoding=\"async\" width=\"50\" height=\"50\" class=\"wp-image-1027\" style=\"width: 50px;\" src=\"https:\/\/licences.grenoble.cnrs.fr\/wordpress\/wp-content\/uploads\/2025\/11\/icons8-ok-480.png\" alt=\"\" srcset=\"https:\/\/licences.grenoble.cnrs.fr\/wordpress\/wp-content\/uploads\/2025\/11\/icons8-ok-480.png 480w, https:\/\/licences.grenoble.cnrs.fr\/wordpress\/wp-content\/uploads\/2025\/11\/icons8-ok-480-300x300.png 300w, https:\/\/licences.grenoble.cnrs.fr\/wordpress\/wp-content\/uploads\/2025\/11\/icons8-ok-480-150x150.png 150w\" sizes=\"auto, (max-width: 50px) 100vw, 50px\" \/><img loading=\"lazy\" decoding=\"async\" width=\"100\" height=\"100\" class=\"wp-image-58\" style=\"width: 100px;\" src=\"https:\/\/licences.grenoble.cnrs.fr\/wordpress\/wp-content\/uploads\/2025\/04\/l65e62db5375afeb5a7bbf060194ee33738.png\" alt=\"\"><strong>V8<\/strong><\/td><td class=\"has-text-align-center\" data-align=\"center\"><strong><strong><img loading=\"lazy\" decoding=\"async\" width=\"50\" height=\"44\" class=\"wp-image-59\" style=\"width: 50px;\" src=\"https:\/\/licences.grenoble.cnrs.fr\/wordpress\/wp-content\/uploads\/2025\/04\/logowindows.png\" alt=\"\"><\/strong><\/strong><\/td><td class=\"has-text-align-center\" data-align=\"center\"><strong>30 Licences<\/strong><\/td><\/tr><tr><td class=\"has-text-align-center\" data-align=\"center\"><img decoding=\"async\" class=\"wp-image-1026\" style=\"width: 50px;\" src=\"https:\/\/licences.grenoble.cnrs.fr\/wordpress\/wp-content\/uploads\/2025\/11\/icons8-ok-480.png\" alt=\"\"><img loading=\"lazy\" decoding=\"async\" width=\"100\" height=\"100\" class=\"wp-image-58\" style=\"width: 100px;\" src=\"https:\/\/licences.grenoble.cnrs.fr\/wordpress\/wp-content\/uploads\/2025\/04\/l65e62db5375afeb5a7bbf060194ee33738.png\" alt=\"\"><strong>V<\/strong>2021<\/td><td class=\"has-text-align-center\" data-align=\"center\"><strong><strong><img loading=\"lazy\" decoding=\"async\" width=\"50\" height=\"44\" class=\"wp-image-59\" style=\"width: 50px;\" src=\"https:\/\/licences.grenoble.cnrs.fr\/wordpress\/wp-content\/uploads\/2025\/04\/logowindows.png\" alt=\"\"><\/strong><\/strong><\/td><td class=\"has-text-align-center\" data-align=\"center\"><strong>30 Licences<\/strong><\/td><\/tr><tr><td class=\"has-text-align-center\" data-align=\"center\"><img loading=\"lazy\" decoding=\"async\" width=\"50\" height=\"50\" class=\"wp-image-1026\" style=\"width: 50px;\" src=\"https:\/\/licences.grenoble.cnrs.fr\/wordpress\/wp-content\/uploads\/2025\/11\/icons8-annuler-512.png\" alt=\"\" srcset=\"https:\/\/licences.grenoble.cnrs.fr\/wordpress\/wp-content\/uploads\/2025\/11\/icons8-annuler-512.png 512w, https:\/\/licences.grenoble.cnrs.fr\/wordpress\/wp-content\/uploads\/2025\/11\/icons8-annuler-512-300x300.png 300w, https:\/\/licences.grenoble.cnrs.fr\/wordpress\/wp-content\/uploads\/2025\/11\/icons8-annuler-512-150x150.png 150w\" sizes=\"auto, (max-width: 50px) 100vw, 50px\" \/><img loading=\"lazy\" decoding=\"async\" width=\"150\" height=\"66\" class=\"wp-image-63\" style=\"width: 150px;\" src=\"https:\/\/licences.grenoble.cnrs.fr\/wordpress\/wp-content\/uploads\/2025\/04\/pngegg.png\" alt=\"\"><\/td><td class=\"has-text-align-center\" data-align=\"center\"><strong><strong><img loading=\"lazy\" decoding=\"async\" width=\"50\" height=\"44\" class=\"wp-image-59\" style=\"width: 50px;\" src=\"https:\/\/licences.grenoble.cnrs.fr\/wordpress\/wp-content\/uploads\/2025\/04\/logowindows.png\" alt=\"\"><\/strong><\/strong><\/td><td class=\"has-text-align-center\" data-align=\"center\"><strong>5 Licences<\/strong><\/td><\/tr><tr><td class=\"has-text-align-center\" data-align=\"center\"><img loading=\"lazy\" decoding=\"async\" width=\"50\" height=\"50\" class=\"wp-image-1026\" style=\"width: 50px;\" src=\"https:\/\/licences.grenoble.cnrs.fr\/wordpress\/wp-content\/uploads\/2025\/11\/icons8-annuler-512.png\" alt=\"\" srcset=\"https:\/\/licences.grenoble.cnrs.fr\/wordpress\/wp-content\/uploads\/2025\/11\/icons8-annuler-512.png 512w, https:\/\/licences.grenoble.cnrs.fr\/wordpress\/wp-content\/uploads\/2025\/11\/icons8-annuler-512-300x300.png 300w, https:\/\/licences.grenoble.cnrs.fr\/wordpress\/wp-content\/uploads\/2025\/11\/icons8-annuler-512-150x150.png 150w\" sizes=\"auto, (max-width: 50px) 100vw, 50px\" \/><img loading=\"lazy\" decoding=\"async\" width=\"100\" height=\"77\" class=\"wp-image-64\" style=\"width: 100px;\" src=\"https:\/\/licences.grenoble.cnrs.fr\/wordpress\/wp-content\/uploads\/2025\/04\/PikPng.com_ds-logo-png_3859972.png\" alt=\"\"><\/td><td class=\"has-text-align-center\" data-align=\"center\"><strong><strong><img loading=\"lazy\" decoding=\"async\" width=\"50\" height=\"44\" class=\"wp-image-59\" style=\"width: 50px;\" src=\"https:\/\/licences.grenoble.cnrs.fr\/wordpress\/wp-content\/uploads\/2025\/04\/logowindows.png\" alt=\"\"><\/strong><\/strong><\/td><td class=\"has-text-align-center\" data-align=\"center\"><strong>20 Licences<\/strong><\/td><\/tr><tr><td class=\"has-text-align-center\" data-align=\"center\"><img loading=\"lazy\" decoding=\"async\" width=\"50\" height=\"50\" class=\"wp-image-1027\" style=\"width: 50px;\" src=\"https:\/\/licences.grenoble.cnrs.fr\/wordpress\/wp-content\/uploads\/2025\/11\/icons8-ok-480.png\" alt=\"\" srcset=\"https:\/\/licences.grenoble.cnrs.fr\/wordpress\/wp-content\/uploads\/2025\/11\/icons8-ok-480.png 480w, https:\/\/licences.grenoble.cnrs.fr\/wordpress\/wp-content\/uploads\/2025\/11\/icons8-ok-480-300x300.png 300w, https:\/\/licences.grenoble.cnrs.fr\/wordpress\/wp-content\/uploads\/2025\/11\/icons8-ok-480-150x150.png 150w\" sizes=\"auto, (max-width: 50px) 100vw, 50px\" \/><img loading=\"lazy\" decoding=\"async\" width=\"80\" height=\"80\" class=\"wp-image-65\" style=\"width: 80px;\" src=\"https:\/\/licences.grenoble.cnrs.fr\/wordpress\/wp-content\/uploads\/2025\/04\/TwitterMCIcon_400x400.png\" alt=\"\"><\/td><td class=\"has-text-align-center\" data-align=\"center\"><strong><strong><img loading=\"lazy\" decoding=\"async\" width=\"50\" height=\"44\" class=\"wp-image-59\" style=\"width: 50px;\" src=\"https:\/\/licences.grenoble.cnrs.fr\/wordpress\/wp-content\/uploads\/2025\/04\/logowindows.png\" alt=\"\"><\/strong><\/strong><\/td><td class=\"has-text-align-center\" data-align=\"center\"><strong>5 Licences<\/strong><br><mark style=\"background-color:rgba(0, 0, 0, 0);color:#cf2e2e\" class=\"has-inline-color\">Version 2013<\/mark><\/td><\/tr><tr><td class=\"has-text-align-center\" data-align=\"center\"><img loading=\"lazy\" decoding=\"async\" width=\"50\" height=\"50\" class=\"wp-image-1026\" style=\"width: 50px;\" src=\"https:\/\/licences.grenoble.cnrs.fr\/wordpress\/wp-content\/uploads\/2025\/11\/icons8-annuler-512.png\" alt=\"\" srcset=\"https:\/\/licences.grenoble.cnrs.fr\/wordpress\/wp-content\/uploads\/2025\/11\/icons8-annuler-512.png 512w, https:\/\/licences.grenoble.cnrs.fr\/wordpress\/wp-content\/uploads\/2025\/11\/icons8-annuler-512-300x300.png 300w, https:\/\/licences.grenoble.cnrs.fr\/wordpress\/wp-content\/uploads\/2025\/11\/icons8-annuler-512-150x150.png 150w\" sizes=\"auto, (max-width: 50px) 100vw, 50px\" \/><img loading=\"lazy\" decoding=\"async\" width=\"100\" height=\"118\" class=\"wp-image-66\" style=\"width: 100px;\" src=\"https:\/\/licences.grenoble.cnrs.fr\/wordpress\/wp-content\/uploads\/2025\/04\/pngwing.com-1.png\" alt=\"\"><\/td><td class=\"has-text-align-center\" data-align=\"center\"><strong><img loading=\"lazy\" decoding=\"async\" width=\"50\" height=\"44\" class=\"wp-image-59\" style=\"width: 50px;\" src=\"https:\/\/licences.grenoble.cnrs.fr\/wordpress\/wp-content\/uploads\/2025\/04\/logowindows.png\" alt=\"\">   <img loading=\"lazy\" decoding=\"async\" width=\"50\" height=\"58\" class=\"wp-image-60\" style=\"width: 50px;\" src=\"https:\/\/licences.grenoble.cnrs.fr\/wordpress\/wp-content\/uploads\/2025\/04\/logomac.png\" alt=\"\">  <img loading=\"lazy\" decoding=\"async\" width=\"50\" height=\"51\" class=\"wp-image-61\" style=\"width: 50px;\" src=\"https:\/\/licences.grenoble.cnrs.fr\/wordpress\/wp-content\/uploads\/2025\/04\/logolinux.png\" alt=\"\"><\/strong><\/td><td class=\"has-text-align-center\" data-align=\"center\"><strong>20 Licences (r\u00e9serv\u00e9es Institut N\u00e9el)<br>2 Licences (r\u00e9serv\u00e9es LNCMI)<\/strong><\/td><\/tr><tr><td class=\"has-text-align-center\" data-align=\"center\"><img loading=\"lazy\" decoding=\"async\" width=\"50\" height=\"50\" class=\"wp-image-1026\" style=\"width: 50px;\" src=\"https:\/\/licences.grenoble.cnrs.fr\/wordpress\/wp-content\/uploads\/2025\/11\/icons8-annuler-512.png\" alt=\"\" srcset=\"https:\/\/licences.grenoble.cnrs.fr\/wordpress\/wp-content\/uploads\/2025\/11\/icons8-annuler-512.png 512w, https:\/\/licences.grenoble.cnrs.fr\/wordpress\/wp-content\/uploads\/2025\/11\/icons8-annuler-512-300x300.png 300w, https:\/\/licences.grenoble.cnrs.fr\/wordpress\/wp-content\/uploads\/2025\/11\/icons8-annuler-512-150x150.png 150w\" sizes=\"auto, (max-width: 50px) 100vw, 50px\" \/><img loading=\"lazy\" decoding=\"async\" width=\"200\" height=\"72\" class=\"wp-image-68\" style=\"width: 200px;\" src=\"https:\/\/licences.grenoble.cnrs.fr\/wordpress\/wp-content\/uploads\/2025\/04\/Raith.png\" alt=\"\"><\/td><td class=\"has-text-align-center\" data-align=\"center\"><strong><strong><img loading=\"lazy\" decoding=\"async\" width=\"50\" height=\"44\" class=\"wp-image-59\" style=\"width: 50px;\" src=\"https:\/\/licences.grenoble.cnrs.fr\/wordpress\/wp-content\/uploads\/2025\/04\/logowindows.png\" alt=\"\"><\/strong><\/strong><\/td><td class=\"has-text-align-center\" data-align=\"center\"><strong>5 Licences<\/strong><\/td><\/tr><tr><td class=\"has-text-align-center\" data-align=\"center\"><img loading=\"lazy\" decoding=\"async\" width=\"50\" height=\"50\" class=\"wp-image-1026\" style=\"width: 50px;\" src=\"https:\/\/licences.grenoble.cnrs.fr\/wordpress\/wp-content\/uploads\/2025\/11\/icons8-annuler-512.png\" alt=\"\" srcset=\"https:\/\/licences.grenoble.cnrs.fr\/wordpress\/wp-content\/uploads\/2025\/11\/icons8-annuler-512.png 512w, https:\/\/licences.grenoble.cnrs.fr\/wordpress\/wp-content\/uploads\/2025\/11\/icons8-annuler-512-300x300.png 300w, https:\/\/licences.grenoble.cnrs.fr\/wordpress\/wp-content\/uploads\/2025\/11\/icons8-annuler-512-150x150.png 150w\" sizes=\"auto, (max-width: 50px) 100vw, 50px\" \/><img loading=\"lazy\" decoding=\"async\" width=\"80\" height=\"73\" class=\"wp-image-69\" style=\"width: 80px;\" src=\"https:\/\/licences.grenoble.cnrs.fr\/wordpress\/wp-content\/uploads\/2025\/04\/samtech.png\" alt=\"\"><\/td><td class=\"has-text-align-center\" data-align=\"center\"><strong><strong><img loading=\"lazy\" decoding=\"async\" width=\"50\" height=\"44\" class=\"wp-image-59\" style=\"width: 50px;\" src=\"https:\/\/licences.grenoble.cnrs.fr\/wordpress\/wp-content\/uploads\/2025\/04\/logowindows.png\" alt=\"\"><\/strong><\/strong><\/td><td class=\"has-text-align-center\" data-align=\"center\"><strong>2 Licences<\/strong><\/td><\/tr><tr><td class=\"has-text-align-center\" data-align=\"center\"><img loading=\"lazy\" decoding=\"async\" width=\"50\" height=\"50\" class=\"wp-image-1026\" style=\"width: 50px;\" src=\"https:\/\/licences.grenoble.cnrs.fr\/wordpress\/wp-content\/uploads\/2025\/11\/icons8-annuler-512.png\" alt=\"\" srcset=\"https:\/\/licences.grenoble.cnrs.fr\/wordpress\/wp-content\/uploads\/2025\/11\/icons8-annuler-512.png 512w, https:\/\/licences.grenoble.cnrs.fr\/wordpress\/wp-content\/uploads\/2025\/11\/icons8-annuler-512-300x300.png 300w, https:\/\/licences.grenoble.cnrs.fr\/wordpress\/wp-content\/uploads\/2025\/11\/icons8-annuler-512-150x150.png 150w\" sizes=\"auto, (max-width: 50px) 100vw, 50px\" \/><img loading=\"lazy\" decoding=\"async\" width=\"150\" height=\"28\" class=\"wp-image-71\" style=\"width: 150px;\" src=\"https:\/\/licences.grenoble.cnrs.fr\/wordpress\/wp-content\/uploads\/2025\/04\/cadence-logo-black.png\" alt=\"\"><\/td><td class=\"has-text-align-center\" data-align=\"center\"><strong><strong><img loading=\"lazy\" decoding=\"async\" width=\"50\" height=\"44\" class=\"wp-image-59\" style=\"width: 50px;\" src=\"https:\/\/licences.grenoble.cnrs.fr\/wordpress\/wp-content\/uploads\/2025\/04\/logowindows.png\" alt=\"\"><\/strong><\/strong><\/td><td class=\"has-text-align-center\" data-align=\"center\"><strong>5 Licences<\/strong><\/td><\/tr><tr><td class=\"has-text-align-center\" data-align=\"center\"><img loading=\"lazy\" decoding=\"async\" width=\"50\" height=\"50\" class=\"wp-image-1026\" style=\"width: 50px;\" src=\"https:\/\/licences.grenoble.cnrs.fr\/wordpress\/wp-content\/uploads\/2025\/11\/icons8-annuler-512.png\" alt=\"\" srcset=\"https:\/\/licences.grenoble.cnrs.fr\/wordpress\/wp-content\/uploads\/2025\/11\/icons8-annuler-512.png 512w, https:\/\/licences.grenoble.cnrs.fr\/wordpress\/wp-content\/uploads\/2025\/11\/icons8-annuler-512-300x300.png 300w, https:\/\/licences.grenoble.cnrs.fr\/wordpress\/wp-content\/uploads\/2025\/11\/icons8-annuler-512-150x150.png 150w\" sizes=\"auto, (max-width: 50px) 100vw, 50px\" \/><img loading=\"lazy\" decoding=\"async\" width=\"150\" height=\"14\" class=\"wp-image-72\" style=\"width: 150px;\" src=\"https:\/\/licences.grenoble.cnrs.fr\/wordpress\/wp-content\/uploads\/2025\/04\/Comsol_logo.svg_.png\" alt=\"\"><\/td><td class=\"has-text-align-center\" data-align=\"center\"><strong><img loading=\"lazy\" decoding=\"async\" width=\"50\" height=\"44\" class=\"wp-image-59\" style=\"width: 50px;\" src=\"https:\/\/licences.grenoble.cnrs.fr\/wordpress\/wp-content\/uploads\/2025\/04\/logowindows.png\" alt=\"\">   <img loading=\"lazy\" decoding=\"async\" width=\"50\" height=\"58\" class=\"wp-image-60\" style=\"width: 50px;\" src=\"https:\/\/licences.grenoble.cnrs.fr\/wordpress\/wp-content\/uploads\/2025\/04\/logomac.png\" alt=\"\">  <img loading=\"lazy\" decoding=\"async\" width=\"50\" height=\"51\" class=\"wp-image-61\" style=\"width: 50px;\" src=\"https:\/\/licences.grenoble.cnrs.fr\/wordpress\/wp-content\/uploads\/2025\/04\/logolinux.png\" alt=\"\"><\/strong><\/td><td class=\"has-text-align-center\" data-align=\"center\"><strong>1 Licences<\/strong><\/td><\/tr><tr><td class=\"has-text-align-center\" data-align=\"center\"><img loading=\"lazy\" decoding=\"async\" width=\"50\" height=\"50\" class=\"wp-image-1026\" style=\"width: 50px;\" src=\"https:\/\/licences.grenoble.cnrs.fr\/wordpress\/wp-content\/uploads\/2025\/11\/icons8-annuler-512.png\" alt=\"\" srcset=\"https:\/\/licences.grenoble.cnrs.fr\/wordpress\/wp-content\/uploads\/2025\/11\/icons8-annuler-512.png 512w, https:\/\/licences.grenoble.cnrs.fr\/wordpress\/wp-content\/uploads\/2025\/11\/icons8-annuler-512-300x300.png 300w, https:\/\/licences.grenoble.cnrs.fr\/wordpress\/wp-content\/uploads\/2025\/11\/icons8-annuler-512-150x150.png 150w\" sizes=\"auto, (max-width: 50px) 100vw, 50px\" \/><img loading=\"lazy\" decoding=\"async\" width=\"150\" height=\"50\" class=\"wp-image-73\" style=\"width: 150px;\" src=\"https:\/\/licences.grenoble.cnrs.fr\/wordpress\/wp-content\/uploads\/2025\/04\/siemens.png\" alt=\"\"><\/td><td class=\"has-text-align-center\" data-align=\"center\"><strong><img loading=\"lazy\" decoding=\"async\" width=\"50\" height=\"44\" class=\"wp-image-59\" style=\"width: 50px;\" src=\"https:\/\/licences.grenoble.cnrs.fr\/wordpress\/wp-content\/uploads\/2025\/04\/logowindows.png\" alt=\"\"><\/strong><\/td><td class=\"has-text-align-center\" data-align=\"center\"><strong>20 Licences<\/strong><\/td><\/tr><\/tbody><\/table><\/figure>\n\n\n\n<p><\/p>\n","protected":false},"excerpt":{"rendered":"<p>Description du service En raison du co\u00fbt tr\u00e8s \u00e9lev\u00e9 des logiciels scientifiques, certains laboratoires du site ont d\u00e9cid\u00e9 de mutualiser [&hellip;]<\/p>\n","protected":false},"author":1,"featured_media":0,"parent":0,"menu_order":0,"comment_status":"closed","ping_status":"closed","template":"","meta":{"site-sidebar-layout":"default","site-content-layout":"","ast-site-content-layout":"default","site-content-style":"default","site-sidebar-style":"default","ast-global-header-display":"","ast-banner-title-visibility":"","ast-main-header-display":"","ast-hfb-above-header-display":"","ast-hfb-below-header-display":"","ast-hfb-mobile-header-display":"","site-post-title":"","ast-breadcrumbs-content":"","ast-featured-img":"","footer-sml-layout":"","theme-transparent-header-meta":"","adv-header-id-meta":"","stick-header-meta":"","header-above-stick-meta":"","header-main-stick-meta":"","header-below-stick-meta":"","astra-migrate-meta-layouts":"default","ast-page-background-enabled":"default","ast-page-background-meta":{"desktop":{"background-color":"var(--ast-global-color-5)","background-image":"","background-repeat":"repeat","background-position":"center center","background-size":"auto","background-attachment":"scroll","background-type":"","background-media":"","overlay-type":"","overlay-color":"","overlay-opacity":"","overlay-gradient":""},"tablet":{"background-color":"","background-image":"","background-repeat":"repeat","background-position":"center center","background-size":"auto","background-attachment":"scroll","background-type":"","background-media":"","overlay-type":"","overlay-color":"","overlay-opacity":"","overlay-gradient":""},"mobile":{"background-color":"","background-image":"","background-repeat":"repeat","background-position":"center center","background-size":"auto","background-attachment":"scroll","background-type":"","background-media":"","overlay-type":"","overlay-color":"","overlay-opacity":"","overlay-gradient":""}},"ast-content-background-meta":{"desktop":{"background-color":"var(--ast-global-color-4)","background-image":"","background-repeat":"repeat","background-position":"center center","background-size":"auto","background-attachment":"scroll","background-type":"","background-media":"","overlay-type":"","overlay-color":"","overlay-opacity":"","overlay-gradient":""},"tablet":{"background-color":"var(--ast-global-color-4)","background-image":"","background-repeat":"repeat","background-position":"center center","background-size":"auto","background-attachment":"scroll","background-type":"","background-media":"","overlay-type":"","overlay-color":"","overlay-opacity":"","overlay-gradient":""},"mobile":{"background-color":"var(--ast-global-color-4)","background-image":"","background-repeat":"repeat","background-position":"center center","background-size":"auto","background-attachment":"scroll","background-type":"","background-media":"","overlay-type":"","overlay-color":"","overlay-opacity":"","overlay-gradient":""}},"footnotes":""},"class_list":["post-48","page","type-page","status-publish","hentry"],"_links":{"self":[{"href":"https:\/\/licences.grenoble.cnrs.fr\/wordpress\/index.php?rest_route=\/wp\/v2\/pages\/48","targetHints":{"allow":["GET"]}}],"collection":[{"href":"https:\/\/licences.grenoble.cnrs.fr\/wordpress\/index.php?rest_route=\/wp\/v2\/pages"}],"about":[{"href":"https:\/\/licences.grenoble.cnrs.fr\/wordpress\/index.php?rest_route=\/wp\/v2\/types\/page"}],"author":[{"embeddable":true,"href":"https:\/\/licences.grenoble.cnrs.fr\/wordpress\/index.php?rest_route=\/wp\/v2\/users\/1"}],"replies":[{"embeddable":true,"href":"https:\/\/licences.grenoble.cnrs.fr\/wordpress\/index.php?rest_route=%2Fwp%2Fv2%2Fcomments&post=48"}],"version-history":[{"count":28,"href":"https:\/\/licences.grenoble.cnrs.fr\/wordpress\/index.php?rest_route=\/wp\/v2\/pages\/48\/revisions"}],"predecessor-version":[{"id":1221,"href":"https:\/\/licences.grenoble.cnrs.fr\/wordpress\/index.php?rest_route=\/wp\/v2\/pages\/48\/revisions\/1221"}],"wp:attachment":[{"href":"https:\/\/licences.grenoble.cnrs.fr\/wordpress\/index.php?rest_route=%2Fwp%2Fv2%2Fmedia&parent=48"}],"curies":[{"name":"wp","href":"https:\/\/api.w.org\/{rel}","templated":true}]}}