{"id":120,"date":"2025-04-02T11:58:25","date_gmt":"2025-04-02T09:58:25","guid":{"rendered":"https:\/\/srv-licence2.grenoble.cnrs.fr\/wordpress\/?page_id=120"},"modified":"2025-10-13T08:11:43","modified_gmt":"2025-10-13T06:11:43","slug":"installation-matlab-pour-linux","status":"publish","type":"page","link":"https:\/\/licences.grenoble.cnrs.fr\/wordpress\/?page_id=120","title":{"rendered":"Installation Labview pour LINUX"},"content":{"rendered":"\n<ul class=\"wp-block-list\">\n<li class=\"sommaire has-ast-global-color-4-color has-cyan-bluish-gray-background-color has-text-color has-background has-link-color wp-elements-4c09cefe527e6e52f27db4f3e83d2399\"><strong><a href=\"#Labviewwin\" data-type=\"internal\" data-id=\"#Labviewwin\">Labview pour Linux <\/a><\/strong>\n<ul class=\"wp-block-list\">\n<li><a href=\"#LabviewPrerequis\" data-type=\"internal\" data-id=\"#Descriptionmat\u00e9riel\">Pr\u00e9-requis<\/a><\/li>\n\n\n\n<li><a href=\"#Labviewinstallation\" data-type=\"page\" data-id=\"837\">Installation Labview<\/a><\/li>\n\n\n\n<li><a href=\"#Labviewactivation\">Activation Licence<\/a><\/li>\n<\/ul>\n<\/li>\n<\/ul>\n\n\n\n<p id=\"Labviewwin\"><img loading=\"lazy\" decoding=\"async\" width=\"150\" height=\"31\" class=\"wp-image-57\" style=\"width: 150px;\" src=\"https:\/\/licences.grenoble.cnrs.fr\/wordpress\/wp-content\/uploads\/2025\/04\/toppng.com-lv-labview-logo-1000x207-1.png\" alt=\"\"> <img loading=\"lazy\" decoding=\"async\" width=\"50\" height=\"51\" class=\"wp-image-61\" style=\"width: 50px;\" src=\"https:\/\/licences.grenoble.cnrs.fr\/wordpress\/wp-content\/uploads\/2025\/04\/logolinux.png\" alt=\"\"><br><strong>Date de mise \u00e0 jour : 09-10-2025 &#8211;&gt; Julien MICHEL<\/strong><br><br><strong><mark style=\"background-color:#abb8c3\" class=\"has-inline-color has-ast-global-color-8-color\">Installation de Labview Version XXXXX pour LINUX<\/mark><\/strong><br><\/p>\n\n\n\n<p id=\"LabviewPrerequis\"><strong><em>Pr\u00e9-requis : <\/em><\/strong>(dans la section <a href=\"https:\/\/licences.grenoble.cnrs.fr\/wordpress\/?page_id=83\" data-type=\"page\" data-id=\"83\">T\u00e9l\u00e9chargement<\/a>) <br>&#8211; T\u00e9l\u00e9charger la version de Labview pour LINUX et d\u00e9compresser l&rsquo;archive sur votre bureau<br><\/p>\n\n\n\n<p id=\"Labviewinstallation\"><strong>Installer l&rsquo;installer .deb:<\/strong><br>Dans un termnial ex\u00e9cutez la commande suivante : <\/p>\n\n\n\n<div class=\"wp-block-codesue-terminal-block\" title=\"bash\" style=\"--wp--default--terminal--block--color--background:#252a33;--wp--default--terminal--block--color--text:#eee;--wp--default--terminal--block--color--accent:#a2a2a2\">\n<p class=\"wp-block-codesue-terminal-command-block display-prompt\" prompt=\"$\">sudo apt install .\/Bureau\/ni-labview&#8230;&#8230;deb<br><\/p>\n<\/div>\n\n\n\n<p id=\"Labviewinstallation\"><br><strong> <\/strong><br><strong>Installer Labiview:<\/strong><br>Dans un termnial ex\u00e9cutez la commande suivante : <br><br><\/p>\n\n\n\n<div class=\"wp-block-codesue-terminal-block\" title=\"bash\" style=\"--wp--default--terminal--block--color--background:#252a33;--wp--default--terminal--block--color--text:#eee;--wp--default--terminal--block--color--accent:#a2a2a2\">\n<p class=\"wp-block-codesue-terminal-command-block display-prompt\" prompt=\"$\"><code>sudo apt update<\/code><\/p>\n\n\n\n<p class=\"wp-block-codesue-terminal-command-block display-prompt\" prompt=\"$\"><code>sudo apt install ni-labview-2025<\/code><\/p>\n<\/div>\n\n\n\n<p id=\"Labviewactivation\"><br><strong>Activation de la licence:<\/strong><br>Executer le Logiciel Labview: <\/p>\n\n\n\n<div class=\"wp-block-codesue-terminal-block\" title=\"bash\" style=\"--wp--default--terminal--block--color--background:#252a33;--wp--default--terminal--block--color--text:#eee;--wp--default--terminal--block--color--accent:#a2a2a2\">\n<p class=\"wp-block-codesue-terminal-command-block display-prompt\" prompt=\"$\">labview64<br><\/p>\n<\/div>\n\n\n\n<p id=\"Labviewactivation\"><br><br><img loading=\"lazy\" decoding=\"async\" width=\"500\" height=\"199\" class=\"wp-image-835\" style=\"width: 500px;\" src=\"https:\/\/licences.grenoble.cnrs.fr\/wordpress\/wp-content\/uploads\/2025\/10\/labviewlinux4.png\" alt=\"\" srcset=\"https:\/\/licences.grenoble.cnrs.fr\/wordpress\/wp-content\/uploads\/2025\/10\/labviewlinux4.png 608w, https:\/\/licences.grenoble.cnrs.fr\/wordpress\/wp-content\/uploads\/2025\/10\/labviewlinux4-300x119.png 300w\" sizes=\"auto, (max-width: 500px) 100vw, 500px\" \/><br><br>Choisir <strong>Activer Labview Community Edition<\/strong> <br><br>Puis demander l&rsquo;intervention de l&rsquo;informaticien de votre laboratoire pour venir activer votre licence, il va se connecter dans la fen\u00eatre du navigateur : <br><br><img loading=\"lazy\" decoding=\"async\" width=\"500\" height=\"389\" class=\"wp-image-836\" style=\"width: 500px;\" src=\"https:\/\/licences.grenoble.cnrs.fr\/wordpress\/wp-content\/uploads\/2025\/10\/labviewlinux5.png\" alt=\"\" srcset=\"https:\/\/licences.grenoble.cnrs.fr\/wordpress\/wp-content\/uploads\/2025\/10\/labviewlinux5.png 1276w, https:\/\/licences.grenoble.cnrs.fr\/wordpress\/wp-content\/uploads\/2025\/10\/labviewlinux5-300x233.png 300w, https:\/\/licences.grenoble.cnrs.fr\/wordpress\/wp-content\/uploads\/2025\/10\/labviewlinux5-1024x797.png 1024w, https:\/\/licences.grenoble.cnrs.fr\/wordpress\/wp-content\/uploads\/2025\/10\/labviewlinux5-768x598.png 768w\" sizes=\"auto, (max-width: 500px) 100vw, 500px\" \/><br><\/p>\n","protected":false},"excerpt":{"rendered":"<p>Date de mise \u00e0 jour : 09-10-2025 &#8211;&gt; Julien MICHELInstallation de Labview Version XXXXX pour LINUX Pr\u00e9-requis : (dans la [&hellip;]<\/p>\n","protected":false},"author":1,"featured_media":0,"parent":0,"menu_order":0,"comment_status":"closed","ping_status":"closed","template":"","meta":{"site-sidebar-layout":"default","site-content-layout":"","ast-site-content-layout":"default","site-content-style":"default","site-sidebar-style":"default","ast-global-header-display":"","ast-banner-title-visibility":"","ast-main-header-display":"","ast-hfb-above-header-display":"","ast-hfb-below-header-display":"","ast-hfb-mobile-header-display":"","site-post-title":"","ast-breadcrumbs-content":"","ast-featured-img":"","footer-sml-layout":"","theme-transparent-header-meta":"","adv-header-id-meta":"","stick-header-meta":"","header-above-stick-meta":"","header-main-stick-meta":"","header-below-stick-meta":"","astra-migrate-meta-layouts":"default","ast-page-background-enabled":"default","ast-page-background-meta":{"desktop":{"background-color":"var(--ast-global-color-5)","background-image":"","background-repeat":"repeat","background-position":"center center","background-size":"auto","background-attachment":"scroll","background-type":"","background-media":"","overlay-type":"","overlay-color":"","overlay-opacity":"","overlay-gradient":""},"tablet":{"background-color":"","background-image":"","background-repeat":"repeat","background-position":"center center","background-size":"auto","background-attachment":"scroll","background-type":"","background-media":"","overlay-type":"","overlay-color":"","overlay-opacity":"","overlay-gradient":""},"mobile":{"background-color":"","background-image":"","background-repeat":"repeat","background-position":"center center","background-size":"auto","background-attachment":"scroll","background-type":"","background-media":"","overlay-type":"","overlay-color":"","overlay-opacity":"","overlay-gradient":""}},"ast-content-background-meta":{"desktop":{"background-color":"var(--ast-global-color-4)","background-image":"","background-repeat":"repeat","background-position":"center center","background-size":"auto","background-attachment":"scroll","background-type":"","background-media":"","overlay-type":"","overlay-color":"","overlay-opacity":"","overlay-gradient":""},"tablet":{"background-color":"var(--ast-global-color-4)","background-image":"","background-repeat":"repeat","background-position":"center center","background-size":"auto","background-attachment":"scroll","background-type":"","background-media":"","overlay-type":"","overlay-color":"","overlay-opacity":"","overlay-gradient":""},"mobile":{"background-color":"var(--ast-global-color-4)","background-image":"","background-repeat":"repeat","background-position":"center center","background-size":"auto","background-attachment":"scroll","background-type":"","background-media":"","overlay-type":"","overlay-color":"","overlay-opacity":"","overlay-gradient":""}},"footnotes":""},"class_list":["post-120","page","type-page","status-publish","hentry"],"_links":{"self":[{"href":"https:\/\/licences.grenoble.cnrs.fr\/wordpress\/index.php?rest_route=\/wp\/v2\/pages\/120","targetHints":{"allow":["GET"]}}],"collection":[{"href":"https:\/\/licences.grenoble.cnrs.fr\/wordpress\/index.php?rest_route=\/wp\/v2\/pages"}],"about":[{"href":"https:\/\/licences.grenoble.cnrs.fr\/wordpress\/index.php?rest_route=\/wp\/v2\/types\/page"}],"author":[{"embeddable":true,"href":"https:\/\/licences.grenoble.cnrs.fr\/wordpress\/index.php?rest_route=\/wp\/v2\/users\/1"}],"replies":[{"embeddable":true,"href":"https:\/\/licences.grenoble.cnrs.fr\/wordpress\/index.php?rest_route=%2Fwp%2Fv2%2Fcomments&post=120"}],"version-history":[{"count":9,"href":"https:\/\/licences.grenoble.cnrs.fr\/wordpress\/index.php?rest_route=\/wp\/v2\/pages\/120\/revisions"}],"predecessor-version":[{"id":847,"href":"https:\/\/licences.grenoble.cnrs.fr\/wordpress\/index.php?rest_route=\/wp\/v2\/pages\/120\/revisions\/847"}],"wp:attachment":[{"href":"https:\/\/licences.grenoble.cnrs.fr\/wordpress\/index.php?rest_route=%2Fwp%2Fv2%2Fmedia&parent=120"}],"curies":[{"name":"wp","href":"https:\/\/api.w.org\/{rel}","templated":true}]}}