{"id":111,"date":"2025-04-02T11:26:39","date_gmt":"2025-04-02T09:26:39","guid":{"rendered":"https:\/\/srv-licence2.grenoble.cnrs.fr\/wordpress\/?page_id=111"},"modified":"2025-07-07T08:40:47","modified_gmt":"2025-07-07T06:40:47","slug":"installation-matlab-pour-windows","status":"publish","type":"page","link":"https:\/\/licences.grenoble.cnrs.fr\/wordpress\/?page_id=111","title":{"rendered":"Installation Matlab pour WINDOWS."},"content":{"rendered":"\n<figure class=\"wp-block-table\"><table class=\"has-fixed-layout\"><tbody><tr><td class=\"has-text-align-left\" data-align=\"left\"><img loading=\"lazy\" decoding=\"async\" width=\"150\" height=\"84\" class=\"wp-image-55\" style=\"width: 150px;\" src=\"https:\/\/licences.grenoble.cnrs.fr\/wordpress\/wp-content\/uploads\/2025\/04\/pngwing.com_.png\" alt=\"\"> <img loading=\"lazy\" decoding=\"async\" width=\"70\" height=\"62\" class=\"wp-image-59\" style=\"width: 70px;\" src=\"https:\/\/licences.grenoble.cnrs.fr\/wordpress\/wp-content\/uploads\/2025\/04\/logowindows.png\" alt=\"\"><br><strong>Date de mise \u00e0 jour : 07-07-2025 &#8211;> Julien MICHEL<\/strong><br><br><strong><mark style=\"background-color:#abb8c3\" class=\"has-inline-color has-ast-global-color-8-color\">Installation de Matlab Version XXXXX pour WINDOWS <\/mark><\/strong><br><br><strong><em>Pr\u00e9-requis : <\/em><\/strong>(dans la section <a href=\"https:\/\/licences.grenoble.cnrs.fr\/wordpress\/?page_id=83\" data-type=\"page\" data-id=\"83\">T\u00e9l\u00e9chargement<\/a>) <br>&#8211; T\u00e9l\u00e9charger la version de Matlab <br>&#8211; T\u00e9l\u00e9charger le fichier de Licence d&rsquo;installation (network.lic)<br>&#8211; T\u00e9l\u00e9charger le fichier contenant les N\u00b0 de s\u00e9rie MatLab<br><br><strong>Gestion de l&rsquo;archive : <\/strong><br>&#8211; D\u00e9compresser l&rsquo;archive dans un dossier temporaire sur votre Bureau (par exemple Matlabinstaller)<br><img loading=\"lazy\" decoding=\"async\" width=\"400\" height=\"331\" class=\"wp-image-622\" style=\"width: 400px;\" src=\"https:\/\/licences.grenoble.cnrs.fr\/wordpress\/wp-content\/uploads\/2025\/06\/Matlabinstaller1.png\" alt=\"\" srcset=\"https:\/\/licences.grenoble.cnrs.fr\/wordpress\/wp-content\/uploads\/2025\/06\/Matlabinstaller1.png 1064w, https:\/\/licences.grenoble.cnrs.fr\/wordpress\/wp-content\/uploads\/2025\/06\/Matlabinstaller1-300x248.png 300w, https:\/\/licences.grenoble.cnrs.fr\/wordpress\/wp-content\/uploads\/2025\/06\/Matlabinstaller1-1024x847.png 1024w, https:\/\/licences.grenoble.cnrs.fr\/wordpress\/wp-content\/uploads\/2025\/06\/Matlabinstaller1-768x635.png 768w\" sizes=\"auto, (max-width: 400px) 100vw, 400px\" \/> <img loading=\"lazy\" decoding=\"async\" width=\"300\" height=\"218\" class=\"wp-image-621\" style=\"width: 300px;\" src=\"https:\/\/licences.grenoble.cnrs.fr\/wordpress\/wp-content\/uploads\/2025\/06\/Matlabinstaller2.png\" alt=\"\" srcset=\"https:\/\/licences.grenoble.cnrs.fr\/wordpress\/wp-content\/uploads\/2025\/06\/Matlabinstaller2.png 614w, https:\/\/licences.grenoble.cnrs.fr\/wordpress\/wp-content\/uploads\/2025\/06\/Matlabinstaller2-300x218.png 300w\" sizes=\"auto, (max-width: 300px) 100vw, 300px\" \/><img loading=\"lazy\" decoding=\"async\" width=\"300\" height=\"107\" class=\"wp-image-620\" style=\"width: 300px;\" src=\"https:\/\/licences.grenoble.cnrs.fr\/wordpress\/wp-content\/uploads\/2025\/06\/Matlabinstaller3.png\" alt=\"\" srcset=\"https:\/\/licences.grenoble.cnrs.fr\/wordpress\/wp-content\/uploads\/2025\/06\/Matlabinstaller3.png 450w, https:\/\/licences.grenoble.cnrs.fr\/wordpress\/wp-content\/uploads\/2025\/06\/Matlabinstaller3-300x107.png 300w\" sizes=\"auto, (max-width: 300px) 100vw, 300px\" \/><br><br>&#8211; Mettre le fichier de licence <strong>Network.lic<\/strong> \u00e0 la racine de ce dossier<br><br><img loading=\"lazy\" decoding=\"async\" width=\"300\" height=\"287\" class=\"wp-image-623\" style=\"width: 300px;\" src=\"https:\/\/licences.grenoble.cnrs.fr\/wordpress\/wp-content\/uploads\/2025\/06\/Capture-de\u0301cran-2025-06-26-a\u0300-08.44.51.png\" alt=\"\" srcset=\"https:\/\/licences.grenoble.cnrs.fr\/wordpress\/wp-content\/uploads\/2025\/06\/Capture-de\u0301cran-2025-06-26-a\u0300-08.44.51.png 943w, https:\/\/licences.grenoble.cnrs.fr\/wordpress\/wp-content\/uploads\/2025\/06\/Capture-de\u0301cran-2025-06-26-a\u0300-08.44.51-300x287.png 300w, https:\/\/licences.grenoble.cnrs.fr\/wordpress\/wp-content\/uploads\/2025\/06\/Capture-de\u0301cran-2025-06-26-a\u0300-08.44.51-768x734.png 768w\" sizes=\"auto, (max-width: 300px) 100vw, 300px\" \/><br><br><strong>Lancement de l&rsquo;installation :<\/strong><br>&#8211; <strong>Clique-droit<\/strong> sur le fichier <strong>\u00ab\u00a0setup.exe\u00a0\u00bb<\/strong> puis choisir <strong>\u00ab\u00a0Ex\u00e9cuter en tant qu&rsquo;administrateur\u00a0\u00bb <\/strong><br><img loading=\"lazy\" decoding=\"async\" width=\"300\" height=\"205\" class=\"wp-image-618\" style=\"width: 300px;\" src=\"https:\/\/licences.grenoble.cnrs.fr\/wordpress\/wp-content\/uploads\/2025\/06\/Matlabinstaller5.png\" alt=\"\" srcset=\"https:\/\/licences.grenoble.cnrs.fr\/wordpress\/wp-content\/uploads\/2025\/06\/Matlabinstaller5.png 871w, https:\/\/licences.grenoble.cnrs.fr\/wordpress\/wp-content\/uploads\/2025\/06\/Matlabinstaller5-300x205.png 300w, https:\/\/licences.grenoble.cnrs.fr\/wordpress\/wp-content\/uploads\/2025\/06\/Matlabinstaller5-768x525.png 768w\" sizes=\"auto, (max-width: 300px) 100vw, 300px\" \/><br>-Dans la fen\u00eatre d&rsquo;installation, choisir <strong>\u00ab\u00a0Advanced Options\u00a0\u00bb \/ \u00ab\u00a0I Have a File Installation Key\u00a0\u00bb<\/strong><br><img loading=\"lazy\" decoding=\"async\" width=\"300\" height=\"234\" class=\"wp-image-617\" style=\"width: 300px;\" src=\"https:\/\/licences.grenoble.cnrs.fr\/wordpress\/wp-content\/uploads\/2025\/06\/Matlabinstaller6.png\" alt=\"\" srcset=\"https:\/\/licences.grenoble.cnrs.fr\/wordpress\/wp-content\/uploads\/2025\/06\/Matlabinstaller6.png 838w, https:\/\/licences.grenoble.cnrs.fr\/wordpress\/wp-content\/uploads\/2025\/06\/Matlabinstaller6-300x234.png 300w, https:\/\/licences.grenoble.cnrs.fr\/wordpress\/wp-content\/uploads\/2025\/06\/Matlabinstaller6-768x598.png 768w\" sizes=\"auto, (max-width: 300px) 100vw, 300px\" \/> <img loading=\"lazy\" decoding=\"async\" width=\"300\" height=\"230\" class=\"wp-image-615\" style=\"width: 300px;\" src=\"https:\/\/licences.grenoble.cnrs.fr\/wordpress\/wp-content\/uploads\/2025\/06\/Matlabinstaller8.png\" alt=\"\" srcset=\"https:\/\/licences.grenoble.cnrs.fr\/wordpress\/wp-content\/uploads\/2025\/06\/Matlabinstaller8.png 843w, https:\/\/licences.grenoble.cnrs.fr\/wordpress\/wp-content\/uploads\/2025\/06\/Matlabinstaller8-300x230.png 300w, https:\/\/licences.grenoble.cnrs.fr\/wordpress\/wp-content\/uploads\/2025\/06\/Matlabinstaller8-768x589.png 768w\" sizes=\"auto, (max-width: 300px) 100vw, 300px\" \/><br>&#8211; Ins\u00e9rer le num\u00e9ro de s\u00e9rie correspondant \u00e0 votre version de Matlab : <br> &#8211; Matlab 2025a : 11897-08885-28345-57768-20019-52603-03446<br> &#8211; Matlab 2024b : 33022-24691-38312-62441-54281-32853-14360<br><img loading=\"lazy\" decoding=\"async\" width=\"300\" height=\"233\" class=\"wp-image-624\" style=\"width: 300px;\" src=\"https:\/\/licences.grenoble.cnrs.fr\/wordpress\/wp-content\/uploads\/2025\/06\/Capture-de\u0301cran-2025-06-26-a\u0300-09.04.42.png\" alt=\"\" srcset=\"https:\/\/licences.grenoble.cnrs.fr\/wordpress\/wp-content\/uploads\/2025\/06\/Capture-de\u0301cran-2025-06-26-a\u0300-09.04.42.png 862w, https:\/\/licences.grenoble.cnrs.fr\/wordpress\/wp-content\/uploads\/2025\/06\/Capture-de\u0301cran-2025-06-26-a\u0300-09.04.42-300x233.png 300w, https:\/\/licences.grenoble.cnrs.fr\/wordpress\/wp-content\/uploads\/2025\/06\/Capture-de\u0301cran-2025-06-26-a\u0300-09.04.42-768x597.png 768w\" sizes=\"auto, (max-width: 300px) 100vw, 300px\" \/><br>&#8211; Lors de la selection du fichier de licence, choisir le fichier <strong>\u00ab\u00a0Network.lic\u00a0\u00bb<\/strong> que vous avez t\u00e9l\u00e9charg\u00e9 et plac\u00e9 \u00e0 la racine du dossier d&rsquo;installation<br><img loading=\"lazy\" decoding=\"async\" width=\"300\" height=\"242\" class=\"wp-image-625\" style=\"width: 300px;\" src=\"https:\/\/licences.grenoble.cnrs.fr\/wordpress\/wp-content\/uploads\/2025\/06\/Capture-de\u0301cran-2025-06-26-a\u0300-09.07.07.png\" alt=\"\" srcset=\"https:\/\/licences.grenoble.cnrs.fr\/wordpress\/wp-content\/uploads\/2025\/06\/Capture-de\u0301cran-2025-06-26-a\u0300-09.07.07.png 972w, https:\/\/licences.grenoble.cnrs.fr\/wordpress\/wp-content\/uploads\/2025\/06\/Capture-de\u0301cran-2025-06-26-a\u0300-09.07.07-300x242.png 300w, https:\/\/licences.grenoble.cnrs.fr\/wordpress\/wp-content\/uploads\/2025\/06\/Capture-de\u0301cran-2025-06-26-a\u0300-09.07.07-768x620.png 768w\" sizes=\"auto, (max-width: 300px) 100vw, 300px\" \/><br>-Choisir le dossier de destination, puis proc\u00e9der \u00e0 l&rsquo;installation<br><img loading=\"lazy\" decoding=\"async\" width=\"300\" height=\"232\" class=\"wp-image-612\" style=\"width: 300px;\" src=\"https:\/\/licences.grenoble.cnrs.fr\/wordpress\/wp-content\/uploads\/2025\/06\/Matlabinstaller11.png\" alt=\"\" srcset=\"https:\/\/licences.grenoble.cnrs.fr\/wordpress\/wp-content\/uploads\/2025\/06\/Matlabinstaller11.png 839w, https:\/\/licences.grenoble.cnrs.fr\/wordpress\/wp-content\/uploads\/2025\/06\/Matlabinstaller11-300x232.png 300w, https:\/\/licences.grenoble.cnrs.fr\/wordpress\/wp-content\/uploads\/2025\/06\/Matlabinstaller11-768x595.png 768w\" sizes=\"auto, (max-width: 300px) 100vw, 300px\" \/>. <img loading=\"lazy\" decoding=\"async\" width=\"300\" height=\"233\" class=\"wp-image-611\" style=\"width: 300px;\" src=\"https:\/\/licences.grenoble.cnrs.fr\/wordpress\/wp-content\/uploads\/2025\/06\/Matlabinstaller12.png\" alt=\"\" srcset=\"https:\/\/licences.grenoble.cnrs.fr\/wordpress\/wp-content\/uploads\/2025\/06\/Matlabinstaller12.png 837w, https:\/\/licences.grenoble.cnrs.fr\/wordpress\/wp-content\/uploads\/2025\/06\/Matlabinstaller12-300x233.png 300w, https:\/\/licences.grenoble.cnrs.fr\/wordpress\/wp-content\/uploads\/2025\/06\/Matlabinstaller12-768x595.png 768w\" sizes=\"auto, (max-width: 300px) 100vw, 300px\" \/> <img loading=\"lazy\" decoding=\"async\" width=\"300\" height=\"234\" class=\"wp-image-609\" style=\"width: 300px;\" src=\"https:\/\/licences.grenoble.cnrs.fr\/wordpress\/wp-content\/uploads\/2025\/06\/Matlabinstaller14.png\" alt=\"\" srcset=\"https:\/\/licences.grenoble.cnrs.fr\/wordpress\/wp-content\/uploads\/2025\/06\/Matlabinstaller14.png 840w, https:\/\/licences.grenoble.cnrs.fr\/wordpress\/wp-content\/uploads\/2025\/06\/Matlabinstaller14-300x234.png 300w, https:\/\/licences.grenoble.cnrs.fr\/wordpress\/wp-content\/uploads\/2025\/06\/Matlabinstaller14-768x598.png 768w\" sizes=\"auto, (max-width: 300px) 100vw, 300px\" \/><br><br><\/td><\/tr><\/tbody><\/table><\/figure>\n","protected":false},"excerpt":{"rendered":"<p>Date de mise \u00e0 jour : 07-07-2025 &#8211;> Julien MICHELInstallation de Matlab Version XXXXX pour WINDOWS Pr\u00e9-requis : (dans la [&hellip;]<\/p>\n","protected":false},"author":1,"featured_media":0,"parent":0,"menu_order":0,"comment_status":"closed","ping_status":"closed","template":"","meta":{"site-sidebar-layout":"default","site-content-layout":"","ast-site-content-layout":"default","site-content-style":"default","site-sidebar-style":"default","ast-global-header-display":"","ast-banner-title-visibility":"","ast-main-header-display":"","ast-hfb-above-header-display":"","ast-hfb-below-header-display":"","ast-hfb-mobile-header-display":"","site-post-title":"","ast-breadcrumbs-content":"","ast-featured-img":"","footer-sml-layout":"","theme-transparent-header-meta":"","adv-header-id-meta":"","stick-header-meta":"","header-above-stick-meta":"","header-main-stick-meta":"","header-below-stick-meta":"","astra-migrate-meta-layouts":"default","ast-page-background-enabled":"default","ast-page-background-meta":{"desktop":{"background-color":"var(--ast-global-color-5)","background-image":"","background-repeat":"repeat","background-position":"center center","background-size":"auto","background-attachment":"scroll","background-type":"","background-media":"","overlay-type":"","overlay-color":"","overlay-opacity":"","overlay-gradient":""},"tablet":{"background-color":"","background-image":"","background-repeat":"repeat","background-position":"center center","background-size":"auto","background-attachment":"scroll","background-type":"","background-media":"","overlay-type":"","overlay-color":"","overlay-opacity":"","overlay-gradient":""},"mobile":{"background-color":"","background-image":"","background-repeat":"repeat","background-position":"center center","background-size":"auto","background-attachment":"scroll","background-type":"","background-media":"","overlay-type":"","overlay-color":"","overlay-opacity":"","overlay-gradient":""}},"ast-content-background-meta":{"desktop":{"background-color":"var(--ast-global-color-4)","background-image":"","background-repeat":"repeat","background-position":"center center","background-size":"auto","background-attachment":"scroll","background-type":"","background-media":"","overlay-type":"","overlay-color":"","overlay-opacity":"","overlay-gradient":""},"tablet":{"background-color":"var(--ast-global-color-4)","background-image":"","background-repeat":"repeat","background-position":"center center","background-size":"auto","background-attachment":"scroll","background-type":"","background-media":"","overlay-type":"","overlay-color":"","overlay-opacity":"","overlay-gradient":""},"mobile":{"background-color":"var(--ast-global-color-4)","background-image":"","background-repeat":"repeat","background-position":"center center","background-size":"auto","background-attachment":"scroll","background-type":"","background-media":"","overlay-type":"","overlay-color":"","overlay-opacity":"","overlay-gradient":""}},"footnotes":""},"class_list":["post-111","page","type-page","status-publish","hentry"],"_links":{"self":[{"href":"https:\/\/licences.grenoble.cnrs.fr\/wordpress\/index.php?rest_route=\/wp\/v2\/pages\/111","targetHints":{"allow":["GET"]}}],"collection":[{"href":"https:\/\/licences.grenoble.cnrs.fr\/wordpress\/index.php?rest_route=\/wp\/v2\/pages"}],"about":[{"href":"https:\/\/licences.grenoble.cnrs.fr\/wordpress\/index.php?rest_route=\/wp\/v2\/types\/page"}],"author":[{"embeddable":true,"href":"https:\/\/licences.grenoble.cnrs.fr\/wordpress\/index.php?rest_route=\/wp\/v2\/users\/1"}],"replies":[{"embeddable":true,"href":"https:\/\/licences.grenoble.cnrs.fr\/wordpress\/index.php?rest_route=%2Fwp%2Fv2%2Fcomments&post=111"}],"version-history":[{"count":11,"href":"https:\/\/licences.grenoble.cnrs.fr\/wordpress\/index.php?rest_route=\/wp\/v2\/pages\/111\/revisions"}],"predecessor-version":[{"id":706,"href":"https:\/\/licences.grenoble.cnrs.fr\/wordpress\/index.php?rest_route=\/wp\/v2\/pages\/111\/revisions\/706"}],"wp:attachment":[{"href":"https:\/\/licences.grenoble.cnrs.fr\/wordpress\/index.php?rest_route=%2Fwp%2Fv2%2Fmedia&parent=111"}],"curies":[{"name":"wp","href":"https:\/\/api.w.org\/{rel}","templated":true}]}}