{"id":1047,"date":"2025-11-04T14:02:39","date_gmt":"2025-11-04T13:02:39","guid":{"rendered":"https:\/\/licences.grenoble.cnrs.fr\/wordpress\/?page_id=1047"},"modified":"2025-11-04T15:22:45","modified_gmt":"2025-11-04T14:22:45","slug":"installation-de-mathcad-pour-windows","status":"publish","type":"page","link":"https:\/\/licences.grenoble.cnrs.fr\/wordpress\/?page_id=1047","title":{"rendered":"Installation de Mathcad pour Windows"},"content":{"rendered":"\n<ul class=\"wp-block-list\">\n<li class=\"sommaire has-ast-global-color-4-color has-cyan-bluish-gray-background-color has-text-color has-background has-link-color wp-elements-c04c30705a599867e1b234c9900b8bf1\"><strong><a href=\"#Labviewwin\" data-type=\"internal\" data-id=\"#Labviewwin\">Mathcad 13 pour Windows <\/a><\/strong>\n<ul class=\"wp-block-list\">\n<li><a href=\"#mathcadPrerequis\" data-type=\"internal\" data-id=\"#Descriptionmat\u00e9riel\">Pr\u00e9-requis<\/a><\/li>\n\n\n\n<li><a href=\"#mathcadinstall\">Installation Mathcad<\/a><\/li>\n\n\n\n<li><a href=\"#mathcadstart\">Lancement Mathcad<\/a><\/li>\n\n\n\n<li><a href=\"#mathcadpatch\">Patch Mathcad<\/a><\/li>\n<\/ul>\n<\/li>\n<\/ul>\n\n\n\n<p id=\"Labviewwin\"> <img loading=\"lazy\" decoding=\"async\" width=\"100\" height=\"100\" class=\"wp-image-65\" style=\"width: 100px;\" src=\"https:\/\/licences.grenoble.cnrs.fr\/wordpress\/wp-content\/uploads\/2025\/04\/TwitterMCIcon_400x400.png\" alt=\"\"> <img loading=\"lazy\" decoding=\"async\" width=\"70\" height=\"62\" class=\"wp-image-59\" style=\"width: 70px;\" src=\"https:\/\/licences.grenoble.cnrs.fr\/wordpress\/wp-content\/uploads\/2025\/04\/logowindows.png\" alt=\"\"><br><strong>Date de mise \u00e0 jour : 04-11-2025 &#8211;> Julien MICHEL<\/strong><br><br><br><\/p>\n\n\n\n<p id=\"mathcadPrerequis\"><strong><em>Pr\u00e9-requis : <\/em><\/strong>(dans la section <a href=\"https:\/\/licences.grenoble.cnrs.fr\/wordpress\/?page_id=83\" data-type=\"page\" data-id=\"83\">T\u00e9l\u00e9chargement<\/a>) <br>&#8211; T\u00e9l\u00e9charger la version de Mathcad 13 US<br><\/p>\n\n\n\n<p id=\"mathcadinstall\"><strong>INSTALLATION<\/strong><\/p>\n\n\n\n<p><br>1) D\u00e9compressez \u00ab Mathcad13US.zip \u00bb <br>2 ) Allez dans votre r\u00e9pertoire, puis allez dans le r\u00e9pertoire cliquez<br>sur \u00ab setup.exe \u00bb ( ~1,5 Mo )<br>4) Suivez les copies d\u2019\u00e9crans qui suivent\u2026\u2026..<\/p>\n\n\n\n<p class=\"has-text-align-center\"><br>Cliquez sur \u00ab\u00a0MathCad 13\u00a0\u00bb<br><img loading=\"lazy\" decoding=\"async\" width=\"500\" height=\"312\" class=\"wp-image-1164\" style=\"width: 500px;\" src=\"https:\/\/licences.grenoble.cnrs.fr\/wordpress\/wp-content\/uploads\/2025\/11\/mathcad01.png\" alt=\"\" srcset=\"https:\/\/licences.grenoble.cnrs.fr\/wordpress\/wp-content\/uploads\/2025\/11\/mathcad01.png 469w, https:\/\/licences.grenoble.cnrs.fr\/wordpress\/wp-content\/uploads\/2025\/11\/mathcad01-300x187.png 300w\" sizes=\"auto, (max-width: 500px) 100vw, 500px\" \/><\/p>\n\n\n\n<p class=\"has-text-align-center\"><img loading=\"lazy\" decoding=\"async\" width=\"500\" height=\"393\" class=\"wp-image-1163\" style=\"width: 500px;\" src=\"https:\/\/licences.grenoble.cnrs.fr\/wordpress\/wp-content\/uploads\/2025\/11\/mathcad02.png\" alt=\"\" srcset=\"https:\/\/licences.grenoble.cnrs.fr\/wordpress\/wp-content\/uploads\/2025\/11\/mathcad02.png 771w, https:\/\/licences.grenoble.cnrs.fr\/wordpress\/wp-content\/uploads\/2025\/11\/mathcad02-300x236.png 300w, https:\/\/licences.grenoble.cnrs.fr\/wordpress\/wp-content\/uploads\/2025\/11\/mathcad02-768x604.png 768w\" sizes=\"auto, (max-width: 500px) 100vw, 500px\" \/><img loading=\"lazy\" decoding=\"async\" width=\"400\" height=\"122\" class=\"wp-image-1162\" style=\"width: 400px;\" src=\"https:\/\/licences.grenoble.cnrs.fr\/wordpress\/wp-content\/uploads\/2025\/11\/mathcad03.png\" alt=\"\" srcset=\"https:\/\/licences.grenoble.cnrs.fr\/wordpress\/wp-content\/uploads\/2025\/11\/mathcad03.png 435w, https:\/\/licences.grenoble.cnrs.fr\/wordpress\/wp-content\/uploads\/2025\/11\/mathcad03-300x92.png 300w\" sizes=\"auto, (max-width: 400px) 100vw, 400px\" \/><img loading=\"lazy\" decoding=\"async\" width=\"400\" height=\"171\" class=\"wp-image-1161\" style=\"width: 400px;\" src=\"https:\/\/licences.grenoble.cnrs.fr\/wordpress\/wp-content\/uploads\/2025\/11\/mathcad04.png\" alt=\"\" srcset=\"https:\/\/licences.grenoble.cnrs.fr\/wordpress\/wp-content\/uploads\/2025\/11\/mathcad04.png 434w, https:\/\/licences.grenoble.cnrs.fr\/wordpress\/wp-content\/uploads\/2025\/11\/mathcad04-300x128.png 300w\" sizes=\"auto, (max-width: 400px) 100vw, 400px\" \/>.               <img loading=\"lazy\" decoding=\"async\" width=\"400\" height=\"302\" class=\"wp-image-1160\" style=\"width: 400px;\" src=\"https:\/\/licences.grenoble.cnrs.fr\/wordpress\/wp-content\/uploads\/2025\/11\/mathcad05.png\" alt=\"\" srcset=\"https:\/\/licences.grenoble.cnrs.fr\/wordpress\/wp-content\/uploads\/2025\/11\/mathcad05.png 532w, https:\/\/licences.grenoble.cnrs.fr\/wordpress\/wp-content\/uploads\/2025\/11\/mathcad05-300x226.png 300w\" sizes=\"auto, (max-width: 400px) 100vw, 400px\" \/><img loading=\"lazy\" decoding=\"async\" width=\"400\" height=\"139\" class=\"wp-image-1158\" style=\"width: 400px;\" src=\"https:\/\/licences.grenoble.cnrs.fr\/wordpress\/wp-content\/uploads\/2025\/11\/mathcad07.png\" alt=\"\" srcset=\"https:\/\/licences.grenoble.cnrs.fr\/wordpress\/wp-content\/uploads\/2025\/11\/mathcad07.png 433w, https:\/\/licences.grenoble.cnrs.fr\/wordpress\/wp-content\/uploads\/2025\/11\/mathcad07-300x104.png 300w\" sizes=\"auto, (max-width: 400px) 100vw, 400px\" \/>              <img loading=\"lazy\" decoding=\"async\" width=\"400\" height=\"269\" class=\"wp-image-1157\" style=\"width: 400px;\" src=\"https:\/\/licences.grenoble.cnrs.fr\/wordpress\/wp-content\/uploads\/2025\/11\/mathcad08.png\" alt=\"\" srcset=\"https:\/\/licences.grenoble.cnrs.fr\/wordpress\/wp-content\/uploads\/2025\/11\/mathcad08.png 440w, https:\/\/licences.grenoble.cnrs.fr\/wordpress\/wp-content\/uploads\/2025\/11\/mathcad08-300x202.png 300w\" sizes=\"auto, (max-width: 400px) 100vw, 400px\" \/><br><img loading=\"lazy\" decoding=\"async\" width=\"400\" height=\"264\" class=\"wp-image-1155\" style=\"width: 400px;\" src=\"https:\/\/licences.grenoble.cnrs.fr\/wordpress\/wp-content\/uploads\/2025\/11\/mathcad10.png\" alt=\"\" srcset=\"https:\/\/licences.grenoble.cnrs.fr\/wordpress\/wp-content\/uploads\/2025\/11\/mathcad10.png 469w, https:\/\/licences.grenoble.cnrs.fr\/wordpress\/wp-content\/uploads\/2025\/11\/mathcad10-300x198.png 300w\" sizes=\"auto, (max-width: 400px) 100vw, 400px\" \/>               <img loading=\"lazy\" decoding=\"async\" width=\"400\" height=\"272\" class=\"wp-image-1154\" style=\"width: 400px;\" src=\"https:\/\/licences.grenoble.cnrs.fr\/wordpress\/wp-content\/uploads\/2025\/11\/mathcad11.png\" alt=\"\" srcset=\"https:\/\/licences.grenoble.cnrs.fr\/wordpress\/wp-content\/uploads\/2025\/11\/mathcad11.png 425w, https:\/\/licences.grenoble.cnrs.fr\/wordpress\/wp-content\/uploads\/2025\/11\/mathcad11-300x204.png 300w\" sizes=\"auto, (max-width: 400px) 100vw, 400px\" \/><img loading=\"lazy\" decoding=\"async\" width=\"400\" height=\"268\" class=\"wp-image-1153\" style=\"width: 400px;\" src=\"https:\/\/licences.grenoble.cnrs.fr\/wordpress\/wp-content\/uploads\/2025\/11\/mathcad12.png\" alt=\"\" srcset=\"https:\/\/licences.grenoble.cnrs.fr\/wordpress\/wp-content\/uploads\/2025\/11\/mathcad12.png 431w, https:\/\/licences.grenoble.cnrs.fr\/wordpress\/wp-content\/uploads\/2025\/11\/mathcad12-300x201.png 300w\" sizes=\"auto, (max-width: 400px) 100vw, 400px\" \/>              <img loading=\"lazy\" decoding=\"async\" width=\"400\" height=\"300\" class=\"wp-image-1151\" style=\"width: 400px;\" src=\"https:\/\/licences.grenoble.cnrs.fr\/wordpress\/wp-content\/uploads\/2025\/11\/mathcad14.png\" alt=\"\" srcset=\"https:\/\/licences.grenoble.cnrs.fr\/wordpress\/wp-content\/uploads\/2025\/11\/mathcad14.png 448w, https:\/\/licences.grenoble.cnrs.fr\/wordpress\/wp-content\/uploads\/2025\/11\/mathcad14-300x225.png 300w\" sizes=\"auto, (max-width: 400px) 100vw, 400px\" \/><img loading=\"lazy\" decoding=\"async\" width=\"400\" height=\"296\" class=\"wp-image-1150\" style=\"width: 400px;\" src=\"https:\/\/licences.grenoble.cnrs.fr\/wordpress\/wp-content\/uploads\/2025\/11\/mathcad15.png\" alt=\"\" srcset=\"https:\/\/licences.grenoble.cnrs.fr\/wordpress\/wp-content\/uploads\/2025\/11\/mathcad15.png 445w, https:\/\/licences.grenoble.cnrs.fr\/wordpress\/wp-content\/uploads\/2025\/11\/mathcad15-300x222.png 300w\" sizes=\"auto, (max-width: 400px) 100vw, 400px\" \/>      <br><br>    <img loading=\"lazy\" decoding=\"async\" width=\"600\" height=\"274\" class=\"wp-image-1149\" style=\"width: 600px;\" src=\"https:\/\/licences.grenoble.cnrs.fr\/wordpress\/wp-content\/uploads\/2025\/11\/mathcad16.png\" alt=\"\" srcset=\"https:\/\/licences.grenoble.cnrs.fr\/wordpress\/wp-content\/uploads\/2025\/11\/mathcad16.png 932w, https:\/\/licences.grenoble.cnrs.fr\/wordpress\/wp-content\/uploads\/2025\/11\/mathcad16-300x137.png 300w, https:\/\/licences.grenoble.cnrs.fr\/wordpress\/wp-content\/uploads\/2025\/11\/mathcad16-768x351.png 768w\" sizes=\"auto, (max-width: 600px) 100vw, 600px\" \/><br><br><img loading=\"lazy\" decoding=\"async\" width=\"400\" height=\"307\" class=\"wp-image-1147\" style=\"width: 400px;\" src=\"https:\/\/licences.grenoble.cnrs.fr\/wordpress\/wp-content\/uploads\/2025\/11\/mathcad18.png\" alt=\"\" srcset=\"https:\/\/licences.grenoble.cnrs.fr\/wordpress\/wp-content\/uploads\/2025\/11\/mathcad18.png 419w, https:\/\/licences.grenoble.cnrs.fr\/wordpress\/wp-content\/uploads\/2025\/11\/mathcad18-300x231.png 300w\" sizes=\"auto, (max-width: 400px) 100vw, 400px\" \/>.               <br><br><img loading=\"lazy\" decoding=\"async\" width=\"400\" height=\"298\" class=\"wp-image-1144\" style=\"width: 400px;\" src=\"https:\/\/licences.grenoble.cnrs.fr\/wordpress\/wp-content\/uploads\/2025\/11\/mathcad21.png\" alt=\"\" srcset=\"https:\/\/licences.grenoble.cnrs.fr\/wordpress\/wp-content\/uploads\/2025\/11\/mathcad21.png 438w, https:\/\/licences.grenoble.cnrs.fr\/wordpress\/wp-content\/uploads\/2025\/11\/mathcad21-300x223.png 300w\" sizes=\"auto, (max-width: 400px) 100vw, 400px\" \/>              <img loading=\"lazy\" decoding=\"async\" width=\"400\" height=\"300\" class=\"wp-image-1146\" style=\"width: 400px;\" src=\"https:\/\/licences.grenoble.cnrs.fr\/wordpress\/wp-content\/uploads\/2025\/11\/mathcad19.png\" alt=\"\" srcset=\"https:\/\/licences.grenoble.cnrs.fr\/wordpress\/wp-content\/uploads\/2025\/11\/mathcad19.png 426w, https:\/\/licences.grenoble.cnrs.fr\/wordpress\/wp-content\/uploads\/2025\/11\/mathcad19-300x225.png 300w\" sizes=\"auto, (max-width: 400px) 100vw, 400px\" \/>    <br> <br><img loading=\"lazy\" decoding=\"async\" width=\"400\" height=\"245\" class=\"wp-image-1143\" style=\"width: 400px;\" src=\"https:\/\/licences.grenoble.cnrs.fr\/wordpress\/wp-content\/uploads\/2025\/11\/mathcad22.png\" alt=\"\" srcset=\"https:\/\/licences.grenoble.cnrs.fr\/wordpress\/wp-content\/uploads\/2025\/11\/mathcad22.png 627w, https:\/\/licences.grenoble.cnrs.fr\/wordpress\/wp-content\/uploads\/2025\/11\/mathcad22-300x184.png 300w\" sizes=\"auto, (max-width: 400px) 100vw, 400px\" \/><\/p>\n\n\n\n<p id=\"mathcadstart\"><br><strong>D\u00e9marrez MATHCAD 13<\/strong><br><img loading=\"lazy\" decoding=\"async\" width=\"500\" height=\"368\" class=\"wp-image-1141\" style=\"width: 500px;\" src=\"https:\/\/licences.grenoble.cnrs.fr\/wordpress\/wp-content\/uploads\/2025\/11\/mathcad24.png\" alt=\"\" srcset=\"https:\/\/licences.grenoble.cnrs.fr\/wordpress\/wp-content\/uploads\/2025\/11\/mathcad24.png 764w, https:\/\/licences.grenoble.cnrs.fr\/wordpress\/wp-content\/uploads\/2025\/11\/mathcad24-300x221.png 300w\" sizes=\"auto, (max-width: 500px) 100vw, 500px\" \/>.     <img loading=\"lazy\" decoding=\"async\" width=\"600\" height=\"304\" class=\"wp-image-1140\" style=\"width: 600px;\" src=\"https:\/\/licences.grenoble.cnrs.fr\/wordpress\/wp-content\/uploads\/2025\/11\/mathcad25.png\" alt=\"\" srcset=\"https:\/\/licences.grenoble.cnrs.fr\/wordpress\/wp-content\/uploads\/2025\/11\/mathcad25.png 883w, https:\/\/licences.grenoble.cnrs.fr\/wordpress\/wp-content\/uploads\/2025\/11\/mathcad25-300x152.png 300w, https:\/\/licences.grenoble.cnrs.fr\/wordpress\/wp-content\/uploads\/2025\/11\/mathcad25-768x390.png 768w\" sizes=\"auto, (max-width: 600px) 100vw, 600px\" \/><br><br><img loading=\"lazy\" decoding=\"async\" width=\"500\" height=\"437\" class=\"wp-image-1139\" style=\"width: 500px;\" src=\"https:\/\/licences.grenoble.cnrs.fr\/wordpress\/wp-content\/uploads\/2025\/11\/mathcad26.png\" alt=\"\" srcset=\"https:\/\/licences.grenoble.cnrs.fr\/wordpress\/wp-content\/uploads\/2025\/11\/mathcad26.png 622w, https:\/\/licences.grenoble.cnrs.fr\/wordpress\/wp-content\/uploads\/2025\/11\/mathcad26-300x262.png 300w\" sizes=\"auto, (max-width: 500px) 100vw, 500px\" \/><\/p>\n\n\n\n<p id=\"mathcadpatch\"><strong>Installation du patch<\/strong><br><br>Ex\u00e9cuter le fichier \u00ab mc13EN_SR1.exe \u00bb (il se trouve dans le dossier \u00ab\u00a0Patch\u00a0\u00bb du r\u00e9pertoire d&rsquo;installation<br><img loading=\"lazy\" decoding=\"async\" width=\"500\" height=\"381\" class=\"wp-image-1138\" style=\"width: 500px;\" src=\"https:\/\/licences.grenoble.cnrs.fr\/wordpress\/wp-content\/uploads\/2025\/11\/mathcad27.png\" alt=\"\" srcset=\"https:\/\/licences.grenoble.cnrs.fr\/wordpress\/wp-content\/uploads\/2025\/11\/mathcad27.png 566w, https:\/\/licences.grenoble.cnrs.fr\/wordpress\/wp-content\/uploads\/2025\/11\/mathcad27-300x228.png 300w\" sizes=\"auto, (max-width: 500px) 100vw, 500px\" \/>.         <img loading=\"lazy\" decoding=\"async\" width=\"500\" height=\"376\" class=\"wp-image-1137\" style=\"width: 500px;\" src=\"https:\/\/licences.grenoble.cnrs.fr\/wordpress\/wp-content\/uploads\/2025\/11\/mathcad28.png\" alt=\"\" srcset=\"https:\/\/licences.grenoble.cnrs.fr\/wordpress\/wp-content\/uploads\/2025\/11\/mathcad28.png 470w, https:\/\/licences.grenoble.cnrs.fr\/wordpress\/wp-content\/uploads\/2025\/11\/mathcad28-300x225.png 300w\" sizes=\"auto, (max-width: 500px) 100vw, 500px\" \/><\/p>\n","protected":false},"excerpt":{"rendered":"<p>Date de mise \u00e0 jour : 04-11-2025 &#8211;> Julien MICHEL Pr\u00e9-requis : (dans la section T\u00e9l\u00e9chargement) &#8211; T\u00e9l\u00e9charger la version [&hellip;]<\/p>\n","protected":false},"author":1,"featured_media":0,"parent":0,"menu_order":0,"comment_status":"closed","ping_status":"closed","template":"","meta":{"site-sidebar-layout":"default","site-content-layout":"","ast-site-content-layout":"default","site-content-style":"default","site-sidebar-style":"default","ast-global-header-display":"","ast-banner-title-visibility":"","ast-main-header-display":"","ast-hfb-above-header-display":"","ast-hfb-below-header-display":"","ast-hfb-mobile-header-display":"","site-post-title":"","ast-breadcrumbs-content":"","ast-featured-img":"","footer-sml-layout":"","theme-transparent-header-meta":"","adv-header-id-meta":"","stick-header-meta":"","header-above-stick-meta":"","header-main-stick-meta":"","header-below-stick-meta":"","astra-migrate-meta-layouts":"default","ast-page-background-enabled":"default","ast-page-background-meta":{"desktop":{"background-color":"var(--ast-global-color-5)","background-image":"","background-repeat":"repeat","background-position":"center center","background-size":"auto","background-attachment":"scroll","background-type":"","background-media":"","overlay-type":"","overlay-color":"","overlay-opacity":"","overlay-gradient":""},"tablet":{"background-color":"","background-image":"","background-repeat":"repeat","background-position":"center center","background-size":"auto","background-attachment":"scroll","background-type":"","background-media":"","overlay-type":"","overlay-color":"","overlay-opacity":"","overlay-gradient":""},"mobile":{"background-color":"","background-image":"","background-repeat":"repeat","background-position":"center center","background-size":"auto","background-attachment":"scroll","background-type":"","background-media":"","overlay-type":"","overlay-color":"","overlay-opacity":"","overlay-gradient":""}},"ast-content-background-meta":{"desktop":{"background-color":"var(--ast-global-color-4)","background-image":"","background-repeat":"repeat","background-position":"center center","background-size":"auto","background-attachment":"scroll","background-type":"","background-media":"","overlay-type":"","overlay-color":"","overlay-opacity":"","overlay-gradient":""},"tablet":{"background-color":"var(--ast-global-color-4)","background-image":"","background-repeat":"repeat","background-position":"center center","background-size":"auto","background-attachment":"scroll","background-type":"","background-media":"","overlay-type":"","overlay-color":"","overlay-opacity":"","overlay-gradient":""},"mobile":{"background-color":"var(--ast-global-color-4)","background-image":"","background-repeat":"repeat","background-position":"center center","background-size":"auto","background-attachment":"scroll","background-type":"","background-media":"","overlay-type":"","overlay-color":"","overlay-opacity":"","overlay-gradient":""}},"footnotes":""},"class_list":["post-1047","page","type-page","status-publish","hentry"],"_links":{"self":[{"href":"https:\/\/licences.grenoble.cnrs.fr\/wordpress\/index.php?rest_route=\/wp\/v2\/pages\/1047","targetHints":{"allow":["GET"]}}],"collection":[{"href":"https:\/\/licences.grenoble.cnrs.fr\/wordpress\/index.php?rest_route=\/wp\/v2\/pages"}],"about":[{"href":"https:\/\/licences.grenoble.cnrs.fr\/wordpress\/index.php?rest_route=\/wp\/v2\/types\/page"}],"author":[{"embeddable":true,"href":"https:\/\/licences.grenoble.cnrs.fr\/wordpress\/index.php?rest_route=\/wp\/v2\/users\/1"}],"replies":[{"embeddable":true,"href":"https:\/\/licences.grenoble.cnrs.fr\/wordpress\/index.php?rest_route=%2Fwp%2Fv2%2Fcomments&post=1047"}],"version-history":[{"count":6,"href":"https:\/\/licences.grenoble.cnrs.fr\/wordpress\/index.php?rest_route=\/wp\/v2\/pages\/1047\/revisions"}],"predecessor-version":[{"id":1170,"href":"https:\/\/licences.grenoble.cnrs.fr\/wordpress\/index.php?rest_route=\/wp\/v2\/pages\/1047\/revisions\/1170"}],"wp:attachment":[{"href":"https:\/\/licences.grenoble.cnrs.fr\/wordpress\/index.php?rest_route=%2Fwp%2Fv2%2Fmedia&parent=1047"}],"curies":[{"name":"wp","href":"https:\/\/api.w.org\/{rel}","templated":true}]}}